{"id":15750,"date":"2023-09-25T12:41:12","date_gmt":"2023-09-25T10:41:12","guid":{"rendered":"https:\/\/www.surepay.eu\/brochure-verification-of-payee\/"},"modified":"2024-10-09T11:30:58","modified_gmt":"2024-10-09T09:30:58","slug":"brochure-verification-of-payee","status":"publish","type":"page","link":"https:\/\/www.surepay.eu\/de\/brochure-verification-of-payee\/","title":{"rendered":"Brochure Verification Of Payee"},"content":{"rendered":"\t\t<div data-elementor-type=\"wp-page\" data-elementor-id=\"15750\" class=\"elementor elementor-15750\" data-elementor-post-type=\"page\">\n\t\t\t\t\t\t<section data-particle_enable=\"false\" data-particle-mobile-disabled=\"false\" class=\"elementor-section elementor-top-section elementor-element elementor-element-d408138 elementor-section-height-min-height elementor-section-items-top elementor-section-content-middle elementor-section-boxed elementor-section-height-default\" data-id=\"d408138\" data-element_type=\"section\" data-e-type=\"section\" data-settings=\"{&quot;background_background&quot;:&quot;classic&quot;}\">\n\t\t\t\t\t\t<div class=\"elementor-container elementor-column-gap-default\">\n\t\t\t\t\t<div class=\"elementor-column elementor-col-100 elementor-top-column elementor-element elementor-element-90ade71 main-1\" data-id=\"90ade71\" data-element_type=\"column\" data-e-type=\"column\">\n\t\t\t<div class=\"elementor-widget-wrap elementor-element-populated\">\n\t\t\t\t\t\t<div class=\"elementor-element elementor-element-4cb22e1 elementor-widget__width-initial elementor-widget-mobile__width-initial elementor-widget elementor-widget-heading\" data-id=\"4cb22e1\" data-element_type=\"widget\" data-e-type=\"widget\" data-widget_type=\"heading.default\">\n\t\t\t\t<div class=\"elementor-widget-container\">\n\t\t\t\t\t<h1 class=\"elementor-heading-title elementor-size-default\">Brosch\u00fcre f\u00fcr Europa<br>\nVerification Of Payee<\/h1>\t\t\t\t<\/div>\n\t\t\t\t<\/div>\n\t\t\t\t<div class=\"elementor-element elementor-element-cd9c102 elementor-widget__width-initial elementor-widget-mobile__width-initial elementor-widget elementor-widget-text-editor\" data-id=\"cd9c102\" data-element_type=\"widget\" data-e-type=\"widget\" data-widget_type=\"text-editor.default\">\n\t\t\t\t<div class=\"elementor-widget-container\">\n\t\t\t\t\t\t\t\t\t<p>Laden Sie hier unsere Brosch\u00fcre \u00fcber die europ\u00e4ische Verification Of Payee herunter.<br \/><span class=\"notion-enable-hover\" data-token-index=\"0\">Sind Sie ein Entwickler? Werfen Sie einen Blick auf unser<\/span>\u00a0<a style=\"color: #ffffff;\" href=\"https:\/\/developer.surepay.nl\/introduction\" target=\"_blank\" rel=\"noopener\">Entwicklerportal<\/a>\u00a0<img decoding=\"async\" class=\"alignnone wp-image-4652\" src=\"https:\/\/www.surepay.eu\/wp-content\/uploads\/2023\/10\/Leave-site-icon-white.png\" alt=\"\" width=\"13\" height=\"13\" \/><\/p>\t\t\t\t\t\t\t\t<\/div>\n\t\t\t\t<\/div>\n\t\t\t\t<div class=\"elementor-element elementor-element-30bc1a5 elementor-widget__width-initial elementor-widget-mobile__width-initial elementor-widget elementor-widget-hubspot-form\" data-id=\"30bc1a5\" data-element_type=\"widget\" data-e-type=\"widget\" data-widget_type=\"hubspot-form.default\">\n\t\t\t\t<div class=\"elementor-widget-container\">\n\t\t\t\t\t\n\t\t\t\t\t\t<script>\n\t\t\t\t\t\t\twindow.hsFormsOnReady = window.hsFormsOnReady || [];\n\t\t\t\t\t\t\twindow.hsFormsOnReady.push(()=>{\n\t\t\t\t\t\t\t\thbspt.forms.create({\n\t\t\t\t\t\t\t\t\tportalId: 24977011,\n\t\t\t\t\t\t\t\t\tformId: \"a4ab5395-ed82-4e30-bae8-70aa03d3694e\",\n\t\t\t\t\t\t\t\t\ttarget: \"#hbspt-form-1777162667000-1764502776\",\n\t\t\t\t\t\t\t\t\tregion: \"eu1\",\n\t\t\t\t\t\t\t\t\t\n\t\t\t\t\t\t\t})});\n\t\t\t\t\t\t<\/script>\n\t\t\t\t\t\t<div class=\"hbspt-form\" id=\"hbspt-form-1777162667000-1764502776\"><\/div>\t\t\t\t<\/div>\n\t\t\t\t<\/div>\n\t\t\t\t\t<\/div>\n\t\t<\/div>\n\t\t\t\t\t<\/div>\n\t\t<\/section>\n\t\t\t\t<section data-particle_enable=\"false\" data-particle-mobile-disabled=\"false\" class=\"elementor-section elementor-top-section elementor-element elementor-element-1d15162 HomeSec2 elementor-section-boxed elementor-section-height-default elementor-section-height-default\" data-id=\"1d15162\" data-element_type=\"section\" data-e-type=\"section\">\n\t\t\t\t\t\t<div class=\"elementor-container elementor-column-gap-wide\">\n\t\t\t\t\t<div class=\"elementor-column elementor-col-25 elementor-top-column elementor-element elementor-element-4b51f50\" data-id=\"4b51f50\" data-element_type=\"column\" data-e-type=\"column\">\n\t\t\t<div class=\"elementor-widget-wrap elementor-element-populated\">\n\t\t\t\t\t\t<div class=\"elementor-element elementor-element-7bdfde5 elementor-widget elementor-widget-image\" data-id=\"7bdfde5\" data-element_type=\"widget\" data-e-type=\"widget\" data-widget_type=\"image.default\">\n\t\t\t\t<div class=\"elementor-widget-container\">\n\t\t\t\t\t\t\t\t\t\t\t\t\t\t\t\t<a href=\"#\">\n\t\t\t\t\t\t\t<img decoding=\"async\" src=\"https:\/\/www.surepay.eu\/wp-content\/uploads\/elementor\/thumbs\/NL-EU-check-benefits-icon-56-1-qqf73nakhad53c257jsyi0uh2ny9bmhez4ule8h7ha.png\" title=\"NL-EU-check-benefits-icon-56.png\" alt=\"NL-EU-check-benefits-icon-56.png\" loading=\"lazy\" \/>\t\t\t\t\t\t\t\t<\/a>\n\t\t\t\t\t\t\t\t\t\t\t\t\t\t\t<\/div>\n\t\t\t\t<\/div>\n\t\t\t\t<div class=\"elementor-element elementor-element-e290bda elementor-widget elementor-widget-text-editor\" data-id=\"e290bda\" data-element_type=\"widget\" data-e-type=\"widget\" data-widget_type=\"text-editor.default\">\n\t\t\t\t<div class=\"elementor-widget-container\">\n\t\t\t\t\t\t\t\t\t<h5>Erfahren in der Verbindung verschiedener L\u00e4nder &amp; Regelwerke<\/h5>\t\t\t\t\t\t\t\t<\/div>\n\t\t\t\t<\/div>\n\t\t\t\t\t<\/div>\n\t\t<\/div>\n\t\t\t\t<div class=\"elementor-column elementor-col-25 elementor-top-column elementor-element elementor-element-86a4383\" data-id=\"86a4383\" data-element_type=\"column\" data-e-type=\"column\">\n\t\t\t<div class=\"elementor-widget-wrap elementor-element-populated\">\n\t\t\t\t\t\t<div class=\"elementor-element elementor-element-cd99815 elementor-widget elementor-widget-image\" data-id=\"cd99815\" data-element_type=\"widget\" data-e-type=\"widget\" data-widget_type=\"image.default\">\n\t\t\t\t<div class=\"elementor-widget-container\">\n\t\t\t\t\t\t\t\t\t\t\t\t\t\t\t\t<a href=\"#\">\n\t\t\t\t\t\t\t<img decoding=\"async\" src=\"https:\/\/www.surepay.eu\/wp-content\/uploads\/elementor\/thumbs\/NL-EU-check-benefits-icon-57-1-qqf73nakhad53c257jsyi0uh2ny9bmhez4ule8h7ha.png\" title=\"NL-EU-check-benefits-icon-57.png\" alt=\"NL-EU-check-benefits-icon-57.png\" loading=\"lazy\" \/>\t\t\t\t\t\t\t\t<\/a>\n\t\t\t\t\t\t\t\t\t\t\t\t\t\t\t<\/div>\n\t\t\t\t<\/div>\n\t\t\t\t<div class=\"elementor-element elementor-element-cc44fd0 elementor-widget elementor-widget-text-editor\" data-id=\"cc44fd0\" data-element_type=\"widget\" data-e-type=\"widget\" data-widget_type=\"text-editor.default\">\n\t\t\t\t<div class=\"elementor-widget-container\">\n\t\t\t\t\t\t\t\t\t<h5>Der fortschrittlichste Algorithmus<\/h5>\t\t\t\t\t\t\t\t<\/div>\n\t\t\t\t<\/div>\n\t\t\t\t\t<\/div>\n\t\t<\/div>\n\t\t\t\t<div class=\"elementor-column elementor-col-25 elementor-top-column elementor-element elementor-element-0f81141\" data-id=\"0f81141\" data-element_type=\"column\" data-e-type=\"column\">\n\t\t\t<div class=\"elementor-widget-wrap elementor-element-populated\">\n\t\t\t\t\t\t<div class=\"elementor-element elementor-element-3fc81ff elementor-widget elementor-widget-image\" data-id=\"3fc81ff\" data-element_type=\"widget\" data-e-type=\"widget\" data-widget_type=\"image.default\">\n\t\t\t\t<div class=\"elementor-widget-container\">\n\t\t\t\t\t\t\t\t\t\t\t\t\t\t\t\t<a href=\"#\">\n\t\t\t\t\t\t\t<img decoding=\"async\" src=\"https:\/\/www.surepay.eu\/wp-content\/uploads\/elementor\/thumbs\/NL-EU-check-benefits-icon-58-1-qqf73nakhad53c257jsyi0uh2ny9bmhez4ule8h7ha.png\" title=\"NL-EU-check-benefits-icon-58.png\" alt=\"NL-EU-check-benefits-icon-58.png\" loading=\"lazy\" \/>\t\t\t\t\t\t\t\t<\/a>\n\t\t\t\t\t\t\t\t\t\t\t\t\t\t\t<\/div>\n\t\t\t\t<\/div>\n\t\t\t\t<div class=\"elementor-element elementor-element-18c25c5 elementor-widget elementor-widget-text-editor\" data-id=\"18c25c5\" data-element_type=\"widget\" data-e-type=\"widget\" data-widget_type=\"text-editor.default\">\n\t\t\t\t<div class=\"elementor-widget-container\">\n\t\t\t\t\t\t\t\t\t<h5>Banken-Sicherheitsstandards<\/h5>\t\t\t\t\t\t\t\t<\/div>\n\t\t\t\t<\/div>\n\t\t\t\t\t<\/div>\n\t\t<\/div>\n\t\t\t\t<div class=\"elementor-column elementor-col-25 elementor-top-column elementor-element elementor-element-ff6a09b\" data-id=\"ff6a09b\" data-element_type=\"column\" data-e-type=\"column\">\n\t\t\t<div class=\"elementor-widget-wrap elementor-element-populated\">\n\t\t\t\t\t\t<div class=\"elementor-element elementor-element-385333b elementor-widget elementor-widget-image\" data-id=\"385333b\" data-element_type=\"widget\" data-e-type=\"widget\" data-widget_type=\"image.default\">\n\t\t\t\t<div class=\"elementor-widget-container\">\n\t\t\t\t\t\t\t\t\t\t\t\t\t\t\t\t<a href=\"#\">\n\t\t\t\t\t\t\t<img decoding=\"async\" src=\"https:\/\/www.surepay.eu\/wp-content\/uploads\/elementor\/thumbs\/NL-EU-check-benefits-icon-59-1-qqf73nakhad53c257jsyi0uh2ny9bmhez4ule8h7ha.png\" title=\"NL-EU-check-benefits-icon-59.png\" alt=\"NL-EU-check-benefits-icon-59.png\" loading=\"lazy\" \/>\t\t\t\t\t\t\t\t<\/a>\n\t\t\t\t\t\t\t\t\t\t\t\t\t\t\t<\/div>\n\t\t\t\t<\/div>\n\t\t\t\t<div class=\"elementor-element elementor-element-94b4cf7 elementor-widget elementor-widget-text-editor\" data-id=\"94b4cf7\" data-element_type=\"widget\" data-e-type=\"widget\" data-widget_type=\"text-editor.default\">\n\t\t\t\t<div class=\"elementor-widget-container\">\n\t\t\t\t\t\t\t\t\t<h5>Wir passen unsere L\u00f6sung an die Bed\u00fcrfnisse Ihrer Bank an<\/h5><h5>\u00a0<\/h5>\t\t\t\t\t\t\t\t<\/div>\n\t\t\t\t<\/div>\n\t\t\t\t\t<\/div>\n\t\t<\/div>\n\t\t\t\t\t<\/div>\n\t\t<\/section>\n\t\t\t\t<section data-particle_enable=\"false\" data-particle-mobile-disabled=\"false\" class=\"elementor-section elementor-top-section elementor-element elementor-element-14cdc96 BgFull elementor-section-boxed elementor-section-height-default elementor-section-height-default\" data-id=\"14cdc96\" data-element_type=\"section\" data-e-type=\"section\" data-settings=\"{&quot;background_background&quot;:&quot;classic&quot;}\">\n\t\t\t\t\t\t<div class=\"elementor-container elementor-column-gap-default\">\n\t\t\t\t\t<div class=\"elementor-column elementor-col-100 elementor-top-column elementor-element elementor-element-de0b16a\" data-id=\"de0b16a\" data-element_type=\"column\" data-e-type=\"column\">\n\t\t\t<div class=\"elementor-widget-wrap elementor-element-populated\">\n\t\t\t\t\t\t<div class=\"elementor-element elementor-element-4033691 elementor-widget elementor-widget-heading\" data-id=\"4033691\" data-element_type=\"widget\" data-e-type=\"widget\" data-widget_type=\"heading.default\">\n\t\t\t\t<div class=\"elementor-widget-container\">\n\t\t\t\t\t<h3 class=\"elementor-heading-title elementor-size-default\">M\u00f6chten Sie mehr erfahren?<\/h3>\t\t\t\t<\/div>\n\t\t\t\t<\/div>\n\t\t\t\t<section data-particle_enable=\"false\" data-particle-mobile-disabled=\"false\" class=\"elementor-section elementor-inner-section elementor-element elementor-element-71e077d elementor-section-boxed elementor-section-height-default elementor-section-height-default elementor-invisible\" data-id=\"71e077d\" data-element_type=\"section\" data-e-type=\"section\" data-settings=\"{&quot;animation&quot;:&quot;fadeInUp&quot;}\">\n\t\t\t\t\t\t<div class=\"elementor-container elementor-column-gap-no\">\n\t\t\t\t\t<div class=\"elementor-column elementor-col-50 elementor-inner-column elementor-element elementor-element-d560d3c\" data-id=\"d560d3c\" data-element_type=\"column\" data-e-type=\"column\" data-settings=\"{&quot;background_background&quot;:&quot;classic&quot;}\">\n\t\t\t<div class=\"elementor-widget-wrap elementor-element-populated\">\n\t\t\t\t\t\t<div class=\"elementor-element elementor-element-9a85667 elementor-widget elementor-widget-text-editor\" data-id=\"9a85667\" data-element_type=\"widget\" data-e-type=\"widget\" data-widget_type=\"text-editor.default\">\n\t\t\t\t<div class=\"elementor-widget-container\">\n\t\t\t\t\t\t\t\t\t<h5>Vereinbaren Sie einen Termin mit uns<\/h5>\t\t\t\t\t\t\t\t<\/div>\n\t\t\t\t<\/div>\n\t\t\t\t<div class=\"elementor-element elementor-element-cca7630 elementor-widget elementor-widget-text-editor\" data-id=\"cca7630\" data-element_type=\"widget\" data-e-type=\"widget\" data-widget_type=\"text-editor.default\">\n\t\t\t\t<div class=\"elementor-widget-container\">\n\t\t\t\t\t\t\t\t\t<p><a href=\"https:\/\/www.surepay.eu\/de\/buchen-sie-ein-meeting\/\" target=\"_blank\" rel=\"noopener\">Vereinbaren Sie ein Meeting<\/a> \u00a0<a href=\"https:\/\/www.surepay.eu\/meet-lotte\" target=\"_blank\" rel=\"noopener\"><img decoding=\"async\" class=\"alignnone wp-image-3819\" src=\"https:\/\/www.surepay.eu\/wp-content\/uploads\/2023\/10\/Leave-site-icon-150x150.png\" alt=\"\" width=\"12\" height=\"12\" srcset=\"https:\/\/www.surepay.eu\/wp-content\/uploads\/2023\/10\/Leave-site-icon-150x150.png 150w, https:\/\/www.surepay.eu\/wp-content\/uploads\/2023\/10\/Leave-site-icon.png 258w\" sizes=\"(max-width: 12px) 100vw, 12px\" \/><\/a><\/p>\t\t\t\t\t\t\t\t<\/div>\n\t\t\t\t<\/div>\n\t\t\t\t\t<\/div>\n\t\t<\/div>\n\t\t\t\t<div class=\"elementor-column elementor-col-50 elementor-inner-column elementor-element elementor-element-e02bb56\" data-id=\"e02bb56\" data-element_type=\"column\" data-e-type=\"column\" data-settings=\"{&quot;background_background&quot;:&quot;classic&quot;}\">\n\t\t\t<div class=\"elementor-widget-wrap elementor-element-populated\">\n\t\t\t\t\t\t<div class=\"elementor-element elementor-element-c62499d elementor-widget elementor-widget-text-editor\" data-id=\"c62499d\" data-element_type=\"widget\" data-e-type=\"widget\" data-widget_type=\"text-editor.default\">\n\t\t\t\t<div class=\"elementor-widget-container\">\n\t\t\t\t\t\t\t\t\t<h5>Lesen Sie mehr \u00fcber unsere europ\u00e4ische Verification Of Payee L\u00f6sung<\/h5>\t\t\t\t\t\t\t\t<\/div>\n\t\t\t\t<\/div>\n\t\t\t\t<div class=\"elementor-element elementor-element-ecdbcd9 elementor-widget elementor-widget-text-editor\" data-id=\"ecdbcd9\" data-element_type=\"widget\" data-e-type=\"widget\" data-widget_type=\"text-editor.default\">\n\t\t\t\t<div class=\"elementor-widget-container\">\n\t\t\t\t\t\t\t\t\t<p><a href=\"https:\/\/www.surepay.eu\/de\/verification-of-payee-api\/\" target=\"_blank\" rel=\"noopener\">Mehr Information\u00a0 \u2192<\/a><\/p>\t\t\t\t\t\t\t\t<\/div>\n\t\t\t\t<\/div>\n\t\t\t\t\t<\/div>\n\t\t<\/div>\n\t\t\t\t\t<\/div>\n\t\t<\/section>\n\t\t\t\t\t<\/div>\n\t\t<\/div>\n\t\t\t\t\t<\/div>\n\t\t<\/section>\n\t\t\t\t<\/div>\n\t\t","protected":false},"excerpt":{"rendered":"<p>Brosch\u00fcre f\u00fcr Europa Verification Of Payee Laden Sie hier unsere Brosch\u00fcre \u00fcber die europ\u00e4ische Verification Of Payee herunter.Sind Sie ein Entwickler? Werfen Sie einen Blick auf unser\u00a0Entwicklerportal\u00a0 Erfahren in der Verbindung verschiedener L\u00e4nder &amp; Regelwerke Der fortschrittlichste Algorithmus Banken-Sicherheitsstandards Wir passen unsere L\u00f6sung an die Bed\u00fcrfnisse Ihrer Bank an \u00a0 M\u00f6chten Sie mehr erfahren? Vereinbaren [&hellip;]<\/p>\n","protected":false},"author":4,"featured_media":0,"parent":0,"menu_order":0,"comment_status":"closed","ping_status":"closed","template":"","meta":{"_acf_changed":false,"content-type":"","inline_featured_image":false,"footnotes":""},"class_list":["post-15750","page","type-page","status-publish","hentry"],"acf":[],"yoast_head":"<!-- This site is optimized with the Yoast SEO plugin v27.4 - https:\/\/yoast.com\/product\/yoast-seo-wordpress\/ -->\n<title>SurePay Verification Of Payee: Prevent Payment Fraud<\/title>\n<meta name=\"description\" content=\"Discover how SurePay&#039;s Verification Of Payee solution enhances payment security, prevents fraud, and ensures compliance with PSD3 regulations. Learn more today.\" \/>\n<meta name=\"robots\" content=\"index, follow, max-snippet:-1, max-image-preview:large, max-video-preview:-1\" \/>\n<link rel=\"canonical\" href=\"https:\/\/www.surepay.eu\/de\/brochure-verification-of-payee\/\" \/>\n<meta property=\"og:locale\" content=\"de_DE\" \/>\n<meta property=\"og:type\" content=\"article\" \/>\n<meta property=\"og:title\" content=\"SurePay Verification Of Payee: Prevent Payment Fraud\" \/>\n<meta property=\"og:description\" content=\"Discover how SurePay&#039;s Verification Of Payee solution enhances payment security, prevents fraud, and ensures compliance with PSD3 regulations. Learn more today.\" \/>\n<meta property=\"og:url\" content=\"https:\/\/www.surepay.eu\/de\/brochure-verification-of-payee\/\" \/>\n<meta property=\"og:site_name\" content=\"SurePay\" \/>\n<meta property=\"article:publisher\" content=\"https:\/\/m.facebook.com\/p\/SurePay-100071898237241\/\" \/>\n<meta property=\"article:modified_time\" content=\"2024-10-09T09:30:58+00:00\" \/>\n<meta property=\"og:image\" content=\"https:\/\/www.surepay.eu\/wp-content\/uploads\/2023\/10\/Leave-site-icon-white.png\" \/>\n<meta name=\"twitter:card\" content=\"summary_large_image\" \/>\n<meta name=\"twitter:site\" content=\"@SurePayNL\" \/>\n<meta name=\"twitter:label1\" content=\"Gesch\u00e4tzte Lesezeit\" \/>\n\t<meta name=\"twitter:data1\" content=\"2\u00a0Minuten\" \/>\n<script type=\"application\/ld+json\" class=\"yoast-schema-graph\">{\"@context\":\"https:\\\/\\\/schema.org\",\"@graph\":[{\"@type\":\"WebPage\",\"@id\":\"https:\\\/\\\/www.surepay.eu\\\/de\\\/brochure-verification-of-payee\\\/\",\"url\":\"https:\\\/\\\/www.surepay.eu\\\/de\\\/brochure-verification-of-payee\\\/\",\"name\":\"SurePay Verification Of Payee: Prevent Payment Fraud\",\"isPartOf\":{\"@id\":\"https:\\\/\\\/www.surepay.eu\\\/de\\\/#website\"},\"primaryImageOfPage\":{\"@id\":\"https:\\\/\\\/www.surepay.eu\\\/de\\\/brochure-verification-of-payee\\\/#primaryimage\"},\"image\":{\"@id\":\"https:\\\/\\\/www.surepay.eu\\\/de\\\/brochure-verification-of-payee\\\/#primaryimage\"},\"thumbnailUrl\":\"https:\\\/\\\/www.surepay.eu\\\/wp-content\\\/uploads\\\/2023\\\/10\\\/Leave-site-icon-white.png\",\"datePublished\":\"2023-09-25T10:41:12+00:00\",\"dateModified\":\"2024-10-09T09:30:58+00:00\",\"description\":\"Discover how SurePay's Verification Of Payee solution enhances payment security, prevents fraud, and ensures compliance with PSD3 regulations. Learn more today.\",\"breadcrumb\":{\"@id\":\"https:\\\/\\\/www.surepay.eu\\\/de\\\/brochure-verification-of-payee\\\/#breadcrumb\"},\"inLanguage\":\"de\",\"potentialAction\":[{\"@type\":\"ReadAction\",\"target\":[\"https:\\\/\\\/www.surepay.eu\\\/de\\\/brochure-verification-of-payee\\\/\"]}]},{\"@type\":\"ImageObject\",\"inLanguage\":\"de\",\"@id\":\"https:\\\/\\\/www.surepay.eu\\\/de\\\/brochure-verification-of-payee\\\/#primaryimage\",\"url\":\"https:\\\/\\\/www.surepay.eu\\\/wp-content\\\/uploads\\\/2023\\\/10\\\/Leave-site-icon-white.png\",\"contentUrl\":\"https:\\\/\\\/www.surepay.eu\\\/wp-content\\\/uploads\\\/2023\\\/10\\\/Leave-site-icon-white.png\"},{\"@type\":\"BreadcrumbList\",\"@id\":\"https:\\\/\\\/www.surepay.eu\\\/de\\\/brochure-verification-of-payee\\\/#breadcrumb\",\"itemListElement\":[{\"@type\":\"ListItem\",\"position\":1,\"name\":\"Home\",\"item\":\"https:\\\/\\\/www.surepay.eu\\\/de\\\/\"},{\"@type\":\"ListItem\",\"position\":2,\"name\":\"Brochure Verification Of Payee\"}]},{\"@type\":\"WebSite\",\"@id\":\"https:\\\/\\\/www.surepay.eu\\\/de\\\/#website\",\"url\":\"https:\\\/\\\/www.surepay.eu\\\/de\\\/\",\"name\":\"SurePay\",\"description\":\"SurePay - maakt betalen persoonlijker en nog veiliger\",\"publisher\":{\"@id\":\"https:\\\/\\\/www.surepay.eu\\\/de\\\/#organization\"},\"potentialAction\":[{\"@type\":\"SearchAction\",\"target\":{\"@type\":\"EntryPoint\",\"urlTemplate\":\"https:\\\/\\\/www.surepay.eu\\\/de\\\/?s={search_term_string}\"},\"query-input\":{\"@type\":\"PropertyValueSpecification\",\"valueRequired\":true,\"valueName\":\"search_term_string\"}}],\"inLanguage\":\"de\"},{\"@type\":\"Organization\",\"@id\":\"https:\\\/\\\/www.surepay.eu\\\/de\\\/#organization\",\"name\":\"SurePay\",\"url\":\"https:\\\/\\\/www.surepay.eu\\\/de\\\/\",\"logo\":{\"@type\":\"ImageObject\",\"inLanguage\":\"de\",\"@id\":\"https:\\\/\\\/www.surepay.eu\\\/de\\\/#\\\/schema\\\/logo\\\/image\\\/\",\"url\":\"https:\\\/\\\/www.surepay.eu\\\/wp-content\\\/uploads\\\/2023\\\/08\\\/surepay_logo.png\",\"contentUrl\":\"https:\\\/\\\/www.surepay.eu\\\/wp-content\\\/uploads\\\/2023\\\/08\\\/surepay_logo.png\",\"width\":896,\"height\":184,\"caption\":\"SurePay\"},\"image\":{\"@id\":\"https:\\\/\\\/www.surepay.eu\\\/de\\\/#\\\/schema\\\/logo\\\/image\\\/\"},\"sameAs\":[\"https:\\\/\\\/m.facebook.com\\\/p\\\/SurePay-100071898237241\\\/\",\"https:\\\/\\\/x.com\\\/SurePayNL\",\"https:\\\/\\\/nl.linkedin.com\\\/company\\\/surepaynl\",\"https:\\\/\\\/www.instagram.com\\\/surepay_nl\\\/\"]}]}<\/script>\n<!-- \/ Yoast SEO plugin. -->","yoast_head_json":{"title":"SurePay Verification Of Payee: Prevent Payment Fraud","description":"Discover how SurePay's Verification Of Payee solution enhances payment security, prevents fraud, and ensures compliance with PSD3 regulations. Learn more today.","robots":{"index":"index","follow":"follow","max-snippet":"max-snippet:-1","max-image-preview":"max-image-preview:large","max-video-preview":"max-video-preview:-1"},"canonical":"https:\/\/www.surepay.eu\/de\/brochure-verification-of-payee\/","og_locale":"de_DE","og_type":"article","og_title":"SurePay Verification Of Payee: Prevent Payment Fraud","og_description":"Discover how SurePay's Verification Of Payee solution enhances payment security, prevents fraud, and ensures compliance with PSD3 regulations. Learn more today.","og_url":"https:\/\/www.surepay.eu\/de\/brochure-verification-of-payee\/","og_site_name":"SurePay","article_publisher":"https:\/\/m.facebook.com\/p\/SurePay-100071898237241\/","article_modified_time":"2024-10-09T09:30:58+00:00","og_image":[{"url":"https:\/\/www.surepay.eu\/wp-content\/uploads\/2023\/10\/Leave-site-icon-white.png","type":"","width":"","height":""}],"twitter_card":"summary_large_image","twitter_site":"@SurePayNL","twitter_misc":{"Gesch\u00e4tzte Lesezeit":"2\u00a0Minuten"},"schema":{"@context":"https:\/\/schema.org","@graph":[{"@type":"WebPage","@id":"https:\/\/www.surepay.eu\/de\/brochure-verification-of-payee\/","url":"https:\/\/www.surepay.eu\/de\/brochure-verification-of-payee\/","name":"SurePay Verification Of Payee: Prevent Payment Fraud","isPartOf":{"@id":"https:\/\/www.surepay.eu\/de\/#website"},"primaryImageOfPage":{"@id":"https:\/\/www.surepay.eu\/de\/brochure-verification-of-payee\/#primaryimage"},"image":{"@id":"https:\/\/www.surepay.eu\/de\/brochure-verification-of-payee\/#primaryimage"},"thumbnailUrl":"https:\/\/www.surepay.eu\/wp-content\/uploads\/2023\/10\/Leave-site-icon-white.png","datePublished":"2023-09-25T10:41:12+00:00","dateModified":"2024-10-09T09:30:58+00:00","description":"Discover how SurePay's Verification Of Payee solution enhances payment security, prevents fraud, and ensures compliance with PSD3 regulations. Learn more today.","breadcrumb":{"@id":"https:\/\/www.surepay.eu\/de\/brochure-verification-of-payee\/#breadcrumb"},"inLanguage":"de","potentialAction":[{"@type":"ReadAction","target":["https:\/\/www.surepay.eu\/de\/brochure-verification-of-payee\/"]}]},{"@type":"ImageObject","inLanguage":"de","@id":"https:\/\/www.surepay.eu\/de\/brochure-verification-of-payee\/#primaryimage","url":"https:\/\/www.surepay.eu\/wp-content\/uploads\/2023\/10\/Leave-site-icon-white.png","contentUrl":"https:\/\/www.surepay.eu\/wp-content\/uploads\/2023\/10\/Leave-site-icon-white.png"},{"@type":"BreadcrumbList","@id":"https:\/\/www.surepay.eu\/de\/brochure-verification-of-payee\/#breadcrumb","itemListElement":[{"@type":"ListItem","position":1,"name":"Home","item":"https:\/\/www.surepay.eu\/de\/"},{"@type":"ListItem","position":2,"name":"Brochure Verification Of Payee"}]},{"@type":"WebSite","@id":"https:\/\/www.surepay.eu\/de\/#website","url":"https:\/\/www.surepay.eu\/de\/","name":"SurePay","description":"SurePay - maakt betalen persoonlijker en nog veiliger","publisher":{"@id":"https:\/\/www.surepay.eu\/de\/#organization"},"potentialAction":[{"@type":"SearchAction","target":{"@type":"EntryPoint","urlTemplate":"https:\/\/www.surepay.eu\/de\/?s={search_term_string}"},"query-input":{"@type":"PropertyValueSpecification","valueRequired":true,"valueName":"search_term_string"}}],"inLanguage":"de"},{"@type":"Organization","@id":"https:\/\/www.surepay.eu\/de\/#organization","name":"SurePay","url":"https:\/\/www.surepay.eu\/de\/","logo":{"@type":"ImageObject","inLanguage":"de","@id":"https:\/\/www.surepay.eu\/de\/#\/schema\/logo\/image\/","url":"https:\/\/www.surepay.eu\/wp-content\/uploads\/2023\/08\/surepay_logo.png","contentUrl":"https:\/\/www.surepay.eu\/wp-content\/uploads\/2023\/08\/surepay_logo.png","width":896,"height":184,"caption":"SurePay"},"image":{"@id":"https:\/\/www.surepay.eu\/de\/#\/schema\/logo\/image\/"},"sameAs":["https:\/\/m.facebook.com\/p\/SurePay-100071898237241\/","https:\/\/x.com\/SurePayNL","https:\/\/nl.linkedin.com\/company\/surepaynl","https:\/\/www.instagram.com\/surepay_nl\/"]}]}},"_links":{"self":[{"href":"https:\/\/www.surepay.eu\/de\/wp-json\/wp\/v2\/pages\/15750","targetHints":{"allow":["GET"]}}],"collection":[{"href":"https:\/\/www.surepay.eu\/de\/wp-json\/wp\/v2\/pages"}],"about":[{"href":"https:\/\/www.surepay.eu\/de\/wp-json\/wp\/v2\/types\/page"}],"author":[{"embeddable":true,"href":"https:\/\/www.surepay.eu\/de\/wp-json\/wp\/v2\/users\/4"}],"replies":[{"embeddable":true,"href":"https:\/\/www.surepay.eu\/de\/wp-json\/wp\/v2\/comments?post=15750"}],"version-history":[{"count":0,"href":"https:\/\/www.surepay.eu\/de\/wp-json\/wp\/v2\/pages\/15750\/revisions"}],"wp:attachment":[{"href":"https:\/\/www.surepay.eu\/de\/wp-json\/wp\/v2\/media?parent=15750"}],"curies":[{"name":"wp","href":"https:\/\/api.w.org\/{rel}","templated":true}]}}