{"id":16823,"date":"2024-04-05T12:35:16","date_gmt":"2024-04-05T10:35:16","guid":{"rendered":"https:\/\/www.surepay.eu\/additional-services\/"},"modified":"2025-04-25T15:31:51","modified_gmt":"2025-04-25T13:31:51","slug":"zusaetzliche-services","status":"publish","type":"page","link":"https:\/\/www.surepay.eu\/de\/zusaetzliche-services\/","title":{"rendered":"Zus\u00e4tzliche Services"},"content":{"rendered":"\t\t<div data-elementor-type=\"wp-page\" data-elementor-id=\"16823\" class=\"elementor elementor-16823 elementor-10395\" data-elementor-post-type=\"page\">\n\t\t\t\t\t\t<section data-particle_enable=\"false\" data-particle-mobile-disabled=\"false\" class=\"elementor-section elementor-top-section elementor-element elementor-element-6347b9e elementor-section-height-min-height elementor-section-items-top elementor-section-content-middle elementor-section-boxed elementor-section-height-default\" data-id=\"6347b9e\" data-element_type=\"section\" data-e-type=\"section\" data-settings=\"{&quot;background_background&quot;:&quot;gradient&quot;,&quot;shape_divider_bottom&quot;:&quot;waves&quot;}\">\n\t\t\t\t\t<div class=\"elementor-shape elementor-shape-bottom\" aria-hidden=\"true\" data-negative=\"false\">\n\t\t\t<svg xmlns=\"http:\/\/www.w3.org\/2000\/svg\" viewBox=\"0 0 1000 100\" preserveAspectRatio=\"none\">\n\t<path class=\"elementor-shape-fill\" d=\"M421.9,6.5c22.6-2.5,51.5,0.4,75.5,5.3c23.6,4.9,70.9,23.5,100.5,35.7c75.8,32.2,133.7,44.5,192.6,49.7\n\tc23.6,2.1,48.7,3.5,103.4-2.5c54.7-6,106.2-25.6,106.2-25.6V0H0v30.3c0,0,72,32.6,158.4,30.5c39.2-0.7,92.8-6.7,134-22.4\n\tc21.2-8.1,52.2-18.2,79.7-24.2C399.3,7.9,411.6,7.5,421.9,6.5z\"\/>\n<\/svg>\t\t<\/div>\n\t\t\t\t\t<div class=\"elementor-container elementor-column-gap-default\">\n\t\t\t\t\t<div class=\"elementor-column elementor-col-100 elementor-top-column elementor-element elementor-element-70c9507 main-1\" data-id=\"70c9507\" data-element_type=\"column\" data-e-type=\"column\">\n\t\t\t<div class=\"elementor-widget-wrap elementor-element-populated\">\n\t\t\t\t\t\t<div class=\"elementor-element elementor-element-c35981a elementor-widget elementor-widget-heading\" data-id=\"c35981a\" data-element_type=\"widget\" data-e-type=\"widget\" data-widget_type=\"heading.default\">\n\t\t\t\t<div class=\"elementor-widget-container\">\n\t\t\t\t\t<h1 class=\"elementor-heading-title elementor-size-default\">Zus\u00e4tzliche Services<\/span><\/h1>\t\t\t\t<\/div>\n\t\t\t\t<\/div>\n\t\t\t\t<div class=\"elementor-element elementor-element-d9a8f4d elementor-widget elementor-widget-heading\" data-id=\"d9a8f4d\" data-element_type=\"widget\" data-e-type=\"widget\" data-widget_type=\"heading.default\">\n\t\t\t\t<div class=\"elementor-widget-container\">\n\t\t\t\t\t<h2 class=\"elementor-heading-title elementor-size-default\">Verification Of Payee Add-ons f\u00fcr Banken &amp; PSPs<\/h2>\t\t\t\t<\/div>\n\t\t\t\t<\/div>\n\t\t\t\t\t<\/div>\n\t\t<\/div>\n\t\t\t\t\t<\/div>\n\t\t<\/section>\n\t\t\t\t<section data-particle_enable=\"false\" data-particle-mobile-disabled=\"false\" class=\"elementor-section elementor-top-section elementor-element elementor-element-9cf3f2a OnzeSection BgFull elementor-section-boxed elementor-section-height-default elementor-section-height-default\" data-id=\"9cf3f2a\" data-element_type=\"section\" data-e-type=\"section\" data-settings=\"{&quot;background_background&quot;:&quot;classic&quot;}\">\n\t\t\t\t\t\t<div class=\"elementor-container elementor-column-gap-default\">\n\t\t\t\t\t<div class=\"elementor-column elementor-col-100 elementor-top-column elementor-element elementor-element-5afe373\" data-id=\"5afe373\" data-element_type=\"column\" data-e-type=\"column\">\n\t\t\t<div class=\"elementor-widget-wrap elementor-element-populated\">\n\t\t\t\t\t\t<section data-particle_enable=\"false\" data-particle-mobile-disabled=\"false\" class=\"elementor-section elementor-inner-section elementor-element elementor-element-31bd2e2 elementor-section-boxed elementor-section-height-default elementor-section-height-default elementor-invisible\" data-id=\"31bd2e2\" data-element_type=\"section\" data-e-type=\"section\" data-settings=\"{&quot;animation&quot;:&quot;fadeInUp&quot;}\">\n\t\t\t\t\t\t<div class=\"elementor-container elementor-column-gap-custom\">\n\t\t\t\t\t<div class=\"elementor-column elementor-col-33 elementor-inner-column elementor-element elementor-element-8d24eec elementor-hidden-mobile\" data-id=\"8d24eec\" data-element_type=\"column\" data-e-type=\"column\" data-settings=\"{&quot;background_background&quot;:&quot;classic&quot;}\">\n\t\t\t<div class=\"elementor-widget-wrap elementor-element-populated\">\n\t\t\t\t\t\t<div class=\"elementor-element elementor-element-488aa9e elementor-widget elementor-widget-image\" data-id=\"488aa9e\" data-element_type=\"widget\" data-e-type=\"widget\" data-widget_type=\"image.default\">\n\t\t\t\t<div class=\"elementor-widget-container\">\n\t\t\t\t\t\t\t\t\t\t\t\t\t\t\t<img fetchpriority=\"high\" decoding=\"async\" width=\"250\" height=\"250\" src=\"https:\/\/www.surepay.eu\/wp-content\/uploads\/2023\/10\/Add-on-icons-benefits-63.png\" class=\"attachment-medium size-medium wp-image-3836\" alt=\"\" srcset=\"https:\/\/www.surepay.eu\/wp-content\/uploads\/2023\/10\/Add-on-icons-benefits-63.png 250w, https:\/\/www.surepay.eu\/wp-content\/uploads\/2023\/10\/Add-on-icons-benefits-63-150x150.png 150w\" sizes=\"(max-width: 250px) 100vw, 250px\" \/>\t\t\t\t\t\t\t\t\t\t\t\t\t\t\t<\/div>\n\t\t\t\t<\/div>\n\t\t\t\t<div class=\"elementor-element elementor-element-da64c23 elementor-widget elementor-widget-text-editor\" data-id=\"da64c23\" data-element_type=\"widget\" data-e-type=\"widget\" data-widget_type=\"text-editor.default\">\n\t\t\t\t<div class=\"elementor-widget-container\">\n\t\t\t\t\t\t\t\t\t<h5>PayID<\/h5>\t\t\t\t\t\t\t\t<\/div>\n\t\t\t\t<\/div>\n\t\t\t\t<div class=\"elementor-element elementor-element-ee9b1af elementor-widget elementor-widget-text-editor\" data-id=\"ee9b1af\" data-element_type=\"widget\" data-e-type=\"widget\" data-widget_type=\"text-editor.default\">\n\t\t\t\t<div class=\"elementor-widget-container\">\n\t\t\t\t\t\t\t\t\tMit SurePay PayID k\u00f6nnen Ihre Kunden jetzt einfach und sicher in Ihrer Banking App an Freunde und Bekannte auf ihrer Kontaktliste zahlen. In Zukunft werden wir weitere Identifikationsm\u00f6glichkeiten zu diesem Dienst hinzuf\u00fcgen. SurePay PayID nutzt daf\u00fcr den intelligenten Verification Of Payee Algorithmus.<br><br>\n\n<a href=\"https:\/\/www.surepay.eu\/payid\/\">Weiterlesen\u00a0 \u2192\u00a0<\/a>\t\t\t\t\t\t\t\t<\/div>\n\t\t\t\t<\/div>\n\t\t\t\t\t<\/div>\n\t\t<\/div>\n\t\t\t\t<div class=\"elementor-column elementor-col-33 elementor-inner-column elementor-element elementor-element-b2b419d elementor-hidden-mobile\" data-id=\"b2b419d\" data-element_type=\"column\" data-e-type=\"column\" data-settings=\"{&quot;background_background&quot;:&quot;classic&quot;}\">\n\t\t\t<div class=\"elementor-widget-wrap elementor-element-populated\">\n\t\t\t\t\t\t<div class=\"elementor-element elementor-element-84d454c elementor-widget elementor-widget-image\" data-id=\"84d454c\" data-element_type=\"widget\" data-e-type=\"widget\" data-widget_type=\"image.default\">\n\t\t\t\t<div class=\"elementor-widget-container\">\n\t\t\t\t\t\t\t\t\t\t\t\t\t\t\t<img decoding=\"async\" width=\"250\" height=\"250\" src=\"https:\/\/www.surepay.eu\/wp-content\/uploads\/2023\/10\/Add-on-icons-benefits-62-1.png\" class=\"attachment-medium size-medium wp-image-3833\" alt=\"\" srcset=\"https:\/\/www.surepay.eu\/wp-content\/uploads\/2023\/10\/Add-on-icons-benefits-62-1.png 250w, https:\/\/www.surepay.eu\/wp-content\/uploads\/2023\/10\/Add-on-icons-benefits-62-1-150x150.png 150w\" sizes=\"(max-width: 250px) 100vw, 250px\" \/>\t\t\t\t\t\t\t\t\t\t\t\t\t\t\t<\/div>\n\t\t\t\t<\/div>\n\t\t\t\t<div class=\"elementor-element elementor-element-7e6e989 elementor-widget elementor-widget-text-editor\" data-id=\"7e6e989\" data-element_type=\"widget\" data-e-type=\"widget\" data-widget_type=\"text-editor.default\">\n\t\t\t\t<div class=\"elementor-widget-container\">\n\t\t\t\t\t\t\t\t\t<h5>Fraud Risk Indicator<\/h5>\t\t\t\t\t\t\t\t<\/div>\n\t\t\t\t<\/div>\n\t\t\t\t<div class=\"elementor-element elementor-element-7c5bf91 elementor-widget elementor-widget-text-editor\" data-id=\"7c5bf91\" data-element_type=\"widget\" data-e-type=\"widget\" data-widget_type=\"text-editor.default\">\n\t\t\t\t<div class=\"elementor-widget-container\">\n\t\t\t\t\t\t\t\t\tDer Fraud Risk Indicator liefert zus\u00e4tzliche Datenpunkte. Dabei handelt es sich um Risikoindikatoren, mit deren Hilfe die Bank feststellen kann, ob ein erh\u00f6htes oder ein verringertes Betrugsrisiko besteht. <br><br>\n\n\n<a href=\"https:\/\/www.surepay.eu\/fraud-risk-indicator\/\" target=\"_blank\" rel=\"noopener\">Weiterlesen\u00a0 \u2192\u00a0<\/a>\t\t\t\t\t\t\t\t<\/div>\n\t\t\t\t<\/div>\n\t\t\t\t\t<\/div>\n\t\t<\/div>\n\t\t\t\t<div class=\"elementor-column elementor-col-33 elementor-inner-column elementor-element elementor-element-0362d49\" data-id=\"0362d49\" data-element_type=\"column\" data-e-type=\"column\" data-settings=\"{&quot;background_background&quot;:&quot;classic&quot;}\">\n\t\t\t<div class=\"elementor-widget-wrap elementor-element-populated\">\n\t\t\t\t\t\t<div class=\"elementor-element elementor-element-199cd85 elementor-widget elementor-widget-image\" data-id=\"199cd85\" data-element_type=\"widget\" data-e-type=\"widget\" data-widget_type=\"image.default\">\n\t\t\t\t<div class=\"elementor-widget-container\">\n\t\t\t\t\t\t\t\t\t\t\t\t\t\t\t<img decoding=\"async\" width=\"250\" height=\"250\" src=\"https:\/\/www.surepay.eu\/wp-content\/uploads\/2024\/02\/Add-on-icons-benefits-60.webp\" class=\"attachment-medium size-medium wp-image-7855\" alt=\"\" srcset=\"https:\/\/www.surepay.eu\/wp-content\/uploads\/2024\/02\/Add-on-icons-benefits-60.webp 250w, https:\/\/www.surepay.eu\/wp-content\/uploads\/2024\/02\/Add-on-icons-benefits-60-150x150.webp 150w\" sizes=\"(max-width: 250px) 100vw, 250px\" \/>\t\t\t\t\t\t\t\t\t\t\t\t\t\t\t<\/div>\n\t\t\t\t<\/div>\n\t\t\t\t<div class=\"elementor-element elementor-element-42d2aab elementor-widget elementor-widget-text-editor\" data-id=\"42d2aab\" data-element_type=\"widget\" data-e-type=\"widget\" data-widget_type=\"text-editor.default\">\n\t\t\t\t<div class=\"elementor-widget-container\">\n\t\t\t\t\t\t\t\t\t<div class=\"elementor-element elementor-element-61d40e1 elementor-widget elementor-widget-text-editor\" data-id=\"61d40e1\" data-element_type=\"widget\" data-widget_type=\"text-editor.default\"><div class=\"elementor-widget-container\"><h5>Switch Check<\/h5><\/div><\/div>\t\t\t\t\t\t\t\t<\/div>\n\t\t\t\t<\/div>\n\t\t\t\t<div class=\"elementor-element elementor-element-3644ced elementor-widget elementor-widget-text-editor\" data-id=\"3644ced\" data-element_type=\"widget\" data-e-type=\"widget\" data-widget_type=\"text-editor.default\">\n\t\t\t\t<div class=\"elementor-widget-container\">\n\t\t\t\t\t\t\t\t\tWenn eine Bank den SurePay Switch Check verwendet, wird der Zahler benachrichtigt, wenn der Zahlungsempf\u00e4nger zu einer anderen Bank gewechselt ist. Auf diese Weise kann er sofort an die neue IBAN zahlen und sein Adressbuch aktualisieren. Das beschleunigt die \u00dcbernahme neuer Kontonummern.<br><Br>\n\n<a href=\"https:\/\/www.surepay.eu\/switch-check\/\">Weiterlesen\u00a0 \u2192\u00a0<\/a>\t\t\t\t\t\t\t\t<\/div>\n\t\t\t\t<\/div>\n\t\t\t\t\t<\/div>\n\t\t<\/div>\n\t\t\t\t\t<\/div>\n\t\t<\/section>\n\t\t\t\t\t<\/div>\n\t\t<\/div>\n\t\t\t\t\t<\/div>\n\t\t<\/section>\n\t\t\t\t<\/div>\n\t\t","protected":false},"excerpt":{"rendered":"<p>Zus\u00e4tzliche Services Verification Of Payee Add-ons f\u00fcr Banken &#038; PSPs PayID Mit SurePay PayID k\u00f6nnen Ihre Kunden jetzt einfach und sicher in Ihrer Banking App an Freunde und Bekannte auf ihrer Kontaktliste zahlen. In Zukunft werden wir weitere Identifikationsm\u00f6glichkeiten zu diesem Dienst hinzuf\u00fcgen. SurePay PayID nutzt daf\u00fcr den intelligenten Verification Of Payee Algorithmus. Weiterlesen\u00a0 \u2192\u00a0 [&hellip;]<\/p>\n","protected":false},"author":4,"featured_media":0,"parent":0,"menu_order":0,"comment_status":"closed","ping_status":"closed","template":"","meta":{"_acf_changed":false,"content-type":"","inline_featured_image":false,"footnotes":""},"class_list":["post-16823","page","type-page","status-publish","hentry"],"acf":[],"yoast_head":"<!-- This site is optimized with the Yoast SEO plugin v27.2 - https:\/\/yoast.com\/product\/yoast-seo-wordpress\/ -->\n<title>SurePay Zus\u00e4tzliche Services: Erh\u00f6hte Zahlungssicherheit<\/title>\n<meta name=\"description\" content=\"Entdecken Sie die zus\u00e4tzlichen SurePay-Dienste wie PayID, Fraud Risk Indicator und Switch Check, um die Zahlungssicherheit zu verbessern und Betrug f\u00fcr Banken und Zahlungsdienstleister zu verhindern.\" \/>\n<meta name=\"robots\" content=\"index, follow, max-snippet:-1, max-image-preview:large, max-video-preview:-1\" \/>\n<link rel=\"canonical\" href=\"https:\/\/www.surepay.eu\/de\/zusaetzliche-services\/\" \/>\n<meta property=\"og:locale\" content=\"de_DE\" \/>\n<meta property=\"og:type\" content=\"article\" \/>\n<meta property=\"og:title\" content=\"SurePay Zus\u00e4tzliche Services: Erh\u00f6hte Zahlungssicherheit\" \/>\n<meta property=\"og:description\" content=\"Entdecken Sie die zus\u00e4tzlichen SurePay-Dienste wie PayID, Fraud Risk Indicator und Switch Check, um die Zahlungssicherheit zu verbessern und Betrug f\u00fcr Banken und Zahlungsdienstleister zu verhindern.\" \/>\n<meta property=\"og:url\" content=\"https:\/\/www.surepay.eu\/de\/zusaetzliche-services\/\" \/>\n<meta property=\"og:site_name\" content=\"SurePay\" \/>\n<meta property=\"article:publisher\" content=\"https:\/\/m.facebook.com\/p\/SurePay-100071898237241\/\" \/>\n<meta property=\"article:modified_time\" content=\"2025-04-25T13:31:51+00:00\" \/>\n<meta property=\"og:image\" content=\"https:\/\/www.surepay.eu\/wp-content\/uploads\/2023\/10\/Add-on-icons-benefits-63.png\" \/>\n\t<meta property=\"og:image:width\" content=\"250\" \/>\n\t<meta property=\"og:image:height\" content=\"250\" \/>\n\t<meta property=\"og:image:type\" content=\"image\/png\" \/>\n<meta name=\"twitter:card\" content=\"summary_large_image\" \/>\n<meta name=\"twitter:site\" content=\"@SurePayNL\" \/>\n<meta name=\"twitter:label1\" content=\"Gesch\u00e4tzte Lesezeit\" \/>\n\t<meta name=\"twitter:data1\" content=\"2\u00a0Minuten\" \/>\n<script type=\"application\/ld+json\" class=\"yoast-schema-graph\">{\"@context\":\"https:\/\/schema.org\",\"@graph\":[{\"@type\":\"WebPage\",\"@id\":\"https:\/\/www.surepay.eu\/de\/zusaetzliche-services\/\",\"url\":\"https:\/\/www.surepay.eu\/de\/zusaetzliche-services\/\",\"name\":\"SurePay Zus\u00e4tzliche Services: Erh\u00f6hte Zahlungssicherheit\",\"isPartOf\":{\"@id\":\"https:\/\/www.surepay.eu\/de\/#website\"},\"primaryImageOfPage\":{\"@id\":\"https:\/\/www.surepay.eu\/de\/zusaetzliche-services\/#primaryimage\"},\"image\":{\"@id\":\"https:\/\/www.surepay.eu\/de\/zusaetzliche-services\/#primaryimage\"},\"thumbnailUrl\":\"https:\/\/www.surepay.eu\/wp-content\/uploads\/2023\/10\/Add-on-icons-benefits-63.png\",\"datePublished\":\"2024-04-05T10:35:16+00:00\",\"dateModified\":\"2025-04-25T13:31:51+00:00\",\"description\":\"Entdecken Sie die zus\u00e4tzlichen SurePay-Dienste wie PayID, Fraud Risk Indicator und Switch Check, um die Zahlungssicherheit zu verbessern und Betrug f\u00fcr Banken und Zahlungsdienstleister zu verhindern.\",\"breadcrumb\":{\"@id\":\"https:\/\/www.surepay.eu\/de\/zusaetzliche-services\/#breadcrumb\"},\"inLanguage\":\"de\",\"potentialAction\":[{\"@type\":\"ReadAction\",\"target\":[\"https:\/\/www.surepay.eu\/de\/zusaetzliche-services\/\"]}]},{\"@type\":\"ImageObject\",\"inLanguage\":\"de\",\"@id\":\"https:\/\/www.surepay.eu\/de\/zusaetzliche-services\/#primaryimage\",\"url\":\"https:\/\/www.surepay.eu\/wp-content\/uploads\/2023\/10\/Add-on-icons-benefits-63.png\",\"contentUrl\":\"https:\/\/www.surepay.eu\/wp-content\/uploads\/2023\/10\/Add-on-icons-benefits-63.png\"},{\"@type\":\"BreadcrumbList\",\"@id\":\"https:\/\/www.surepay.eu\/de\/zusaetzliche-services\/#breadcrumb\",\"itemListElement\":[{\"@type\":\"ListItem\",\"position\":1,\"name\":\"Home\",\"item\":\"https:\/\/www.surepay.eu\/de\/\"},{\"@type\":\"ListItem\",\"position\":2,\"name\":\"Zus\u00e4tzliche Services\"}]},{\"@type\":\"WebSite\",\"@id\":\"https:\/\/www.surepay.eu\/de\/#website\",\"url\":\"https:\/\/www.surepay.eu\/de\/\",\"name\":\"SurePay\",\"description\":\"SurePay - maakt betalen persoonlijker en nog veiliger\",\"publisher\":{\"@id\":\"https:\/\/www.surepay.eu\/de\/#organization\"},\"potentialAction\":[{\"@type\":\"SearchAction\",\"target\":{\"@type\":\"EntryPoint\",\"urlTemplate\":\"https:\/\/www.surepay.eu\/de\/?s={search_term_string}\"},\"query-input\":{\"@type\":\"PropertyValueSpecification\",\"valueRequired\":true,\"valueName\":\"search_term_string\"}}],\"inLanguage\":\"de\"},{\"@type\":\"Organization\",\"@id\":\"https:\/\/www.surepay.eu\/de\/#organization\",\"name\":\"SurePay\",\"url\":\"https:\/\/www.surepay.eu\/de\/\",\"logo\":{\"@type\":\"ImageObject\",\"inLanguage\":\"de\",\"@id\":\"https:\/\/www.surepay.eu\/de\/#\/schema\/logo\/image\/\",\"url\":\"https:\/\/www.surepay.eu\/wp-content\/uploads\/2023\/08\/surepay_logo.png\",\"contentUrl\":\"https:\/\/www.surepay.eu\/wp-content\/uploads\/2023\/08\/surepay_logo.png\",\"width\":896,\"height\":184,\"caption\":\"SurePay\"},\"image\":{\"@id\":\"https:\/\/www.surepay.eu\/de\/#\/schema\/logo\/image\/\"},\"sameAs\":[\"https:\/\/m.facebook.com\/p\/SurePay-100071898237241\/\",\"https:\/\/x.com\/SurePayNL\",\"https:\/\/nl.linkedin.com\/company\/surepaynl\",\"https:\/\/www.instagram.com\/surepay_nl\/\"]}]}<\/script>\n<!-- \/ Yoast SEO plugin. -->","yoast_head_json":{"title":"SurePay Zus\u00e4tzliche Services: Erh\u00f6hte Zahlungssicherheit","description":"Entdecken Sie die zus\u00e4tzlichen SurePay-Dienste wie PayID, Fraud Risk Indicator und Switch Check, um die Zahlungssicherheit zu verbessern und Betrug f\u00fcr Banken und Zahlungsdienstleister zu verhindern.","robots":{"index":"index","follow":"follow","max-snippet":"max-snippet:-1","max-image-preview":"max-image-preview:large","max-video-preview":"max-video-preview:-1"},"canonical":"https:\/\/www.surepay.eu\/de\/zusaetzliche-services\/","og_locale":"de_DE","og_type":"article","og_title":"SurePay Zus\u00e4tzliche Services: Erh\u00f6hte Zahlungssicherheit","og_description":"Entdecken Sie die zus\u00e4tzlichen SurePay-Dienste wie PayID, Fraud Risk Indicator und Switch Check, um die Zahlungssicherheit zu verbessern und Betrug f\u00fcr Banken und Zahlungsdienstleister zu verhindern.","og_url":"https:\/\/www.surepay.eu\/de\/zusaetzliche-services\/","og_site_name":"SurePay","article_publisher":"https:\/\/m.facebook.com\/p\/SurePay-100071898237241\/","article_modified_time":"2025-04-25T13:31:51+00:00","og_image":[{"width":250,"height":250,"url":"https:\/\/www.surepay.eu\/wp-content\/uploads\/2023\/10\/Add-on-icons-benefits-63.png","type":"image\/png"}],"twitter_card":"summary_large_image","twitter_site":"@SurePayNL","twitter_misc":{"Gesch\u00e4tzte Lesezeit":"2\u00a0Minuten"},"schema":{"@context":"https:\/\/schema.org","@graph":[{"@type":"WebPage","@id":"https:\/\/www.surepay.eu\/de\/zusaetzliche-services\/","url":"https:\/\/www.surepay.eu\/de\/zusaetzliche-services\/","name":"SurePay Zus\u00e4tzliche Services: Erh\u00f6hte Zahlungssicherheit","isPartOf":{"@id":"https:\/\/www.surepay.eu\/de\/#website"},"primaryImageOfPage":{"@id":"https:\/\/www.surepay.eu\/de\/zusaetzliche-services\/#primaryimage"},"image":{"@id":"https:\/\/www.surepay.eu\/de\/zusaetzliche-services\/#primaryimage"},"thumbnailUrl":"https:\/\/www.surepay.eu\/wp-content\/uploads\/2023\/10\/Add-on-icons-benefits-63.png","datePublished":"2024-04-05T10:35:16+00:00","dateModified":"2025-04-25T13:31:51+00:00","description":"Entdecken Sie die zus\u00e4tzlichen SurePay-Dienste wie PayID, Fraud Risk Indicator und Switch Check, um die Zahlungssicherheit zu verbessern und Betrug f\u00fcr Banken und Zahlungsdienstleister zu verhindern.","breadcrumb":{"@id":"https:\/\/www.surepay.eu\/de\/zusaetzliche-services\/#breadcrumb"},"inLanguage":"de","potentialAction":[{"@type":"ReadAction","target":["https:\/\/www.surepay.eu\/de\/zusaetzliche-services\/"]}]},{"@type":"ImageObject","inLanguage":"de","@id":"https:\/\/www.surepay.eu\/de\/zusaetzliche-services\/#primaryimage","url":"https:\/\/www.surepay.eu\/wp-content\/uploads\/2023\/10\/Add-on-icons-benefits-63.png","contentUrl":"https:\/\/www.surepay.eu\/wp-content\/uploads\/2023\/10\/Add-on-icons-benefits-63.png"},{"@type":"BreadcrumbList","@id":"https:\/\/www.surepay.eu\/de\/zusaetzliche-services\/#breadcrumb","itemListElement":[{"@type":"ListItem","position":1,"name":"Home","item":"https:\/\/www.surepay.eu\/de\/"},{"@type":"ListItem","position":2,"name":"Zus\u00e4tzliche Services"}]},{"@type":"WebSite","@id":"https:\/\/www.surepay.eu\/de\/#website","url":"https:\/\/www.surepay.eu\/de\/","name":"SurePay","description":"SurePay - maakt betalen persoonlijker en nog veiliger","publisher":{"@id":"https:\/\/www.surepay.eu\/de\/#organization"},"potentialAction":[{"@type":"SearchAction","target":{"@type":"EntryPoint","urlTemplate":"https:\/\/www.surepay.eu\/de\/?s={search_term_string}"},"query-input":{"@type":"PropertyValueSpecification","valueRequired":true,"valueName":"search_term_string"}}],"inLanguage":"de"},{"@type":"Organization","@id":"https:\/\/www.surepay.eu\/de\/#organization","name":"SurePay","url":"https:\/\/www.surepay.eu\/de\/","logo":{"@type":"ImageObject","inLanguage":"de","@id":"https:\/\/www.surepay.eu\/de\/#\/schema\/logo\/image\/","url":"https:\/\/www.surepay.eu\/wp-content\/uploads\/2023\/08\/surepay_logo.png","contentUrl":"https:\/\/www.surepay.eu\/wp-content\/uploads\/2023\/08\/surepay_logo.png","width":896,"height":184,"caption":"SurePay"},"image":{"@id":"https:\/\/www.surepay.eu\/de\/#\/schema\/logo\/image\/"},"sameAs":["https:\/\/m.facebook.com\/p\/SurePay-100071898237241\/","https:\/\/x.com\/SurePayNL","https:\/\/nl.linkedin.com\/company\/surepaynl","https:\/\/www.instagram.com\/surepay_nl\/"]}]}},"_links":{"self":[{"href":"https:\/\/www.surepay.eu\/de\/wp-json\/wp\/v2\/pages\/16823","targetHints":{"allow":["GET"]}}],"collection":[{"href":"https:\/\/www.surepay.eu\/de\/wp-json\/wp\/v2\/pages"}],"about":[{"href":"https:\/\/www.surepay.eu\/de\/wp-json\/wp\/v2\/types\/page"}],"author":[{"embeddable":true,"href":"https:\/\/www.surepay.eu\/de\/wp-json\/wp\/v2\/users\/4"}],"replies":[{"embeddable":true,"href":"https:\/\/www.surepay.eu\/de\/wp-json\/wp\/v2\/comments?post=16823"}],"version-history":[{"count":0,"href":"https:\/\/www.surepay.eu\/de\/wp-json\/wp\/v2\/pages\/16823\/revisions"}],"wp:attachment":[{"href":"https:\/\/www.surepay.eu\/de\/wp-json\/wp\/v2\/media?parent=16823"}],"curies":[{"name":"wp","href":"https:\/\/api.w.org\/{rel}","templated":true}]}}