{"id":34263,"date":"2026-03-30T16:31:06","date_gmt":"2026-03-30T14:31:06","guid":{"rendered":"https:\/\/www.surepay.eu\/press\/"},"modified":"2026-03-31T10:03:45","modified_gmt":"2026-03-31T08:03:45","slug":"press","status":"publish","type":"page","link":"https:\/\/www.surepay.eu\/de\/press\/","title":{"rendered":"Press"},"content":{"rendered":"\t\t<div data-elementor-type=\"wp-page\" data-elementor-id=\"34263\" class=\"elementor elementor-34263 elementor-34257\" data-elementor-post-type=\"page\">\n\t\t\t\t\t\t<section data-particle_enable=\"false\" data-particle-mobile-disabled=\"false\" class=\"elementor-section elementor-top-section elementor-element elementor-element-d5200af elementor-section-height-min-height elementor-section-items-top elementor-section-content-middle elementor-section-boxed elementor-section-height-default\" data-id=\"d5200af\" data-element_type=\"section\" data-e-type=\"section\" data-settings=\"{&quot;background_background&quot;:&quot;classic&quot;}\">\n\t\t\t\t\t\t<div class=\"elementor-container elementor-column-gap-default\">\n\t\t\t\t\t<div class=\"elementor-column elementor-col-100 elementor-top-column elementor-element elementor-element-04d6ef1 main-1\" data-id=\"04d6ef1\" data-element_type=\"column\" data-e-type=\"column\">\n\t\t\t<div class=\"elementor-widget-wrap elementor-element-populated\">\n\t\t\t\t\t\t<div class=\"elementor-element elementor-element-440dd5d elementor-align-center elementor-widget__width-initial elementor-invisible elementor-widget elementor-widget-button\" data-id=\"440dd5d\" data-element_type=\"widget\" data-e-type=\"widget\" data-settings=\"{&quot;_animation&quot;:&quot;fadeIn&quot;,&quot;_animation_delay&quot;:350}\" data-widget_type=\"button.default\">\n\t\t\t\t<div class=\"elementor-widget-container\">\n\t\t\t\t\t\t\t\t\t<div class=\"elementor-button-wrapper\">\n\t\t\t\t\t<a class=\"elementor-button elementor-size-sm elementor-animation-float\" role=\"button\">\n\t\t\t\t\t\t<span class=\"elementor-button-content-wrapper\">\n\t\t\t\t\t\t\t\t\t<span class=\"elementor-button-text\">Pressebereich<\/span>\n\t\t\t\t\t<\/span>\n\t\t\t\t\t<\/a>\n\t\t\t\t<\/div>\n\t\t\t\t\t\t\t\t<\/div>\n\t\t\t\t<\/div>\n\t\t\t\t<div class=\"elementor-element elementor-element-1b0a975 elementor-widget__width-initial elementor-invisible elementor-widget elementor-widget-heading\" data-id=\"1b0a975\" data-element_type=\"widget\" data-e-type=\"widget\" data-settings=\"{&quot;_animation&quot;:&quot;slideInUp&quot;}\" data-widget_type=\"heading.default\">\n\t\t\t\t<div class=\"elementor-widget-container\">\n\t\t\t\t\t<h2 class=\"elementor-heading-title elementor-size-default\">Alles, was Sie f\u00fcr Presse und Medien ben\u00f6tigen<\/h2>\t\t\t\t<\/div>\n\t\t\t\t<\/div>\n\t\t\t\t\t<\/div>\n\t\t<\/div>\n\t\t\t\t\t<\/div>\n\t\t<\/section>\n\t\t\t\t<section data-particle_enable=\"false\" data-particle-mobile-disabled=\"false\" class=\"elementor-section elementor-top-section elementor-element elementor-element-e1643e7 BgFull elementor-section-boxed elementor-section-height-default elementor-section-height-default\" data-id=\"e1643e7\" data-element_type=\"section\" data-e-type=\"section\" data-settings=\"{&quot;background_background&quot;:&quot;classic&quot;}\">\n\t\t\t\t\t\t<div class=\"elementor-container elementor-column-gap-default\">\n\t\t\t\t\t<div class=\"elementor-column elementor-col-100 elementor-top-column elementor-element elementor-element-b700b18\" data-id=\"b700b18\" data-element_type=\"column\" data-e-type=\"column\">\n\t\t\t<div class=\"elementor-widget-wrap elementor-element-populated\">\n\t\t\t\t\t\t<div class=\"elementor-element elementor-element-1650208 elementor-widget-divider--view-line elementor-widget elementor-widget-divider\" data-id=\"1650208\" data-element_type=\"widget\" data-e-type=\"widget\" data-widget_type=\"divider.default\">\n\t\t\t\t<div class=\"elementor-widget-container\">\n\t\t\t\t\t\t\t<div class=\"elementor-divider\">\n\t\t\t<span class=\"elementor-divider-separator\">\n\t\t\t\t\t\t<\/span>\n\t\t<\/div>\n\t\t\t\t\t\t<\/div>\n\t\t\t\t<\/div>\n\t\t\t\t<section data-particle_enable=\"false\" data-particle-mobile-disabled=\"false\" class=\"elementor-section elementor-inner-section elementor-element elementor-element-94dfac9 elementor-section-boxed elementor-section-height-default elementor-section-height-default elementor-invisible\" data-id=\"94dfac9\" data-element_type=\"section\" data-e-type=\"section\" data-settings=\"{&quot;animation&quot;:&quot;fadeInUp&quot;,&quot;background_background&quot;:&quot;classic&quot;}\">\n\t\t\t\t\t\t<div class=\"elementor-container elementor-column-gap-no\">\n\t\t\t\t\t<div class=\"elementor-column elementor-col-50 elementor-inner-column elementor-element elementor-element-f6578f0\" data-id=\"f6578f0\" data-element_type=\"column\" data-e-type=\"column\" data-settings=\"{&quot;background_background&quot;:&quot;classic&quot;}\">\n\t\t\t<div class=\"elementor-widget-wrap elementor-element-populated\">\n\t\t\t\t\t\t<div class=\"elementor-element elementor-element-bef0b15 elementor-widget__width-initial elementor-widget elementor-widget-heading\" data-id=\"bef0b15\" data-element_type=\"widget\" data-e-type=\"widget\" data-widget_type=\"heading.default\">\n\t\t\t\t<div class=\"elementor-widget-container\">\n\t\t\t\t\t<h3 class=\"elementor-heading-title elementor-size-default\">Presseanfragen<\/h3>\t\t\t\t<\/div>\n\t\t\t\t<\/div>\n\t\t\t\t\t<\/div>\n\t\t<\/div>\n\t\t\t\t<div class=\"elementor-column elementor-col-50 elementor-inner-column elementor-element elementor-element-925d6f9\" data-id=\"925d6f9\" data-element_type=\"column\" data-e-type=\"column\" data-settings=\"{&quot;background_background&quot;:&quot;classic&quot;}\">\n\t\t\t<div class=\"elementor-widget-wrap elementor-element-populated\">\n\t\t\t\t\t\t<div class=\"elementor-element elementor-element-1893e57 elementor-widget__width-initial elementor-widget elementor-widget-text-editor\" data-id=\"1893e57\" data-element_type=\"widget\" data-e-type=\"widget\" data-widget_type=\"text-editor.default\">\n\t\t\t\t<div class=\"elementor-widget-container\">\n\t\t\t\t\t\t\t\t\t<p>F\u00fcr alle Anfragen wenden Sie sich bitte an:<br \/><br \/><\/p><p><a style=\"color: #0c81e4;\" href=\"mailto:info@surepay.eu\"><br \/>info@surepay.eu<br \/><\/a><\/p>\t\t\t\t\t\t\t\t<\/div>\n\t\t\t\t<\/div>\n\t\t\t\t\t<\/div>\n\t\t<\/div>\n\t\t\t\t\t<\/div>\n\t\t<\/section>\n\t\t\t\t\t<\/div>\n\t\t<\/div>\n\t\t\t\t\t<\/div>\n\t\t<\/section>\n\t\t\t\t<section data-particle_enable=\"false\" data-particle-mobile-disabled=\"false\" class=\"elementor-section elementor-top-section elementor-element elementor-element-c53b0da BgFull elementor-section-boxed elementor-section-height-default elementor-section-height-default\" data-id=\"c53b0da\" data-element_type=\"section\" data-e-type=\"section\" data-settings=\"{&quot;background_background&quot;:&quot;classic&quot;}\">\n\t\t\t\t\t\t<div class=\"elementor-container elementor-column-gap-default\">\n\t\t\t\t\t<div class=\"elementor-column elementor-col-100 elementor-top-column elementor-element elementor-element-19cffe1\" data-id=\"19cffe1\" data-element_type=\"column\" data-e-type=\"column\">\n\t\t\t<div class=\"elementor-widget-wrap elementor-element-populated\">\n\t\t\t\t\t\t<div class=\"elementor-element elementor-element-5251d80 elementor-widget-divider--view-line elementor-widget elementor-widget-divider\" data-id=\"5251d80\" data-element_type=\"widget\" data-e-type=\"widget\" data-widget_type=\"divider.default\">\n\t\t\t\t<div class=\"elementor-widget-container\">\n\t\t\t\t\t\t\t<div class=\"elementor-divider\">\n\t\t\t<span class=\"elementor-divider-separator\">\n\t\t\t\t\t\t<\/span>\n\t\t<\/div>\n\t\t\t\t\t\t<\/div>\n\t\t\t\t<\/div>\n\t\t\t\t<section data-particle_enable=\"false\" data-particle-mobile-disabled=\"false\" class=\"elementor-section elementor-inner-section elementor-element elementor-element-8d71ded elementor-section-boxed elementor-section-height-default elementor-section-height-default elementor-invisible\" data-id=\"8d71ded\" data-element_type=\"section\" data-e-type=\"section\" data-settings=\"{&quot;animation&quot;:&quot;fadeInUp&quot;,&quot;background_background&quot;:&quot;classic&quot;}\">\n\t\t\t\t\t\t<div class=\"elementor-container elementor-column-gap-no\">\n\t\t\t\t\t<div class=\"elementor-column elementor-col-50 elementor-inner-column elementor-element elementor-element-845934b\" data-id=\"845934b\" data-element_type=\"column\" data-e-type=\"column\" data-settings=\"{&quot;background_background&quot;:&quot;classic&quot;}\">\n\t\t\t<div class=\"elementor-widget-wrap elementor-element-populated\">\n\t\t\t\t\t\t<div class=\"elementor-element elementor-element-5a071ec elementor-widget__width-initial elementor-widget elementor-widget-heading\" data-id=\"5a071ec\" data-element_type=\"widget\" data-e-type=\"widget\" data-widget_type=\"heading.default\">\n\t\t\t\t<div class=\"elementor-widget-container\">\n\t\t\t\t\t<h3 class=\"elementor-heading-title elementor-size-default\">\u00dcber SurePay<\/h3>\t\t\t\t<\/div>\n\t\t\t\t<\/div>\n\t\t\t\t\t<\/div>\n\t\t<\/div>\n\t\t\t\t<div class=\"elementor-column elementor-col-50 elementor-inner-column elementor-element elementor-element-aaf5fbb\" data-id=\"aaf5fbb\" data-element_type=\"column\" data-e-type=\"column\" data-settings=\"{&quot;background_background&quot;:&quot;classic&quot;}\">\n\t\t\t<div class=\"elementor-widget-wrap elementor-element-populated\">\n\t\t\t\t\t\t<div class=\"elementor-element elementor-element-71cf5a4 elementor-widget__width-initial elementor-widget-mobile__width-initial elementor-widget elementor-widget-text-editor\" data-id=\"71cf5a4\" data-element_type=\"widget\" data-e-type=\"widget\" data-widget_type=\"text-editor.default\">\n\t\t\t\t<div class=\"elementor-widget-container\">\n\t\t\t\t\t\t\t\t\t<p>SurePay wurde 2016 aus dem Innovationsprogramm der Rabobank heraus gegr\u00fcndet und stellt seit 2017 allen gro\u00dfen niederl\u00e4ndischen Banken die Verification of Payee (VOP) zur Verf\u00fcgung. In den darauffolgenden Jahren hat sich unser Kundenkreis weltweit auf Banken, Unternehmen (Corporates) und Partner ausgeweitet.<br \/><br \/><\/p><p><a href=\"https:\/\/www.surepay.eu\/de\/uber-surepay\/\">Mehr \u00fcber SurePay \u2192<\/a><\/p><p>\u00a0<\/p>\t\t\t\t\t\t\t\t<\/div>\n\t\t\t\t<\/div>\n\t\t\t\t\t<\/div>\n\t\t<\/div>\n\t\t\t\t\t<\/div>\n\t\t<\/section>\n\t\t\t\t\t<\/div>\n\t\t<\/div>\n\t\t\t\t\t<\/div>\n\t\t<\/section>\n\t\t\t\t<\/div>\n\t\t","protected":false},"excerpt":{"rendered":"<p>Pressebereich Alles, was Sie f\u00fcr Presse und Medien ben\u00f6tigen Presseanfragen F\u00fcr alle Anfragen wenden Sie sich bitte an: info@surepay.eu \u00dcber SurePay SurePay wurde 2016 aus dem Innovationsprogramm der Rabobank heraus gegr\u00fcndet und stellt seit 2017 allen gro\u00dfen niederl\u00e4ndischen Banken die Verification of Payee (VOP) zur Verf\u00fcgung. In den darauffolgenden Jahren hat sich unser Kundenkreis weltweit [&hellip;]<\/p>\n","protected":false},"author":4,"featured_media":0,"parent":0,"menu_order":0,"comment_status":"closed","ping_status":"closed","template":"","meta":{"_acf_changed":false,"content-type":"","inline_featured_image":false,"footnotes":""},"class_list":["post-34263","page","type-page","status-publish","hentry"],"acf":[],"yoast_head":"<!-- This site is optimized with the Yoast SEO plugin v27.5 - https:\/\/yoast.com\/product\/yoast-seo-wordpress\/ -->\n<title>Press &#8226; SurePay<\/title>\n<meta name=\"robots\" content=\"index, follow, max-snippet:-1, max-image-preview:large, max-video-preview:-1\" \/>\n<link rel=\"canonical\" href=\"https:\/\/www.surepay.eu\/de\/press\/\" \/>\n<meta property=\"og:locale\" content=\"de_DE\" \/>\n<meta property=\"og:type\" content=\"article\" \/>\n<meta property=\"og:title\" content=\"Press &#8226; SurePay\" \/>\n<meta property=\"og:description\" content=\"Pressebereich Alles, was Sie f\u00fcr Presse und Medien ben\u00f6tigen Presseanfragen F\u00fcr alle Anfragen wenden Sie sich bitte an: info@surepay.eu \u00dcber SurePay SurePay wurde 2016 aus dem Innovationsprogramm der Rabobank heraus gegr\u00fcndet und stellt seit 2017 allen gro\u00dfen niederl\u00e4ndischen Banken die Verification of Payee (VOP) zur Verf\u00fcgung. In den darauffolgenden Jahren hat sich unser Kundenkreis weltweit [&hellip;]\" \/>\n<meta property=\"og:url\" content=\"https:\/\/www.surepay.eu\/de\/press\/\" \/>\n<meta property=\"og:site_name\" content=\"SurePay\" \/>\n<meta property=\"article:publisher\" content=\"https:\/\/m.facebook.com\/p\/SurePay-100071898237241\/\" \/>\n<meta property=\"article:modified_time\" content=\"2026-03-31T08:03:45+00:00\" \/>\n<meta property=\"og:image\" content=\"https:\/\/www.surepay.eu\/wp-content\/uploads\/2023\/10\/SurePay-IBAN-Naam-Check-Portal.png\" \/>\n\t<meta property=\"og:image:width\" content=\"2500\" \/>\n\t<meta property=\"og:image:height\" content=\"1407\" \/>\n\t<meta property=\"og:image:type\" content=\"image\/png\" \/>\n<meta name=\"twitter:card\" content=\"summary_large_image\" \/>\n<meta name=\"twitter:site\" content=\"@SurePayNL\" \/>\n<meta name=\"twitter:label1\" content=\"Gesch\u00e4tzte Lesezeit\" \/>\n\t<meta name=\"twitter:data1\" content=\"1\u00a0Minute\" \/>\n<script type=\"application\/ld+json\" class=\"yoast-schema-graph\">{\"@context\":\"https:\\\/\\\/schema.org\",\"@graph\":[{\"@type\":\"WebPage\",\"@id\":\"https:\\\/\\\/www.surepay.eu\\\/de\\\/press\\\/\",\"url\":\"https:\\\/\\\/www.surepay.eu\\\/de\\\/press\\\/\",\"name\":\"Press &#8226; SurePay\",\"isPartOf\":{\"@id\":\"https:\\\/\\\/www.surepay.eu\\\/de\\\/#website\"},\"datePublished\":\"2026-03-30T14:31:06+00:00\",\"dateModified\":\"2026-03-31T08:03:45+00:00\",\"breadcrumb\":{\"@id\":\"https:\\\/\\\/www.surepay.eu\\\/de\\\/press\\\/#breadcrumb\"},\"inLanguage\":\"de\",\"potentialAction\":[{\"@type\":\"ReadAction\",\"target\":[\"https:\\\/\\\/www.surepay.eu\\\/de\\\/press\\\/\"]}]},{\"@type\":\"BreadcrumbList\",\"@id\":\"https:\\\/\\\/www.surepay.eu\\\/de\\\/press\\\/#breadcrumb\",\"itemListElement\":[{\"@type\":\"ListItem\",\"position\":1,\"name\":\"Home\",\"item\":\"https:\\\/\\\/www.surepay.eu\\\/de\\\/\"},{\"@type\":\"ListItem\",\"position\":2,\"name\":\"Press\"}]},{\"@type\":\"WebSite\",\"@id\":\"https:\\\/\\\/www.surepay.eu\\\/de\\\/#website\",\"url\":\"https:\\\/\\\/www.surepay.eu\\\/de\\\/\",\"name\":\"SurePay\",\"description\":\"SurePay - maakt betalen persoonlijker en nog veiliger\",\"publisher\":{\"@id\":\"https:\\\/\\\/www.surepay.eu\\\/de\\\/#organization\"},\"potentialAction\":[{\"@type\":\"SearchAction\",\"target\":{\"@type\":\"EntryPoint\",\"urlTemplate\":\"https:\\\/\\\/www.surepay.eu\\\/de\\\/?s={search_term_string}\"},\"query-input\":{\"@type\":\"PropertyValueSpecification\",\"valueRequired\":true,\"valueName\":\"search_term_string\"}}],\"inLanguage\":\"de\"},{\"@type\":\"Organization\",\"@id\":\"https:\\\/\\\/www.surepay.eu\\\/de\\\/#organization\",\"name\":\"SurePay\",\"url\":\"https:\\\/\\\/www.surepay.eu\\\/de\\\/\",\"logo\":{\"@type\":\"ImageObject\",\"inLanguage\":\"de\",\"@id\":\"https:\\\/\\\/www.surepay.eu\\\/de\\\/#\\\/schema\\\/logo\\\/image\\\/\",\"url\":\"https:\\\/\\\/www.surepay.eu\\\/wp-content\\\/uploads\\\/2023\\\/08\\\/surepay_logo.png\",\"contentUrl\":\"https:\\\/\\\/www.surepay.eu\\\/wp-content\\\/uploads\\\/2023\\\/08\\\/surepay_logo.png\",\"width\":896,\"height\":184,\"caption\":\"SurePay\"},\"image\":{\"@id\":\"https:\\\/\\\/www.surepay.eu\\\/de\\\/#\\\/schema\\\/logo\\\/image\\\/\"},\"sameAs\":[\"https:\\\/\\\/m.facebook.com\\\/p\\\/SurePay-100071898237241\\\/\",\"https:\\\/\\\/x.com\\\/SurePayNL\",\"https:\\\/\\\/nl.linkedin.com\\\/company\\\/surepaynl\",\"https:\\\/\\\/www.instagram.com\\\/surepay_nl\\\/\"]}]}<\/script>\n<!-- \/ Yoast SEO plugin. -->","yoast_head_json":{"title":"Press &#8226; SurePay","robots":{"index":"index","follow":"follow","max-snippet":"max-snippet:-1","max-image-preview":"max-image-preview:large","max-video-preview":"max-video-preview:-1"},"canonical":"https:\/\/www.surepay.eu\/de\/press\/","og_locale":"de_DE","og_type":"article","og_title":"Press &#8226; SurePay","og_description":"Pressebereich Alles, was Sie f\u00fcr Presse und Medien ben\u00f6tigen Presseanfragen F\u00fcr alle Anfragen wenden Sie sich bitte an: info@surepay.eu \u00dcber SurePay SurePay wurde 2016 aus dem Innovationsprogramm der Rabobank heraus gegr\u00fcndet und stellt seit 2017 allen gro\u00dfen niederl\u00e4ndischen Banken die Verification of Payee (VOP) zur Verf\u00fcgung. In den darauffolgenden Jahren hat sich unser Kundenkreis weltweit [&hellip;]","og_url":"https:\/\/www.surepay.eu\/de\/press\/","og_site_name":"SurePay","article_publisher":"https:\/\/m.facebook.com\/p\/SurePay-100071898237241\/","article_modified_time":"2026-03-31T08:03:45+00:00","og_image":[{"width":2500,"height":1407,"url":"https:\/\/www.surepay.eu\/wp-content\/uploads\/2023\/10\/SurePay-IBAN-Naam-Check-Portal.png","type":"image\/png"}],"twitter_card":"summary_large_image","twitter_site":"@SurePayNL","twitter_misc":{"Gesch\u00e4tzte Lesezeit":"1\u00a0Minute"},"schema":{"@context":"https:\/\/schema.org","@graph":[{"@type":"WebPage","@id":"https:\/\/www.surepay.eu\/de\/press\/","url":"https:\/\/www.surepay.eu\/de\/press\/","name":"Press &#8226; SurePay","isPartOf":{"@id":"https:\/\/www.surepay.eu\/de\/#website"},"datePublished":"2026-03-30T14:31:06+00:00","dateModified":"2026-03-31T08:03:45+00:00","breadcrumb":{"@id":"https:\/\/www.surepay.eu\/de\/press\/#breadcrumb"},"inLanguage":"de","potentialAction":[{"@type":"ReadAction","target":["https:\/\/www.surepay.eu\/de\/press\/"]}]},{"@type":"BreadcrumbList","@id":"https:\/\/www.surepay.eu\/de\/press\/#breadcrumb","itemListElement":[{"@type":"ListItem","position":1,"name":"Home","item":"https:\/\/www.surepay.eu\/de\/"},{"@type":"ListItem","position":2,"name":"Press"}]},{"@type":"WebSite","@id":"https:\/\/www.surepay.eu\/de\/#website","url":"https:\/\/www.surepay.eu\/de\/","name":"SurePay","description":"SurePay - maakt betalen persoonlijker en nog veiliger","publisher":{"@id":"https:\/\/www.surepay.eu\/de\/#organization"},"potentialAction":[{"@type":"SearchAction","target":{"@type":"EntryPoint","urlTemplate":"https:\/\/www.surepay.eu\/de\/?s={search_term_string}"},"query-input":{"@type":"PropertyValueSpecification","valueRequired":true,"valueName":"search_term_string"}}],"inLanguage":"de"},{"@type":"Organization","@id":"https:\/\/www.surepay.eu\/de\/#organization","name":"SurePay","url":"https:\/\/www.surepay.eu\/de\/","logo":{"@type":"ImageObject","inLanguage":"de","@id":"https:\/\/www.surepay.eu\/de\/#\/schema\/logo\/image\/","url":"https:\/\/www.surepay.eu\/wp-content\/uploads\/2023\/08\/surepay_logo.png","contentUrl":"https:\/\/www.surepay.eu\/wp-content\/uploads\/2023\/08\/surepay_logo.png","width":896,"height":184,"caption":"SurePay"},"image":{"@id":"https:\/\/www.surepay.eu\/de\/#\/schema\/logo\/image\/"},"sameAs":["https:\/\/m.facebook.com\/p\/SurePay-100071898237241\/","https:\/\/x.com\/SurePayNL","https:\/\/nl.linkedin.com\/company\/surepaynl","https:\/\/www.instagram.com\/surepay_nl\/"]}]}},"_links":{"self":[{"href":"https:\/\/www.surepay.eu\/de\/wp-json\/wp\/v2\/pages\/34263","targetHints":{"allow":["GET"]}}],"collection":[{"href":"https:\/\/www.surepay.eu\/de\/wp-json\/wp\/v2\/pages"}],"about":[{"href":"https:\/\/www.surepay.eu\/de\/wp-json\/wp\/v2\/types\/page"}],"author":[{"embeddable":true,"href":"https:\/\/www.surepay.eu\/de\/wp-json\/wp\/v2\/users\/4"}],"replies":[{"embeddable":true,"href":"https:\/\/www.surepay.eu\/de\/wp-json\/wp\/v2\/comments?post=34263"}],"version-history":[{"count":4,"href":"https:\/\/www.surepay.eu\/de\/wp-json\/wp\/v2\/pages\/34263\/revisions"}],"predecessor-version":[{"id":34341,"href":"https:\/\/www.surepay.eu\/de\/wp-json\/wp\/v2\/pages\/34263\/revisions\/34341"}],"wp:attachment":[{"href":"https:\/\/www.surepay.eu\/de\/wp-json\/wp\/v2\/media?parent=34263"}],"curies":[{"name":"wp","href":"https:\/\/api.w.org\/{rel}","templated":true}]}}