{"id":34805,"date":"2026-03-30T13:59:28","date_gmt":"2026-03-30T11:59:28","guid":{"rendered":"https:\/\/www.surepay.eu\/news-insights\/"},"modified":"2026-04-03T10:43:41","modified_gmt":"2026-04-03T08:43:41","slug":"news-insights","status":"publish","type":"page","link":"https:\/\/www.surepay.eu\/de\/news-insights\/","title":{"rendered":"News &#038; Insights"},"content":{"rendered":"\t\t<div data-elementor-type=\"wp-page\" data-elementor-id=\"34805\" class=\"elementor elementor-34805 elementor-34079\" data-elementor-post-type=\"page\">\n\t\t\t\t\t\t<section data-particle_enable=\"false\" data-particle-mobile-disabled=\"false\" class=\"elementor-section elementor-top-section elementor-element elementor-element-4e935df elementor-section-height-min-height elementor-section-items-top elementor-section-content-middle elementor-section-boxed elementor-section-height-default\" data-id=\"4e935df\" data-element_type=\"section\" data-e-type=\"section\" data-settings=\"{&quot;background_background&quot;:&quot;classic&quot;}\">\n\t\t\t\t\t\t<div class=\"elementor-container elementor-column-gap-default\">\n\t\t\t\t\t<div class=\"elementor-column elementor-col-100 elementor-top-column elementor-element elementor-element-8ae314e main-1\" data-id=\"8ae314e\" data-element_type=\"column\" data-e-type=\"column\">\n\t\t\t<div class=\"elementor-widget-wrap elementor-element-populated\">\n\t\t\t\t\t\t<div class=\"elementor-element elementor-element-4bbe05a elementor-align-center elementor-widget__width-initial elementor-invisible elementor-widget elementor-widget-button\" data-id=\"4bbe05a\" data-element_type=\"widget\" data-e-type=\"widget\" data-settings=\"{&quot;_animation&quot;:&quot;fadeIn&quot;,&quot;_animation_delay&quot;:350}\" data-widget_type=\"button.default\">\n\t\t\t\t<div class=\"elementor-widget-container\">\n\t\t\t\t\t\t\t\t\t<div class=\"elementor-button-wrapper\">\n\t\t\t\t\t<a class=\"elementor-button elementor-size-sm elementor-animation-float\" role=\"button\">\n\t\t\t\t\t\t<span class=\"elementor-button-content-wrapper\">\n\t\t\t\t\t\t\t\t\t<span class=\"elementor-button-text\">News &amp; Insights<\/span>\n\t\t\t\t\t<\/span>\n\t\t\t\t\t<\/a>\n\t\t\t\t<\/div>\n\t\t\t\t\t\t\t\t<\/div>\n\t\t\t\t<\/div>\n\t\t\t\t<div class=\"elementor-element elementor-element-ff0f809 elementor-widget__width-initial elementor-invisible elementor-widget elementor-widget-heading\" data-id=\"ff0f809\" data-element_type=\"widget\" data-e-type=\"widget\" data-settings=\"{&quot;_animation&quot;:&quot;slideInUp&quot;}\" data-widget_type=\"heading.default\">\n\t\t\t\t<div class=\"elementor-widget-container\">\n\t\t\t\t\t<h2 class=\"elementor-heading-title elementor-size-default\">Von t\u00e4glichen Updates bis hin zu ausf\u00fchrlichen Artikeln<\/h2>\t\t\t\t<\/div>\n\t\t\t\t<\/div>\n\t\t\t\t\t<\/div>\n\t\t<\/div>\n\t\t\t\t\t<\/div>\n\t\t<\/section>\n\t\t\t\t<section data-particle_enable=\"false\" data-particle-mobile-disabled=\"false\" class=\"elementor-section elementor-top-section elementor-element elementor-element-d94c77e elementor-section-boxed elementor-section-height-default elementor-section-height-default\" data-id=\"d94c77e\" data-element_type=\"section\" data-e-type=\"section\">\n\t\t\t\t\t\t<div class=\"elementor-container elementor-column-gap-default\">\n\t\t\t\t\t<div class=\"elementor-column elementor-col-50 elementor-top-column elementor-element elementor-element-2c65c8b a-dec\" data-id=\"2c65c8b\" data-element_type=\"column\" data-e-type=\"column\">\n\t\t\t<div class=\"elementor-widget-wrap elementor-element-populated\">\n\t\t\t\t\t\t<div class=\"elementor-element elementor-element-37d06fe elementor-widget elementor-widget-heading\" data-id=\"37d06fe\" data-element_type=\"widget\" data-e-type=\"widget\" data-widget_type=\"heading.default\">\n\t\t\t\t<div class=\"elementor-widget-container\">\n\t\t\t\t\t<h2 class=\"elementor-heading-title elementor-size-default\">Beliebte Beitr\u00e4ge\n<\/h2>\t\t\t\t<\/div>\n\t\t\t\t<\/div>\n\t\t\t\t\t<\/div>\n\t\t<\/div>\n\t\t\t\t<div class=\"elementor-column elementor-col-50 elementor-top-column elementor-element elementor-element-fd93fef\" data-id=\"fd93fef\" data-element_type=\"column\" data-e-type=\"column\">\n\t\t\t<div class=\"elementor-widget-wrap elementor-element-populated\">\n\t\t\t\t\t\t\t<\/div>\n\t\t<\/div>\n\t\t\t\t\t<\/div>\n\t\t<\/section>\n\t\t\t\t<section data-particle_enable=\"false\" data-particle-mobile-disabled=\"false\" class=\"elementor-section elementor-top-section elementor-element elementor-element-be75517 elementor-section-boxed elementor-section-height-default elementor-section-height-default\" data-id=\"be75517\" data-element_type=\"section\" data-e-type=\"section\">\n\t\t\t\t\t\t<div class=\"elementor-container elementor-column-gap-default\">\n\t\t\t\t\t<div class=\"elementor-column elementor-col-100 elementor-top-column elementor-element elementor-element-36ea6d9\" data-id=\"36ea6d9\" data-element_type=\"column\" data-e-type=\"column\">\n\t\t\t<div class=\"elementor-widget-wrap elementor-element-populated\">\n\t\t\t\t\t\t<section data-particle_enable=\"false\" data-particle-mobile-disabled=\"false\" class=\"elementor-section elementor-inner-section elementor-element elementor-element-c72eac9 elementor-section-boxed elementor-section-height-default elementor-section-height-default elementor-invisible\" data-id=\"c72eac9\" data-element_type=\"section\" data-e-type=\"section\" data-settings=\"{&quot;animation&quot;:&quot;fadeInUp&quot;,&quot;background_background&quot;:&quot;classic&quot;}\">\n\t\t\t\t\t\t<div class=\"elementor-container elementor-column-gap-no\">\n\t\t\t\t\t<div class=\"elementor-column elementor-col-100 elementor-inner-column elementor-element elementor-element-7db8042\" data-id=\"7db8042\" data-element_type=\"column\" data-e-type=\"column\" data-settings=\"{&quot;background_background&quot;:&quot;classic&quot;}\">\n\t\t\t<div class=\"elementor-widget-wrap elementor-element-populated\">\n\t\t\t\t\t\t<div class=\"elementor-element elementor-element-1be7133 elementor-widget elementor-widget-heading\" data-id=\"1be7133\" data-element_type=\"widget\" data-e-type=\"widget\" data-widget_type=\"heading.default\">\n\t\t\t\t<div class=\"elementor-widget-container\">\n\t\t\t\t\t<h3 class=\"elementor-heading-title elementor-size-default\">Start today. Be sure who you pay.<\/h3>\t\t\t\t<\/div>\n\t\t\t\t<\/div>\n\t\t\t\t<div class=\"elementor-element elementor-element-ccb294a elementor-widget elementor-widget-text-editor\" data-id=\"ccb294a\" data-element_type=\"widget\" data-e-type=\"widget\" data-widget_type=\"text-editor.default\">\n\t\t\t\t<div class=\"elementor-widget-container\">\n\t\t\t\t\t\t\t\t\tBook a meeting to discuss how SurePay can support your organization.\t\t\t\t\t\t\t\t<\/div>\n\t\t\t\t<\/div>\n\t\t\t\t<section data-particle_enable=\"false\" data-particle-mobile-disabled=\"false\" class=\"elementor-section elementor-inner-section elementor-element elementor-element-b1362ff elementor-section-content-middle elementor-section-boxed elementor-section-height-default elementor-section-height-default\" data-id=\"b1362ff\" data-element_type=\"section\" data-e-type=\"section\">\n\t\t\t\t\t\t<div class=\"elementor-container elementor-column-gap-default\">\n\t\t\t\t\t<div class=\"elementor-column elementor-col-100 elementor-inner-column elementor-element elementor-element-a512bf7\" data-id=\"a512bf7\" data-element_type=\"column\" data-e-type=\"column\">\n\t\t\t<div class=\"elementor-widget-wrap elementor-element-populated\">\n\t\t\t\t\t\t<div class=\"elementor-element elementor-element-3bf70ce elementor-align-center elementor-widget__width-initial hover-trigger elementor-invisible elementor-widget elementor-widget-button\" data-id=\"3bf70ce\" data-element_type=\"widget\" data-e-type=\"widget\" data-settings=\"{&quot;_animation&quot;:&quot;fadeIn&quot;,&quot;_animation_delay&quot;:350}\" data-widget_type=\"button.default\">\n\t\t\t\t<div class=\"elementor-widget-container\">\n\t\t\t\t\t\t\t\t\t<div class=\"elementor-button-wrapper\">\n\t\t\t\t\t<a class=\"elementor-button elementor-button-link elementor-size-sm elementor-animation-float\" href=\"https:\/\/www.surepay.eu\/demo\" target=\"_blank\">\n\t\t\t\t\t\t<span class=\"elementor-button-content-wrapper\">\n\t\t\t\t\t\t\t\t\t<span class=\"elementor-button-text\">Book a meeting<\/span>\n\t\t\t\t\t<\/span>\n\t\t\t\t\t<\/a>\n\t\t\t\t<\/div>\n\t\t\t\t\t\t\t\t<\/div>\n\t\t\t\t<\/div>\n\t\t\t\t\t<\/div>\n\t\t<\/div>\n\t\t\t\t\t<\/div>\n\t\t<\/section>\n\t\t\t\t<div class=\"elementor-element elementor-element-0e4e6f3 elementor-widget__width-auto elementor-hidden-mobile elementor-widget elementor-widget-image\" data-id=\"0e4e6f3\" data-element_type=\"widget\" data-e-type=\"widget\" data-widget_type=\"image.default\">\n\t\t\t\t<div class=\"elementor-widget-container\">\n\t\t\t\t\t\t\t\t\t\t\t\t\t\t\t<img fetchpriority=\"high\" decoding=\"async\" width=\"1920\" height=\"748\" src=\"https:\/\/www.surepay.eu\/wp-content\/uploads\/2026\/02\/portal-screen-centered.jpg\" class=\"attachment-full size-full wp-image-27807\" alt=\"\" srcset=\"https:\/\/www.surepay.eu\/wp-content\/uploads\/2026\/02\/portal-screen-centered.jpg 1920w, https:\/\/www.surepay.eu\/wp-content\/uploads\/2026\/02\/portal-screen-centered-300x117.jpg 300w, https:\/\/www.surepay.eu\/wp-content\/uploads\/2026\/02\/portal-screen-centered-1024x399.jpg 1024w, https:\/\/www.surepay.eu\/wp-content\/uploads\/2026\/02\/portal-screen-centered-768x299.jpg 768w, https:\/\/www.surepay.eu\/wp-content\/uploads\/2026\/02\/portal-screen-centered-1536x598.jpg 1536w\" sizes=\"(max-width: 1920px) 100vw, 1920px\" \/>\t\t\t\t\t\t\t\t\t\t\t\t\t\t\t<\/div>\n\t\t\t\t<\/div>\n\t\t\t\t\t<\/div>\n\t\t<\/div>\n\t\t\t\t\t<\/div>\n\t\t<\/section>\n\t\t\t\t\t<\/div>\n\t\t<\/div>\n\t\t\t\t\t<\/div>\n\t\t<\/section>\n\t\t\t\t<\/div>\n\t\t","protected":false},"excerpt":{"rendered":"<p>News &amp; Insights Von t\u00e4glichen Updates bis hin zu ausf\u00fchrlichen Artikeln Beliebte Beitr\u00e4ge Start today. Be sure who you pay. Book a meeting to discuss how SurePay can support your organization. Book a meeting<\/p>\n","protected":false},"author":4,"featured_media":5061,"parent":0,"menu_order":0,"comment_status":"closed","ping_status":"closed","template":"","meta":{"_acf_changed":false,"content-type":"","inline_featured_image":false,"footnotes":""},"class_list":["post-34805","page","type-page","status-publish","has-post-thumbnail","hentry"],"acf":[],"yoast_head":"<!-- This site is optimized with the Yoast SEO plugin v27.3 - https:\/\/yoast.com\/product\/yoast-seo-wordpress\/ -->\n<title>News &amp; Insights &#8226; SurePay<\/title>\n<meta name=\"robots\" content=\"noindex, nofollow\" \/>\n<meta property=\"og:locale\" content=\"de_DE\" \/>\n<meta property=\"og:type\" content=\"article\" \/>\n<meta property=\"og:title\" content=\"News &amp; Insights &#8226; SurePay\" \/>\n<meta property=\"og:description\" content=\"News &amp; Insights Von t\u00e4glichen Updates bis hin zu ausf\u00fchrlichen Artikeln Beliebte Beitr\u00e4ge Start today. Be sure who you pay. Book a meeting to discuss how SurePay can support your organization. Book a meeting\" \/>\n<meta property=\"og:url\" content=\"https:\/\/www.surepay.eu\/de\/news-insights\/\" \/>\n<meta property=\"og:site_name\" content=\"SurePay\" \/>\n<meta property=\"article:publisher\" content=\"https:\/\/m.facebook.com\/p\/SurePay-100071898237241\/\" \/>\n<meta property=\"article:modified_time\" content=\"2026-04-03T08:43:41+00:00\" \/>\n<meta property=\"og:image\" content=\"https:\/\/www.surepay.eu\/wp-content\/uploads\/2023\/11\/HR-join-team.png\" \/>\n\t<meta property=\"og:image:width\" content=\"1920\" \/>\n\t<meta property=\"og:image:height\" content=\"1279\" \/>\n\t<meta property=\"og:image:type\" content=\"image\/png\" \/>\n<meta name=\"twitter:card\" content=\"summary_large_image\" \/>\n<meta name=\"twitter:site\" content=\"@SurePayNL\" \/>\n<meta name=\"twitter:label1\" content=\"Gesch\u00e4tzte Lesezeit\" \/>\n\t<meta name=\"twitter:data1\" content=\"3\u00a0Minuten\" \/>\n<script type=\"application\/ld+json\" class=\"yoast-schema-graph\">{\"@context\":\"https:\\\/\\\/schema.org\",\"@graph\":[{\"@type\":\"WebPage\",\"@id\":\"https:\\\/\\\/www.surepay.eu\\\/de\\\/news-insights\\\/\",\"url\":\"https:\\\/\\\/www.surepay.eu\\\/de\\\/news-insights\\\/\",\"name\":\"News & Insights &#8226; SurePay\",\"isPartOf\":{\"@id\":\"https:\\\/\\\/www.surepay.eu\\\/de\\\/#website\"},\"primaryImageOfPage\":{\"@id\":\"https:\\\/\\\/www.surepay.eu\\\/de\\\/news-insights\\\/#primaryimage\"},\"image\":{\"@id\":\"https:\\\/\\\/www.surepay.eu\\\/de\\\/news-insights\\\/#primaryimage\"},\"thumbnailUrl\":\"https:\\\/\\\/www.surepay.eu\\\/wp-content\\\/uploads\\\/2023\\\/11\\\/HR-join-team.png\",\"datePublished\":\"2026-03-30T11:59:28+00:00\",\"dateModified\":\"2026-04-03T08:43:41+00:00\",\"breadcrumb\":{\"@id\":\"https:\\\/\\\/www.surepay.eu\\\/de\\\/news-insights\\\/#breadcrumb\"},\"inLanguage\":\"de\",\"potentialAction\":[{\"@type\":\"ReadAction\",\"target\":[\"https:\\\/\\\/www.surepay.eu\\\/de\\\/news-insights\\\/\"]}]},{\"@type\":\"ImageObject\",\"inLanguage\":\"de\",\"@id\":\"https:\\\/\\\/www.surepay.eu\\\/de\\\/news-insights\\\/#primaryimage\",\"url\":\"https:\\\/\\\/www.surepay.eu\\\/wp-content\\\/uploads\\\/2023\\\/11\\\/HR-join-team.png\",\"contentUrl\":\"https:\\\/\\\/www.surepay.eu\\\/wp-content\\\/uploads\\\/2023\\\/11\\\/HR-join-team.png\",\"width\":1920,\"height\":1279},{\"@type\":\"BreadcrumbList\",\"@id\":\"https:\\\/\\\/www.surepay.eu\\\/de\\\/news-insights\\\/#breadcrumb\",\"itemListElement\":[{\"@type\":\"ListItem\",\"position\":1,\"name\":\"Home\",\"item\":\"https:\\\/\\\/www.surepay.eu\\\/de\\\/\"},{\"@type\":\"ListItem\",\"position\":2,\"name\":\"News &#038; Insights\"}]},{\"@type\":\"WebSite\",\"@id\":\"https:\\\/\\\/www.surepay.eu\\\/de\\\/#website\",\"url\":\"https:\\\/\\\/www.surepay.eu\\\/de\\\/\",\"name\":\"SurePay\",\"description\":\"SurePay - maakt betalen persoonlijker en nog veiliger\",\"publisher\":{\"@id\":\"https:\\\/\\\/www.surepay.eu\\\/de\\\/#organization\"},\"potentialAction\":[{\"@type\":\"SearchAction\",\"target\":{\"@type\":\"EntryPoint\",\"urlTemplate\":\"https:\\\/\\\/www.surepay.eu\\\/de\\\/?s={search_term_string}\"},\"query-input\":{\"@type\":\"PropertyValueSpecification\",\"valueRequired\":true,\"valueName\":\"search_term_string\"}}],\"inLanguage\":\"de\"},{\"@type\":\"Organization\",\"@id\":\"https:\\\/\\\/www.surepay.eu\\\/de\\\/#organization\",\"name\":\"SurePay\",\"url\":\"https:\\\/\\\/www.surepay.eu\\\/de\\\/\",\"logo\":{\"@type\":\"ImageObject\",\"inLanguage\":\"de\",\"@id\":\"https:\\\/\\\/www.surepay.eu\\\/de\\\/#\\\/schema\\\/logo\\\/image\\\/\",\"url\":\"https:\\\/\\\/www.surepay.eu\\\/wp-content\\\/uploads\\\/2023\\\/08\\\/surepay_logo.png\",\"contentUrl\":\"https:\\\/\\\/www.surepay.eu\\\/wp-content\\\/uploads\\\/2023\\\/08\\\/surepay_logo.png\",\"width\":896,\"height\":184,\"caption\":\"SurePay\"},\"image\":{\"@id\":\"https:\\\/\\\/www.surepay.eu\\\/de\\\/#\\\/schema\\\/logo\\\/image\\\/\"},\"sameAs\":[\"https:\\\/\\\/m.facebook.com\\\/p\\\/SurePay-100071898237241\\\/\",\"https:\\\/\\\/x.com\\\/SurePayNL\",\"https:\\\/\\\/nl.linkedin.com\\\/company\\\/surepaynl\",\"https:\\\/\\\/www.instagram.com\\\/surepay_nl\\\/\"]}]}<\/script>\n<!-- \/ Yoast SEO plugin. -->","yoast_head_json":{"title":"News & Insights &#8226; SurePay","robots":{"index":"noindex","follow":"nofollow"},"og_locale":"de_DE","og_type":"article","og_title":"News & Insights &#8226; SurePay","og_description":"News &amp; Insights Von t\u00e4glichen Updates bis hin zu ausf\u00fchrlichen Artikeln Beliebte Beitr\u00e4ge Start today. Be sure who you pay. Book a meeting to discuss how SurePay can support your organization. Book a meeting","og_url":"https:\/\/www.surepay.eu\/de\/news-insights\/","og_site_name":"SurePay","article_publisher":"https:\/\/m.facebook.com\/p\/SurePay-100071898237241\/","article_modified_time":"2026-04-03T08:43:41+00:00","og_image":[{"width":1920,"height":1279,"url":"https:\/\/www.surepay.eu\/wp-content\/uploads\/2023\/11\/HR-join-team.png","type":"image\/png"}],"twitter_card":"summary_large_image","twitter_site":"@SurePayNL","twitter_misc":{"Gesch\u00e4tzte Lesezeit":"3\u00a0Minuten"},"schema":{"@context":"https:\/\/schema.org","@graph":[{"@type":"WebPage","@id":"https:\/\/www.surepay.eu\/de\/news-insights\/","url":"https:\/\/www.surepay.eu\/de\/news-insights\/","name":"News & Insights &#8226; SurePay","isPartOf":{"@id":"https:\/\/www.surepay.eu\/de\/#website"},"primaryImageOfPage":{"@id":"https:\/\/www.surepay.eu\/de\/news-insights\/#primaryimage"},"image":{"@id":"https:\/\/www.surepay.eu\/de\/news-insights\/#primaryimage"},"thumbnailUrl":"https:\/\/www.surepay.eu\/wp-content\/uploads\/2023\/11\/HR-join-team.png","datePublished":"2026-03-30T11:59:28+00:00","dateModified":"2026-04-03T08:43:41+00:00","breadcrumb":{"@id":"https:\/\/www.surepay.eu\/de\/news-insights\/#breadcrumb"},"inLanguage":"de","potentialAction":[{"@type":"ReadAction","target":["https:\/\/www.surepay.eu\/de\/news-insights\/"]}]},{"@type":"ImageObject","inLanguage":"de","@id":"https:\/\/www.surepay.eu\/de\/news-insights\/#primaryimage","url":"https:\/\/www.surepay.eu\/wp-content\/uploads\/2023\/11\/HR-join-team.png","contentUrl":"https:\/\/www.surepay.eu\/wp-content\/uploads\/2023\/11\/HR-join-team.png","width":1920,"height":1279},{"@type":"BreadcrumbList","@id":"https:\/\/www.surepay.eu\/de\/news-insights\/#breadcrumb","itemListElement":[{"@type":"ListItem","position":1,"name":"Home","item":"https:\/\/www.surepay.eu\/de\/"},{"@type":"ListItem","position":2,"name":"News &#038; Insights"}]},{"@type":"WebSite","@id":"https:\/\/www.surepay.eu\/de\/#website","url":"https:\/\/www.surepay.eu\/de\/","name":"SurePay","description":"SurePay - maakt betalen persoonlijker en nog veiliger","publisher":{"@id":"https:\/\/www.surepay.eu\/de\/#organization"},"potentialAction":[{"@type":"SearchAction","target":{"@type":"EntryPoint","urlTemplate":"https:\/\/www.surepay.eu\/de\/?s={search_term_string}"},"query-input":{"@type":"PropertyValueSpecification","valueRequired":true,"valueName":"search_term_string"}}],"inLanguage":"de"},{"@type":"Organization","@id":"https:\/\/www.surepay.eu\/de\/#organization","name":"SurePay","url":"https:\/\/www.surepay.eu\/de\/","logo":{"@type":"ImageObject","inLanguage":"de","@id":"https:\/\/www.surepay.eu\/de\/#\/schema\/logo\/image\/","url":"https:\/\/www.surepay.eu\/wp-content\/uploads\/2023\/08\/surepay_logo.png","contentUrl":"https:\/\/www.surepay.eu\/wp-content\/uploads\/2023\/08\/surepay_logo.png","width":896,"height":184,"caption":"SurePay"},"image":{"@id":"https:\/\/www.surepay.eu\/de\/#\/schema\/logo\/image\/"},"sameAs":["https:\/\/m.facebook.com\/p\/SurePay-100071898237241\/","https:\/\/x.com\/SurePayNL","https:\/\/nl.linkedin.com\/company\/surepaynl","https:\/\/www.instagram.com\/surepay_nl\/"]}]}},"_links":{"self":[{"href":"https:\/\/www.surepay.eu\/de\/wp-json\/wp\/v2\/pages\/34805","targetHints":{"allow":["GET"]}}],"collection":[{"href":"https:\/\/www.surepay.eu\/de\/wp-json\/wp\/v2\/pages"}],"about":[{"href":"https:\/\/www.surepay.eu\/de\/wp-json\/wp\/v2\/types\/page"}],"author":[{"embeddable":true,"href":"https:\/\/www.surepay.eu\/de\/wp-json\/wp\/v2\/users\/4"}],"replies":[{"embeddable":true,"href":"https:\/\/www.surepay.eu\/de\/wp-json\/wp\/v2\/comments?post=34805"}],"version-history":[{"count":6,"href":"https:\/\/www.surepay.eu\/de\/wp-json\/wp\/v2\/pages\/34805\/revisions"}],"predecessor-version":[{"id":34860,"href":"https:\/\/www.surepay.eu\/de\/wp-json\/wp\/v2\/pages\/34805\/revisions\/34860"}],"wp:featuredmedia":[{"embeddable":true,"href":"https:\/\/www.surepay.eu\/de\/wp-json\/wp\/v2\/media\/5061"}],"wp:attachment":[{"href":"https:\/\/www.surepay.eu\/de\/wp-json\/wp\/v2\/media?parent=34805"}],"curies":[{"name":"wp","href":"https:\/\/api.w.org\/{rel}","templated":true}]}}