{"id":3493,"date":"2023-09-25T14:11:34","date_gmt":"2023-09-25T12:11:34","guid":{"rendered":"https:\/\/www.surepay.eu\/brochure-iban-naam-check-voor-banken\/"},"modified":"2024-08-02T09:52:33","modified_gmt":"2024-08-02T07:52:33","slug":"broschuere-iban-name-check","status":"publish","type":"page","link":"https:\/\/www.surepay.eu\/de\/broschuere-iban-name-check\/","title":{"rendered":"Brosch\u00fcre IBAN-Name Check"},"content":{"rendered":"\t\t<div data-elementor-type=\"wp-page\" data-elementor-id=\"3493\" class=\"elementor elementor-3493\" data-elementor-post-type=\"page\">\n\t\t\t\t\t\t<section data-particle_enable=\"false\" data-particle-mobile-disabled=\"false\" class=\"elementor-section elementor-top-section elementor-element elementor-element-50e3e1e3 elementor-section-height-min-height elementor-section-items-top elementor-section-content-middle elementor-section-boxed elementor-section-height-default\" data-id=\"50e3e1e3\" data-element_type=\"section\" data-e-type=\"section\" data-settings=\"{&quot;background_background&quot;:&quot;classic&quot;}\">\n\t\t\t\t\t\t<div class=\"elementor-container elementor-column-gap-default\">\n\t\t\t\t\t<div class=\"elementor-column elementor-col-100 elementor-top-column elementor-element elementor-element-1a6a0ae7 main-1\" data-id=\"1a6a0ae7\" data-element_type=\"column\" data-e-type=\"column\">\n\t\t\t<div class=\"elementor-widget-wrap elementor-element-populated\">\n\t\t\t\t\t\t<div class=\"elementor-element elementor-element-68162e1b elementor-widget elementor-widget-heading\" data-id=\"68162e1b\" data-element_type=\"widget\" data-e-type=\"widget\" data-widget_type=\"heading.default\">\n\t\t\t\t<div class=\"elementor-widget-container\">\n\t\t\t\t\t<h1 class=\"elementor-heading-title elementor-size-default\">Brosch\u00fcre IBAN-Name Check<\/h1>\t\t\t\t<\/div>\n\t\t\t\t<\/div>\n\t\t\t\t<div class=\"elementor-element elementor-element-486aad6 elementor-widget elementor-widget-text-editor\" data-id=\"486aad6\" data-element_type=\"widget\" data-e-type=\"widget\" data-widget_type=\"text-editor.default\">\n\t\t\t\t<div class=\"elementor-widget-container\">\n\t\t\t\t\t\t\t\t\t<p>Sind Sie vorbereitet, die neuesten Anforderungen der Verordnung \u00fcber Sofort\u00fcberweisungen zu erf\u00fcllen? Die Banken sind verpflichtet, den IBAN-Namenscheck einzuf\u00fchren, und SurePay bietet Ihnen die perfekte L\u00f6sung.\u00a0<\/p>\t\t\t\t\t\t\t\t<\/div>\n\t\t\t\t<\/div>\n\t\t\t\t<section data-particle_enable=\"false\" data-particle-mobile-disabled=\"false\" class=\"elementor-section elementor-inner-section elementor-element elementor-element-41e162c6 elementor-section-boxed elementor-section-height-default elementor-section-height-default\" data-id=\"41e162c6\" data-element_type=\"section\" data-e-type=\"section\">\n\t\t\t\t\t\t<div class=\"elementor-container elementor-column-gap-default\">\n\t\t\t\t\t<div class=\"elementor-column elementor-col-100 elementor-inner-column elementor-element elementor-element-30ddd4cb\" data-id=\"30ddd4cb\" data-element_type=\"column\" data-e-type=\"column\">\n\t\t\t<div class=\"elementor-widget-wrap elementor-element-populated\">\n\t\t\t\t\t\t<div class=\"elementor-element elementor-element-2c77854 elementor-align-right elementor-widget__width-auto elementor-invisible elementor-widget elementor-widget-button\" data-id=\"2c77854\" data-element_type=\"widget\" data-e-type=\"widget\" data-settings=\"{&quot;_animation&quot;:&quot;fadeIn&quot;,&quot;_animation_delay&quot;:500}\" data-widget_type=\"button.default\">\n\t\t\t\t<div class=\"elementor-widget-container\">\n\t\t\t\t\t\t\t\t\t<div class=\"elementor-button-wrapper\">\n\t\t\t\t\t<a class=\"elementor-button elementor-button-link elementor-size-sm elementor-animation-float\" href=\"https:\/\/www.surepay.eu\/meet-lotte\">\n\t\t\t\t\t\t<span class=\"elementor-button-content-wrapper\">\n\t\t\t\t\t\t\t\t\t<span class=\"elementor-button-text\">Termin vereinbaren<\/span>\n\t\t\t\t\t<\/span>\n\t\t\t\t\t<\/a>\n\t\t\t\t<\/div>\n\t\t\t\t\t\t\t\t<\/div>\n\t\t\t\t<\/div>\n\t\t\t\t\t<\/div>\n\t\t<\/div>\n\t\t\t\t\t<\/div>\n\t\t<\/section>\n\t\t\t\t\t<\/div>\n\t\t<\/div>\n\t\t\t\t\t<\/div>\n\t\t<\/section>\n\t\t\t\t<section data-particle_enable=\"false\" data-particle-mobile-disabled=\"false\" class=\"elementor-section elementor-top-section elementor-element elementor-element-d12141c elementor-section-boxed elementor-section-height-default elementor-section-height-default\" data-id=\"d12141c\" data-element_type=\"section\" data-e-type=\"section\">\n\t\t\t\t\t\t<div class=\"elementor-container elementor-column-gap-default\">\n\t\t\t\t\t<div class=\"elementor-column elementor-col-50 elementor-top-column elementor-element elementor-element-dc22268\" data-id=\"dc22268\" data-element_type=\"column\" data-e-type=\"column\">\n\t\t\t<div class=\"elementor-widget-wrap elementor-element-populated\">\n\t\t\t\t\t\t<div class=\"elementor-element elementor-element-fc32d97 elementor-widget elementor-widget-text-editor\" data-id=\"fc32d97\" data-element_type=\"widget\" data-e-type=\"widget\" data-widget_type=\"text-editor.default\">\n\t\t\t\t<div class=\"elementor-widget-container\">\n\t\t\t\t\t\t\t\t\t<p>Dieses Dokument richtet sich an Banken, die die IBAN Name Check API in ihre Gesch\u00e4ftsprozesse einbauen wollen.<\/p><p>Das Dokument beschreibt die Funktionen und Vorteile. Beschreibt die Anwendungen und enth\u00e4lt praktische Informationen wie Lieferzeiten und Kosten.<\/p>\t\t\t\t\t\t\t\t<\/div>\n\t\t\t\t<\/div>\n\t\t\t\t\t<\/div>\n\t\t<\/div>\n\t\t\t\t<div class=\"elementor-column elementor-col-50 elementor-top-column elementor-element elementor-element-31b7986\" data-id=\"31b7986\" data-element_type=\"column\" data-e-type=\"column\">\n\t\t\t<div class=\"elementor-widget-wrap elementor-element-populated\">\n\t\t\t\t\t\t<div class=\"elementor-element elementor-element-fe4102c elementor-widget elementor-widget-heading\" data-id=\"fe4102c\" data-element_type=\"widget\" data-e-type=\"widget\" data-widget_type=\"heading.default\">\n\t\t\t\t<div class=\"elementor-widget-container\">\n\t\t\t\t\t<h2 class=\"elementor-heading-title elementor-size-default\">Download der Brosch\u00fcre<\/h2>\t\t\t\t<\/div>\n\t\t\t\t<\/div>\n\t\t\t\t<div class=\"elementor-element elementor-element-f333eed elementor-widget elementor-widget-html\" data-id=\"f333eed\" data-element_type=\"widget\" data-e-type=\"widget\" data-widget_type=\"html.default\">\n\t\t\t\t<div class=\"elementor-widget-container\">\n\t\t\t\t\t<script charset=\"utf-8\" type=\"text\/javascript\" src=\"\/\/js-eu1.hsforms.net\/forms\/embed\/v2.js\"><\/script>\n<script>\n  hbspt.forms.create({\n    region: \"eu1\",\n    portalId: \"24977011\",\n    formId: \"64d2359e-0ccd-4898-a4a2-0a5a64cbe001\"\n  });\n<\/script>\t\t\t\t<\/div>\n\t\t\t\t<\/div>\n\t\t\t\t\t<\/div>\n\t\t<\/div>\n\t\t\t\t\t<\/div>\n\t\t<\/section>\n\t\t\t\t<\/div>\n\t\t","protected":false},"excerpt":{"rendered":"<p>Brosch\u00fcre IBAN-Name Check Sind Sie vorbereitet, die neuesten Anforderungen der Verordnung \u00fcber Sofort\u00fcberweisungen zu erf\u00fcllen? Die Banken sind verpflichtet, den IBAN-Namenscheck einzuf\u00fchren, und SurePay bietet Ihnen die perfekte L\u00f6sung. Termin vereinbaren Dieses Dokument richtet sich an Banken, die die IBAN Name Check API in ihre Gesch\u00e4ftsprozesse einbauen wollen. Das Dokument beschreibt die Funktionen und Vorteile. [&hellip;]<\/p>\n","protected":false},"author":4,"featured_media":0,"parent":0,"menu_order":0,"comment_status":"closed","ping_status":"closed","template":"","meta":{"_acf_changed":false,"content-type":"","inline_featured_image":false,"footnotes":""},"class_list":["post-3493","page","type-page","status-publish","hentry"],"acf":[],"yoast_head":"<!-- This site is optimized with the Yoast SEO plugin v27.4 - https:\/\/yoast.com\/product\/yoast-seo-wordpress\/ -->\n<title>SurePay IBAN-Name Check: Sicherheit f\u00fcr Ihre Zahlungen<\/title>\n<meta name=\"description\" content=\"Erfahren Sie, wie der SurePay IBAN-Name Check Zahlungen absichert und Betrug verhindert. Unsere L\u00f6sung sorgt f\u00fcr Vertrauen und Pr\u00e4zision im Zahlungsverkehr.\" \/>\n<meta name=\"robots\" content=\"index, follow, max-snippet:-1, max-image-preview:large, max-video-preview:-1\" \/>\n<link rel=\"canonical\" href=\"https:\/\/www.surepay.eu\/de\/broschuere-iban-name-check\/\" \/>\n<meta property=\"og:locale\" content=\"de_DE\" \/>\n<meta property=\"og:type\" content=\"article\" \/>\n<meta property=\"og:title\" content=\"SurePay IBAN-Name Check: Sicherheit f\u00fcr Ihre Zahlungen\" \/>\n<meta property=\"og:description\" content=\"Erfahren Sie, wie der SurePay IBAN-Name Check Zahlungen absichert und Betrug verhindert. Unsere L\u00f6sung sorgt f\u00fcr Vertrauen und Pr\u00e4zision im Zahlungsverkehr.\" \/>\n<meta property=\"og:url\" content=\"https:\/\/www.surepay.eu\/de\/broschuere-iban-name-check\/\" \/>\n<meta property=\"og:site_name\" content=\"SurePay\" \/>\n<meta property=\"article:publisher\" content=\"https:\/\/m.facebook.com\/p\/SurePay-100071898237241\/\" \/>\n<meta property=\"article:modified_time\" content=\"2024-08-02T07:52:33+00:00\" \/>\n<meta property=\"og:image\" content=\"https:\/\/www.surepay.eu\/wp-content\/uploads\/2023\/10\/SurePay-IBAN-Naam-Check-Portal.png\" \/>\n\t<meta property=\"og:image:width\" content=\"2500\" \/>\n\t<meta property=\"og:image:height\" content=\"1407\" \/>\n\t<meta property=\"og:image:type\" content=\"image\/png\" \/>\n<meta name=\"twitter:card\" content=\"summary_large_image\" \/>\n<meta name=\"twitter:site\" content=\"@SurePayNL\" \/>\n<meta name=\"twitter:label1\" content=\"Gesch\u00e4tzte Lesezeit\" \/>\n\t<meta name=\"twitter:data1\" content=\"1\u00a0Minute\" \/>\n<script type=\"application\/ld+json\" class=\"yoast-schema-graph\">{\"@context\":\"https:\\\/\\\/schema.org\",\"@graph\":[{\"@type\":\"WebPage\",\"@id\":\"https:\\\/\\\/www.surepay.eu\\\/de\\\/broschuere-iban-name-check\\\/\",\"url\":\"https:\\\/\\\/www.surepay.eu\\\/de\\\/broschuere-iban-name-check\\\/\",\"name\":\"SurePay IBAN-Name Check: Sicherheit f\u00fcr Ihre Zahlungen\",\"isPartOf\":{\"@id\":\"https:\\\/\\\/www.surepay.eu\\\/de\\\/#website\"},\"datePublished\":\"2023-09-25T12:11:34+00:00\",\"dateModified\":\"2024-08-02T07:52:33+00:00\",\"description\":\"Erfahren Sie, wie der SurePay IBAN-Name Check Zahlungen absichert und Betrug verhindert. Unsere L\u00f6sung sorgt f\u00fcr Vertrauen und Pr\u00e4zision im Zahlungsverkehr.\",\"breadcrumb\":{\"@id\":\"https:\\\/\\\/www.surepay.eu\\\/de\\\/broschuere-iban-name-check\\\/#breadcrumb\"},\"inLanguage\":\"de\",\"potentialAction\":[{\"@type\":\"ReadAction\",\"target\":[\"https:\\\/\\\/www.surepay.eu\\\/de\\\/broschuere-iban-name-check\\\/\"]}]},{\"@type\":\"BreadcrumbList\",\"@id\":\"https:\\\/\\\/www.surepay.eu\\\/de\\\/broschuere-iban-name-check\\\/#breadcrumb\",\"itemListElement\":[{\"@type\":\"ListItem\",\"position\":1,\"name\":\"Home\",\"item\":\"https:\\\/\\\/www.surepay.eu\\\/de\\\/\"},{\"@type\":\"ListItem\",\"position\":2,\"name\":\"Brosch\u00fcre IBAN-Name Check\"}]},{\"@type\":\"WebSite\",\"@id\":\"https:\\\/\\\/www.surepay.eu\\\/de\\\/#website\",\"url\":\"https:\\\/\\\/www.surepay.eu\\\/de\\\/\",\"name\":\"SurePay\",\"description\":\"SurePay - maakt betalen persoonlijker en nog veiliger\",\"publisher\":{\"@id\":\"https:\\\/\\\/www.surepay.eu\\\/de\\\/#organization\"},\"potentialAction\":[{\"@type\":\"SearchAction\",\"target\":{\"@type\":\"EntryPoint\",\"urlTemplate\":\"https:\\\/\\\/www.surepay.eu\\\/de\\\/?s={search_term_string}\"},\"query-input\":{\"@type\":\"PropertyValueSpecification\",\"valueRequired\":true,\"valueName\":\"search_term_string\"}}],\"inLanguage\":\"de\"},{\"@type\":\"Organization\",\"@id\":\"https:\\\/\\\/www.surepay.eu\\\/de\\\/#organization\",\"name\":\"SurePay\",\"url\":\"https:\\\/\\\/www.surepay.eu\\\/de\\\/\",\"logo\":{\"@type\":\"ImageObject\",\"inLanguage\":\"de\",\"@id\":\"https:\\\/\\\/www.surepay.eu\\\/de\\\/#\\\/schema\\\/logo\\\/image\\\/\",\"url\":\"https:\\\/\\\/www.surepay.eu\\\/wp-content\\\/uploads\\\/2023\\\/08\\\/surepay_logo.png\",\"contentUrl\":\"https:\\\/\\\/www.surepay.eu\\\/wp-content\\\/uploads\\\/2023\\\/08\\\/surepay_logo.png\",\"width\":896,\"height\":184,\"caption\":\"SurePay\"},\"image\":{\"@id\":\"https:\\\/\\\/www.surepay.eu\\\/de\\\/#\\\/schema\\\/logo\\\/image\\\/\"},\"sameAs\":[\"https:\\\/\\\/m.facebook.com\\\/p\\\/SurePay-100071898237241\\\/\",\"https:\\\/\\\/x.com\\\/SurePayNL\",\"https:\\\/\\\/nl.linkedin.com\\\/company\\\/surepaynl\",\"https:\\\/\\\/www.instagram.com\\\/surepay_nl\\\/\"]}]}<\/script>\n<!-- \/ Yoast SEO plugin. -->","yoast_head_json":{"title":"SurePay IBAN-Name Check: Sicherheit f\u00fcr Ihre Zahlungen","description":"Erfahren Sie, wie der SurePay IBAN-Name Check Zahlungen absichert und Betrug verhindert. Unsere L\u00f6sung sorgt f\u00fcr Vertrauen und Pr\u00e4zision im Zahlungsverkehr.","robots":{"index":"index","follow":"follow","max-snippet":"max-snippet:-1","max-image-preview":"max-image-preview:large","max-video-preview":"max-video-preview:-1"},"canonical":"https:\/\/www.surepay.eu\/de\/broschuere-iban-name-check\/","og_locale":"de_DE","og_type":"article","og_title":"SurePay IBAN-Name Check: Sicherheit f\u00fcr Ihre Zahlungen","og_description":"Erfahren Sie, wie der SurePay IBAN-Name Check Zahlungen absichert und Betrug verhindert. Unsere L\u00f6sung sorgt f\u00fcr Vertrauen und Pr\u00e4zision im Zahlungsverkehr.","og_url":"https:\/\/www.surepay.eu\/de\/broschuere-iban-name-check\/","og_site_name":"SurePay","article_publisher":"https:\/\/m.facebook.com\/p\/SurePay-100071898237241\/","article_modified_time":"2024-08-02T07:52:33+00:00","og_image":[{"width":2500,"height":1407,"url":"https:\/\/www.surepay.eu\/wp-content\/uploads\/2023\/10\/SurePay-IBAN-Naam-Check-Portal.png","type":"image\/png"}],"twitter_card":"summary_large_image","twitter_site":"@SurePayNL","twitter_misc":{"Gesch\u00e4tzte Lesezeit":"1\u00a0Minute"},"schema":{"@context":"https:\/\/schema.org","@graph":[{"@type":"WebPage","@id":"https:\/\/www.surepay.eu\/de\/broschuere-iban-name-check\/","url":"https:\/\/www.surepay.eu\/de\/broschuere-iban-name-check\/","name":"SurePay IBAN-Name Check: Sicherheit f\u00fcr Ihre Zahlungen","isPartOf":{"@id":"https:\/\/www.surepay.eu\/de\/#website"},"datePublished":"2023-09-25T12:11:34+00:00","dateModified":"2024-08-02T07:52:33+00:00","description":"Erfahren Sie, wie der SurePay IBAN-Name Check Zahlungen absichert und Betrug verhindert. Unsere L\u00f6sung sorgt f\u00fcr Vertrauen und Pr\u00e4zision im Zahlungsverkehr.","breadcrumb":{"@id":"https:\/\/www.surepay.eu\/de\/broschuere-iban-name-check\/#breadcrumb"},"inLanguage":"de","potentialAction":[{"@type":"ReadAction","target":["https:\/\/www.surepay.eu\/de\/broschuere-iban-name-check\/"]}]},{"@type":"BreadcrumbList","@id":"https:\/\/www.surepay.eu\/de\/broschuere-iban-name-check\/#breadcrumb","itemListElement":[{"@type":"ListItem","position":1,"name":"Home","item":"https:\/\/www.surepay.eu\/de\/"},{"@type":"ListItem","position":2,"name":"Brosch\u00fcre IBAN-Name Check"}]},{"@type":"WebSite","@id":"https:\/\/www.surepay.eu\/de\/#website","url":"https:\/\/www.surepay.eu\/de\/","name":"SurePay","description":"SurePay - maakt betalen persoonlijker en nog veiliger","publisher":{"@id":"https:\/\/www.surepay.eu\/de\/#organization"},"potentialAction":[{"@type":"SearchAction","target":{"@type":"EntryPoint","urlTemplate":"https:\/\/www.surepay.eu\/de\/?s={search_term_string}"},"query-input":{"@type":"PropertyValueSpecification","valueRequired":true,"valueName":"search_term_string"}}],"inLanguage":"de"},{"@type":"Organization","@id":"https:\/\/www.surepay.eu\/de\/#organization","name":"SurePay","url":"https:\/\/www.surepay.eu\/de\/","logo":{"@type":"ImageObject","inLanguage":"de","@id":"https:\/\/www.surepay.eu\/de\/#\/schema\/logo\/image\/","url":"https:\/\/www.surepay.eu\/wp-content\/uploads\/2023\/08\/surepay_logo.png","contentUrl":"https:\/\/www.surepay.eu\/wp-content\/uploads\/2023\/08\/surepay_logo.png","width":896,"height":184,"caption":"SurePay"},"image":{"@id":"https:\/\/www.surepay.eu\/de\/#\/schema\/logo\/image\/"},"sameAs":["https:\/\/m.facebook.com\/p\/SurePay-100071898237241\/","https:\/\/x.com\/SurePayNL","https:\/\/nl.linkedin.com\/company\/surepaynl","https:\/\/www.instagram.com\/surepay_nl\/"]}]}},"_links":{"self":[{"href":"https:\/\/www.surepay.eu\/de\/wp-json\/wp\/v2\/pages\/3493","targetHints":{"allow":["GET"]}}],"collection":[{"href":"https:\/\/www.surepay.eu\/de\/wp-json\/wp\/v2\/pages"}],"about":[{"href":"https:\/\/www.surepay.eu\/de\/wp-json\/wp\/v2\/types\/page"}],"author":[{"embeddable":true,"href":"https:\/\/www.surepay.eu\/de\/wp-json\/wp\/v2\/users\/4"}],"replies":[{"embeddable":true,"href":"https:\/\/www.surepay.eu\/de\/wp-json\/wp\/v2\/comments?post=3493"}],"version-history":[{"count":0,"href":"https:\/\/www.surepay.eu\/de\/wp-json\/wp\/v2\/pages\/3493\/revisions"}],"wp:attachment":[{"href":"https:\/\/www.surepay.eu\/de\/wp-json\/wp\/v2\/media?parent=3493"}],"curies":[{"name":"wp","href":"https:\/\/api.w.org\/{rel}","templated":true}]}}