{"id":23061,"date":"2023-07-31T10:23:02","date_gmt":"2023-07-31T08:23:02","guid":{"rendered":"https:\/\/www.surepay.eu\/investors\/"},"modified":"2025-09-10T09:17:32","modified_gmt":"2025-09-10T07:17:32","slug":"investisseurs","status":"publish","type":"page","link":"https:\/\/www.surepay.eu\/fr\/investisseurs\/","title":{"rendered":"Investors"},"content":{"rendered":"\t\t<div data-elementor-type=\"wp-page\" data-elementor-id=\"23061\" class=\"elementor elementor-23061\" data-elementor-post-type=\"page\">\n\t\t\t\t\t\t<section data-particle_enable=\"false\" data-particle-mobile-disabled=\"false\" class=\"elementor-section elementor-top-section elementor-element elementor-element-c358513 elementor-section-boxed elementor-section-height-default elementor-section-height-default\" data-id=\"c358513\" data-element_type=\"section\" data-e-type=\"section\" data-settings=\"{&quot;background_background&quot;:&quot;classic&quot;,&quot;shape_divider_bottom&quot;:&quot;waves&quot;}\">\n\t\t\t\t\t<div class=\"elementor-shape elementor-shape-bottom\" aria-hidden=\"true\" data-negative=\"false\">\n\t\t\t<svg xmlns=\"http:\/\/www.w3.org\/2000\/svg\" viewBox=\"0 0 1000 100\" preserveAspectRatio=\"none\">\n\t<path class=\"elementor-shape-fill\" d=\"M421.9,6.5c22.6-2.5,51.5,0.4,75.5,5.3c23.6,4.9,70.9,23.5,100.5,35.7c75.8,32.2,133.7,44.5,192.6,49.7\n\tc23.6,2.1,48.7,3.5,103.4-2.5c54.7-6,106.2-25.6,106.2-25.6V0H0v30.3c0,0,72,32.6,158.4,30.5c39.2-0.7,92.8-6.7,134-22.4\n\tc21.2-8.1,52.2-18.2,79.7-24.2C399.3,7.9,411.6,7.5,421.9,6.5z\"\/>\n<\/svg>\t\t<\/div>\n\t\t\t\t\t<div class=\"elementor-container elementor-column-gap-default\">\n\t\t\t\t\t<div class=\"elementor-column elementor-col-100 elementor-top-column elementor-element elementor-element-b1a6d4c main-1\" data-id=\"b1a6d4c\" data-element_type=\"column\" data-e-type=\"column\">\n\t\t\t<div class=\"elementor-widget-wrap elementor-element-populated\">\n\t\t\t\t\t\t<div class=\"elementor-element elementor-element-a8f7f7b elementor-widget elementor-widget-heading\" data-id=\"a8f7f7b\" data-element_type=\"widget\" data-e-type=\"widget\" data-widget_type=\"heading.default\">\n\t\t\t\t<div class=\"elementor-widget-container\">\n\t\t\t\t\t<h1 class=\"elementor-heading-title elementor-size-default\">Nos investisseurs<\/h1>\t\t\t\t<\/div>\n\t\t\t\t<\/div>\n\t\t\t\t<div class=\"elementor-element elementor-element-8e2dba0 elementor-hidden-tablet elementor-hidden-mobile elementor-widget elementor-widget-text-editor\" data-id=\"8e2dba0\" data-element_type=\"widget\" data-e-type=\"widget\" data-widget_type=\"text-editor.default\">\n\t\t\t\t<div class=\"elementor-widget-container\">\n\t\t\t\t\t\t\t\t\t<div id=\"message-list_1754053727.841469\" class=\"c-virtual_list__item\" tabindex=\"0\" role=\"listitem\" aria-setsize=\"-1\" data-qa=\"virtual-list-item\" data-item-key=\"1754053727.841469\"><div class=\"c-message_kit__background p-message_pane_message__message c-message_kit__message\" role=\"presentation\" data-qa=\"message_container\" data-qa-unprocessed=\"false\" data-qa-placeholder=\"false\"><div class=\"c-message_kit__hover\" role=\"document\" aria-roledescription=\"message\" data-qa-hover=\"true\"><div class=\"c-message_kit__actions c-message_kit__actions--default\"><div class=\"c-message_kit__gutter\"><div class=\"c-message_kit__gutter__right\" role=\"presentation\" data-qa=\"message_content\"><div class=\"c-message_kit__blocks c-message_kit__blocks--rich_text\"><div class=\"c-message__message_blocks c-message__message_blocks--rich_text\" data-qa=\"message-text\"><div class=\"p-block_kit_renderer\" data-qa=\"block-kit-renderer\"><div class=\"p-block_kit_renderer__block_wrapper p-block_kit_renderer__block_wrapper--first\"><div class=\"p-rich_text_block\" dir=\"auto\"><div class=\"p-rich_text_section\"><b data-stringify-type=\"bold\">Perfected Version:<\/b>SurePay est soutenu par des investisseurs de premier plan, Rabo Investments et Carlyle Europe Technology Partners. Leur solide expertise en SaaS B2B et FinTech au niveau international renforce notre mission de lutte contre la fraude aux paiements mondiale et propulse notre croissance.<\/div><\/div><\/div><\/div><\/div><\/div><\/div><\/div><\/div><\/div><\/div><\/div>\t\t\t\t\t\t\t\t<\/div>\n\t\t\t\t<\/div>\n\t\t\t\t\t<\/div>\n\t\t<\/div>\n\t\t\t\t\t<\/div>\n\t\t<\/section>\n\t\t\t\t<section data-particle_enable=\"false\" data-particle-mobile-disabled=\"false\" class=\"elementor-section elementor-top-section elementor-element elementor-element-be52420 elementor-section-boxed elementor-section-height-default elementor-section-height-default\" data-id=\"be52420\" data-element_type=\"section\" data-e-type=\"section\">\n\t\t\t\t\t\t<div class=\"elementor-container elementor-column-gap-default\">\n\t\t\t\t\t<div class=\"elementor-column elementor-col-50 elementor-top-column elementor-element elementor-element-f425a35\" data-id=\"f425a35\" data-element_type=\"column\" data-e-type=\"column\">\n\t\t\t<div class=\"elementor-widget-wrap elementor-element-populated\">\n\t\t\t\t\t\t<div class=\"elementor-element elementor-element-e15abda elementor-widget elementor-widget-image\" data-id=\"e15abda\" data-element_type=\"widget\" data-e-type=\"widget\" data-widget_type=\"image.default\">\n\t\t\t\t<div class=\"elementor-widget-container\">\n\t\t\t\t\t\t\t\t\t\t\t\t\t\t\t<img fetchpriority=\"high\" decoding=\"async\" width=\"800\" height=\"266\" src=\"https:\/\/www.surepay.eu\/wp-content\/uploads\/2025\/06\/Ontwerp-zonder-titel-15-1024x341.jpg\" class=\"attachment-large size-large wp-image-22076\" alt=\"rabobank_logo\" srcset=\"https:\/\/www.surepay.eu\/wp-content\/uploads\/2025\/06\/Ontwerp-zonder-titel-15-1024x341.jpg 1024w, https:\/\/www.surepay.eu\/wp-content\/uploads\/2025\/06\/Ontwerp-zonder-titel-15-300x100.jpg 300w, https:\/\/www.surepay.eu\/wp-content\/uploads\/2025\/06\/Ontwerp-zonder-titel-15-768x256.jpg 768w, https:\/\/www.surepay.eu\/wp-content\/uploads\/2025\/06\/Ontwerp-zonder-titel-15.jpg 1200w\" sizes=\"(max-width: 800px) 100vw, 800px\" \/>\t\t\t\t\t\t\t\t\t\t\t\t\t\t\t<\/div>\n\t\t\t\t<\/div>\n\t\t\t\t<div class=\"elementor-element elementor-element-1c24daa elementor-widget elementor-widget-text-editor\" data-id=\"1c24daa\" data-element_type=\"widget\" data-e-type=\"widget\" data-widget_type=\"text-editor.default\">\n\t\t\t\t<div class=\"elementor-widget-container\">\n\t\t\t\t\t\t\t\t\t<p><a href=\"https:\/\/raboinvestments.com\/\"><strong>Rabo Investments<\/strong><\/a> est la branche d\u2019investissement en actions de Rabobank, une importante institution financi\u00e8re coop\u00e9rative dont le si\u00e8ge est situ\u00e9 \u00e0 Utrecht, aux Pays-Bas. Rabobank emploie plus de 40 000 personnes et offre \u00e0 des millions de clients particuliers et commerciaux une gamme compl\u00e8te de services financiers. Rabo Investments, la division de capital-investissement et de capital-risque de la banque, g\u00e8re plus de 2 milliards d\u2019euros d\u2019actifs et fournit des capitaux \u00e0 long terme \u00e0 des entreprises innovantes et en forte croissance.<\/p>\t\t\t\t\t\t\t\t<\/div>\n\t\t\t\t<\/div>\n\t\t\t\t\t<\/div>\n\t\t<\/div>\n\t\t\t\t<div class=\"elementor-column elementor-col-50 elementor-top-column elementor-element elementor-element-8d91ba5\" data-id=\"8d91ba5\" data-element_type=\"column\" data-e-type=\"column\">\n\t\t\t<div class=\"elementor-widget-wrap elementor-element-populated\">\n\t\t\t\t\t\t<div class=\"elementor-element elementor-element-fc0ec20 elementor-widget elementor-widget-image\" data-id=\"fc0ec20\" data-element_type=\"widget\" data-e-type=\"widget\" data-widget_type=\"image.default\">\n\t\t\t\t<div class=\"elementor-widget-container\">\n\t\t\t\t\t\t\t\t\t\t\t\t\t\t\t<img decoding=\"async\" width=\"800\" height=\"266\" src=\"https:\/\/www.surepay.eu\/wp-content\/uploads\/2025\/06\/Ontwerp-zonder-titel-16-1024x341.jpg\" class=\"attachment-large size-large wp-image-22079\" alt=\"carlyle_logo\" srcset=\"https:\/\/www.surepay.eu\/wp-content\/uploads\/2025\/06\/Ontwerp-zonder-titel-16-1024x341.jpg 1024w, https:\/\/www.surepay.eu\/wp-content\/uploads\/2025\/06\/Ontwerp-zonder-titel-16-300x100.jpg 300w, https:\/\/www.surepay.eu\/wp-content\/uploads\/2025\/06\/Ontwerp-zonder-titel-16-768x256.jpg 768w, https:\/\/www.surepay.eu\/wp-content\/uploads\/2025\/06\/Ontwerp-zonder-titel-16.jpg 1200w\" sizes=\"(max-width: 800px) 100vw, 800px\" \/>\t\t\t\t\t\t\t\t\t\t\t\t\t\t\t<\/div>\n\t\t\t\t<\/div>\n\t\t\t\t<div class=\"elementor-element elementor-element-5984f04 elementor-widget elementor-widget-text-editor\" data-id=\"5984f04\" data-element_type=\"widget\" data-e-type=\"widget\" data-widget_type=\"text-editor.default\">\n\t\t\t\t<div class=\"elementor-widget-container\">\n\t\t\t\t\t\t\t\t\t<p><a href=\"https:\/\/www.carlyle.com\/\"><strong>Carlyle Europe Technology Partners<\/strong><\/a> (\u2018CETP\u2019) est la strat\u00e9gie europ\u00e9enne d\u00e9di\u00e9e aux technologies de Carlyle, ax\u00e9e sur l\u2019investissement dans des entreprises technologiques B2B dans les domaines des logiciels, du mat\u00e9riel et des services num\u00e9riques. L\u2019\u00e9quipe b\u00e9n\u00e9ficie de plus de 25 ans d\u2019exp\u00e9rience dans l\u2019investissement dans le secteur technologique europ\u00e9en, en soutenant des entreprises dirig\u00e9es par des entrepreneurs ou des fondateurs, lorsque CETP estime pouvoir cr\u00e9er de la valeur gr\u00e2ce \u00e0 sa profonde expertise sectorielle et \u00e0 l\u2019acc\u00e8s aux ressources de la plateforme mondiale de Carlyle.<\/p>\t\t\t\t\t\t\t\t<\/div>\n\t\t\t\t<\/div>\n\t\t\t\t\t<\/div>\n\t\t<\/div>\n\t\t\t\t\t<\/div>\n\t\t<\/section>\n\t\t\t\t<section data-particle_enable=\"false\" data-particle-mobile-disabled=\"false\" class=\"elementor-section elementor-top-section elementor-element elementor-element-cfd31b7 BgFull elementor-section-boxed elementor-section-height-default elementor-section-height-default\" data-id=\"cfd31b7\" data-element_type=\"section\" data-e-type=\"section\" data-settings=\"{&quot;background_background&quot;:&quot;classic&quot;}\">\n\t\t\t\t\t\t<div class=\"elementor-container elementor-column-gap-default\">\n\t\t\t\t\t<div class=\"elementor-column elementor-col-100 elementor-top-column elementor-element elementor-element-6227150\" data-id=\"6227150\" data-element_type=\"column\" data-e-type=\"column\">\n\t\t\t<div class=\"elementor-widget-wrap elementor-element-populated\">\n\t\t\t\t\t\t<div class=\"elementor-element elementor-element-8c9e5a4 elementor-widget elementor-widget-heading\" data-id=\"8c9e5a4\" data-element_type=\"widget\" data-e-type=\"widget\" data-widget_type=\"heading.default\">\n\t\t\t\t<div class=\"elementor-widget-container\">\n\t\t\t\t\t<h3 class=\"elementor-heading-title elementor-size-default\">Vous souhaitez en savoir plus sur la V\u00e9rification du B\u00e9n\u00e9ficiaire?<\/h3>\t\t\t\t<\/div>\n\t\t\t\t<\/div>\n\t\t\t\t<section data-particle_enable=\"false\" data-particle-mobile-disabled=\"false\" class=\"elementor-section elementor-inner-section elementor-element elementor-element-3d2c0ba elementor-section-boxed elementor-section-height-default elementor-section-height-default elementor-invisible\" data-id=\"3d2c0ba\" data-element_type=\"section\" data-e-type=\"section\" data-settings=\"{&quot;animation&quot;:&quot;fadeInUp&quot;}\">\n\t\t\t\t\t\t<div class=\"elementor-container elementor-column-gap-no\">\n\t\t\t\t\t<div class=\"elementor-column elementor-col-50 elementor-inner-column elementor-element elementor-element-43aeb5e\" data-id=\"43aeb5e\" data-element_type=\"column\" data-e-type=\"column\" data-settings=\"{&quot;background_background&quot;:&quot;classic&quot;}\">\n\t\t\t<div class=\"elementor-widget-wrap elementor-element-populated\">\n\t\t\t\t\t\t<div class=\"elementor-element elementor-element-5c53dc4 elementor-widget elementor-widget-text-editor\" data-id=\"5c53dc4\" data-element_type=\"widget\" data-e-type=\"widget\" data-widget_type=\"text-editor.default\">\n\t\t\t\t<div class=\"elementor-widget-container\">\n\t\t\t\t\t\t\t\t\t<h5>Prendre rendez-vous<\/h5>\t\t\t\t\t\t\t\t<\/div>\n\t\t\t\t<\/div>\n\t\t\t\t<div class=\"elementor-element elementor-element-38726e4 elementor-widget elementor-widget-text-editor\" data-id=\"38726e4\" data-element_type=\"widget\" data-e-type=\"widget\" data-widget_type=\"text-editor.default\">\n\t\t\t\t<div class=\"elementor-widget-container\">\n\t\t\t\t\t\t\t\t\t<p>Nous sommes l\u00e0 pour r\u00e9pondre \u00e0 toutes vos questions concernant la V\u00e9rification du B\u00e9n\u00e9ficiaire et la l\u00e9gislation sur les paiements instantan\u00e9s.<\/p>\t\t\t\t\t\t\t\t<\/div>\n\t\t\t\t<\/div>\n\t\t\t\t<div class=\"elementor-element elementor-element-aefb5d9 elementor-widget elementor-widget-text-editor\" data-id=\"aefb5d9\" data-element_type=\"widget\" data-e-type=\"widget\" data-widget_type=\"text-editor.default\">\n\t\t\t\t<div class=\"elementor-widget-container\">\n\t\t\t\t\t\t\t\t\t<p><a href=\"https:\/\/www.surepay.eu\/fr\/planifier-un-rendez-vous\/\">Prendre rendez-vous\u00a0 \u2192<\/a><\/p>\t\t\t\t\t\t\t\t<\/div>\n\t\t\t\t<\/div>\n\t\t\t\t\t<\/div>\n\t\t<\/div>\n\t\t\t\t<div class=\"elementor-column elementor-col-50 elementor-inner-column elementor-element elementor-element-6359abe\" data-id=\"6359abe\" data-element_type=\"column\" data-e-type=\"column\" data-settings=\"{&quot;background_background&quot;:&quot;classic&quot;}\">\n\t\t\t<div class=\"elementor-widget-wrap elementor-element-populated\">\n\t\t\t\t\t\t<div class=\"elementor-element elementor-element-b67686f elementor-widget elementor-widget-text-editor\" data-id=\"b67686f\" data-element_type=\"widget\" data-e-type=\"widget\" data-widget_type=\"text-editor.default\">\n\t\t\t\t<div class=\"elementor-widget-container\">\n\t\t\t\t\t\t\t\t\t<h5>T\u00e9l\u00e9chargez notre brochure<\/h5>\t\t\t\t\t\t\t\t<\/div>\n\t\t\t\t<\/div>\n\t\t\t\t<div class=\"elementor-element elementor-element-20a47be elementor-widget elementor-widget-text-editor\" data-id=\"20a47be\" data-element_type=\"widget\" data-e-type=\"widget\" data-widget_type=\"text-editor.default\">\n\t\t\t\t<div class=\"elementor-widget-container\">\n\t\t\t\t\t\t\t\t\t<p>Notre brochure sur la V\u00e9rification du B\u00e9n\u00e9ficiaire fournit des informations essentielles sur la V\u00e9rification du B\u00e9n\u00e9ficiaire et la l\u00e9gislation relative aux paiements instantan\u00e9s.<\/p>\t\t\t\t\t\t\t\t<\/div>\n\t\t\t\t<\/div>\n\t\t\t\t<div class=\"elementor-element elementor-element-a98a8c7 elementor-widget elementor-widget-text-editor\" data-id=\"a98a8c7\" data-element_type=\"widget\" data-e-type=\"widget\" data-widget_type=\"text-editor.default\">\n\t\t\t\t<div class=\"elementor-widget-container\">\n\t\t\t\t\t\t\t\t\t<p><a href=\"https:\/\/www.surepay.eu\/fr\/livre-blanc-connecter-leurope-grace-a-la-verification-du-beneficiaire\/\">T\u00e9l\u00e9charger la brochure\u00a0 \u2192<\/a><\/p>\t\t\t\t\t\t\t\t<\/div>\n\t\t\t\t<\/div>\n\t\t\t\t\t<\/div>\n\t\t<\/div>\n\t\t\t\t\t<\/div>\n\t\t<\/section>\n\t\t\t\t\t<\/div>\n\t\t<\/div>\n\t\t\t\t\t<\/div>\n\t\t<\/section>\n\t\t\t\t<\/div>\n\t\t","protected":false},"excerpt":{"rendered":"<p>Nos investisseurs Perfected Version:SurePay est soutenu par des investisseurs de premier plan, Rabo Investments et Carlyle Europe Technology Partners. Leur solide expertise en SaaS B2B et FinTech au niveau international renforce notre mission de lutte contre la fraude aux paiements mondiale et propulse notre croissance. Rabo Investments est la branche d\u2019investissement en actions de Rabobank, [&hellip;]<\/p>\n","protected":false},"author":6,"featured_media":0,"parent":0,"menu_order":0,"comment_status":"closed","ping_status":"closed","template":"","meta":{"_acf_changed":false,"content-type":"","inline_featured_image":false,"footnotes":""},"class_list":["post-23061","page","type-page","status-publish","hentry"],"acf":[],"yoast_head":"<!-- This site is optimized with the Yoast SEO plugin v27.4 - https:\/\/yoast.com\/product\/yoast-seo-wordpress\/ -->\n<title>Solutions de v\u00e9rification des paiements | SurePay<\/title>\n<meta name=\"description\" content=\"Solutions de v\u00e9rification des paiements de SurePay : combattez la fraude, assurez la conformit\u00e9. Investissez dans la s\u00e9curit\u00e9 des paiements.\" \/>\n<meta name=\"robots\" content=\"index, follow, max-snippet:-1, max-image-preview:large, max-video-preview:-1\" \/>\n<link rel=\"canonical\" href=\"https:\/\/www.surepay.eu\/fr\/investisseurs\/\" \/>\n<meta property=\"og:locale\" content=\"fr_FR\" \/>\n<meta property=\"og:type\" content=\"article\" \/>\n<meta property=\"og:title\" content=\"Solutions de v\u00e9rification des paiements | SurePay\" \/>\n<meta property=\"og:description\" content=\"Solutions de v\u00e9rification des paiements de SurePay : combattez la fraude, assurez la conformit\u00e9. Investissez dans la s\u00e9curit\u00e9 des paiements.\" \/>\n<meta property=\"og:url\" content=\"https:\/\/www.surepay.eu\/fr\/investisseurs\/\" \/>\n<meta property=\"og:site_name\" content=\"SurePay\" \/>\n<meta property=\"article:publisher\" content=\"https:\/\/m.facebook.com\/p\/SurePay-100071898237241\/\" \/>\n<meta property=\"article:modified_time\" content=\"2025-09-10T07:17:32+00:00\" \/>\n<meta property=\"og:image\" content=\"https:\/\/www.surepay.eu\/wp-content\/uploads\/2025\/06\/Ontwerp-zonder-titel-15-1024x341.jpg\" \/>\n<meta name=\"twitter:card\" content=\"summary_large_image\" \/>\n<meta name=\"twitter:site\" content=\"@SurePayNL\" \/>\n<meta name=\"twitter:label1\" content=\"Dur\u00e9e de lecture estim\u00e9e\" \/>\n\t<meta name=\"twitter:data1\" content=\"2 minutes\" \/>\n<script type=\"application\/ld+json\" class=\"yoast-schema-graph\">{\"@context\":\"https:\\\/\\\/schema.org\",\"@graph\":[{\"@type\":\"WebPage\",\"@id\":\"https:\\\/\\\/www.surepay.eu\\\/fr\\\/investisseurs\\\/\",\"url\":\"https:\\\/\\\/www.surepay.eu\\\/fr\\\/investisseurs\\\/\",\"name\":\"Solutions de v\u00e9rification des paiements | SurePay\",\"isPartOf\":{\"@id\":\"https:\\\/\\\/www.surepay.eu\\\/fr\\\/#website\"},\"primaryImageOfPage\":{\"@id\":\"https:\\\/\\\/www.surepay.eu\\\/fr\\\/investisseurs\\\/#primaryimage\"},\"image\":{\"@id\":\"https:\\\/\\\/www.surepay.eu\\\/fr\\\/investisseurs\\\/#primaryimage\"},\"thumbnailUrl\":\"https:\\\/\\\/www.surepay.eu\\\/wp-content\\\/uploads\\\/2025\\\/06\\\/Ontwerp-zonder-titel-15-1024x341.jpg\",\"datePublished\":\"2023-07-31T08:23:02+00:00\",\"dateModified\":\"2025-09-10T07:17:32+00:00\",\"description\":\"Solutions de v\u00e9rification des paiements de SurePay : combattez la fraude, assurez la conformit\u00e9. Investissez dans la s\u00e9curit\u00e9 des paiements.\",\"breadcrumb\":{\"@id\":\"https:\\\/\\\/www.surepay.eu\\\/fr\\\/investisseurs\\\/#breadcrumb\"},\"inLanguage\":\"fr-FR\",\"potentialAction\":[{\"@type\":\"ReadAction\",\"target\":[\"https:\\\/\\\/www.surepay.eu\\\/fr\\\/investisseurs\\\/\"]}]},{\"@type\":\"ImageObject\",\"inLanguage\":\"fr-FR\",\"@id\":\"https:\\\/\\\/www.surepay.eu\\\/fr\\\/investisseurs\\\/#primaryimage\",\"url\":\"https:\\\/\\\/www.surepay.eu\\\/wp-content\\\/uploads\\\/2025\\\/06\\\/Ontwerp-zonder-titel-15-1024x341.jpg\",\"contentUrl\":\"https:\\\/\\\/www.surepay.eu\\\/wp-content\\\/uploads\\\/2025\\\/06\\\/Ontwerp-zonder-titel-15-1024x341.jpg\"},{\"@type\":\"BreadcrumbList\",\"@id\":\"https:\\\/\\\/www.surepay.eu\\\/fr\\\/investisseurs\\\/#breadcrumb\",\"itemListElement\":[{\"@type\":\"ListItem\",\"position\":1,\"name\":\"Home\",\"item\":\"https:\\\/\\\/www.surepay.eu\\\/fr\\\/\"},{\"@type\":\"ListItem\",\"position\":2,\"name\":\"Investors\"}]},{\"@type\":\"WebSite\",\"@id\":\"https:\\\/\\\/www.surepay.eu\\\/fr\\\/#website\",\"url\":\"https:\\\/\\\/www.surepay.eu\\\/fr\\\/\",\"name\":\"SurePay\",\"description\":\"SurePay - maakt betalen persoonlijker en nog veiliger\",\"publisher\":{\"@id\":\"https:\\\/\\\/www.surepay.eu\\\/fr\\\/#organization\"},\"potentialAction\":[{\"@type\":\"SearchAction\",\"target\":{\"@type\":\"EntryPoint\",\"urlTemplate\":\"https:\\\/\\\/www.surepay.eu\\\/fr\\\/?s={search_term_string}\"},\"query-input\":{\"@type\":\"PropertyValueSpecification\",\"valueRequired\":true,\"valueName\":\"search_term_string\"}}],\"inLanguage\":\"fr-FR\"},{\"@type\":\"Organization\",\"@id\":\"https:\\\/\\\/www.surepay.eu\\\/fr\\\/#organization\",\"name\":\"SurePay\",\"url\":\"https:\\\/\\\/www.surepay.eu\\\/fr\\\/\",\"logo\":{\"@type\":\"ImageObject\",\"inLanguage\":\"fr-FR\",\"@id\":\"https:\\\/\\\/www.surepay.eu\\\/fr\\\/#\\\/schema\\\/logo\\\/image\\\/\",\"url\":\"https:\\\/\\\/www.surepay.eu\\\/wp-content\\\/uploads\\\/2023\\\/08\\\/surepay_logo.png\",\"contentUrl\":\"https:\\\/\\\/www.surepay.eu\\\/wp-content\\\/uploads\\\/2023\\\/08\\\/surepay_logo.png\",\"width\":896,\"height\":184,\"caption\":\"SurePay\"},\"image\":{\"@id\":\"https:\\\/\\\/www.surepay.eu\\\/fr\\\/#\\\/schema\\\/logo\\\/image\\\/\"},\"sameAs\":[\"https:\\\/\\\/m.facebook.com\\\/p\\\/SurePay-100071898237241\\\/\",\"https:\\\/\\\/x.com\\\/SurePayNL\",\"https:\\\/\\\/nl.linkedin.com\\\/company\\\/surepaynl\",\"https:\\\/\\\/www.instagram.com\\\/surepay_nl\\\/\"]}]}<\/script>\n<!-- \/ Yoast SEO plugin. -->","yoast_head_json":{"title":"Solutions de v\u00e9rification des paiements | SurePay","description":"Solutions de v\u00e9rification des paiements de SurePay : combattez la fraude, assurez la conformit\u00e9. Investissez dans la s\u00e9curit\u00e9 des paiements.","robots":{"index":"index","follow":"follow","max-snippet":"max-snippet:-1","max-image-preview":"max-image-preview:large","max-video-preview":"max-video-preview:-1"},"canonical":"https:\/\/www.surepay.eu\/fr\/investisseurs\/","og_locale":"fr_FR","og_type":"article","og_title":"Solutions de v\u00e9rification des paiements | SurePay","og_description":"Solutions de v\u00e9rification des paiements de SurePay : combattez la fraude, assurez la conformit\u00e9. Investissez dans la s\u00e9curit\u00e9 des paiements.","og_url":"https:\/\/www.surepay.eu\/fr\/investisseurs\/","og_site_name":"SurePay","article_publisher":"https:\/\/m.facebook.com\/p\/SurePay-100071898237241\/","article_modified_time":"2025-09-10T07:17:32+00:00","og_image":[{"url":"https:\/\/www.surepay.eu\/wp-content\/uploads\/2025\/06\/Ontwerp-zonder-titel-15-1024x341.jpg","type":"","width":"","height":""}],"twitter_card":"summary_large_image","twitter_site":"@SurePayNL","twitter_misc":{"Dur\u00e9e de lecture estim\u00e9e":"2 minutes"},"schema":{"@context":"https:\/\/schema.org","@graph":[{"@type":"WebPage","@id":"https:\/\/www.surepay.eu\/fr\/investisseurs\/","url":"https:\/\/www.surepay.eu\/fr\/investisseurs\/","name":"Solutions de v\u00e9rification des paiements | SurePay","isPartOf":{"@id":"https:\/\/www.surepay.eu\/fr\/#website"},"primaryImageOfPage":{"@id":"https:\/\/www.surepay.eu\/fr\/investisseurs\/#primaryimage"},"image":{"@id":"https:\/\/www.surepay.eu\/fr\/investisseurs\/#primaryimage"},"thumbnailUrl":"https:\/\/www.surepay.eu\/wp-content\/uploads\/2025\/06\/Ontwerp-zonder-titel-15-1024x341.jpg","datePublished":"2023-07-31T08:23:02+00:00","dateModified":"2025-09-10T07:17:32+00:00","description":"Solutions de v\u00e9rification des paiements de SurePay : combattez la fraude, assurez la conformit\u00e9. Investissez dans la s\u00e9curit\u00e9 des paiements.","breadcrumb":{"@id":"https:\/\/www.surepay.eu\/fr\/investisseurs\/#breadcrumb"},"inLanguage":"fr-FR","potentialAction":[{"@type":"ReadAction","target":["https:\/\/www.surepay.eu\/fr\/investisseurs\/"]}]},{"@type":"ImageObject","inLanguage":"fr-FR","@id":"https:\/\/www.surepay.eu\/fr\/investisseurs\/#primaryimage","url":"https:\/\/www.surepay.eu\/wp-content\/uploads\/2025\/06\/Ontwerp-zonder-titel-15-1024x341.jpg","contentUrl":"https:\/\/www.surepay.eu\/wp-content\/uploads\/2025\/06\/Ontwerp-zonder-titel-15-1024x341.jpg"},{"@type":"BreadcrumbList","@id":"https:\/\/www.surepay.eu\/fr\/investisseurs\/#breadcrumb","itemListElement":[{"@type":"ListItem","position":1,"name":"Home","item":"https:\/\/www.surepay.eu\/fr\/"},{"@type":"ListItem","position":2,"name":"Investors"}]},{"@type":"WebSite","@id":"https:\/\/www.surepay.eu\/fr\/#website","url":"https:\/\/www.surepay.eu\/fr\/","name":"SurePay","description":"SurePay - maakt betalen persoonlijker en nog veiliger","publisher":{"@id":"https:\/\/www.surepay.eu\/fr\/#organization"},"potentialAction":[{"@type":"SearchAction","target":{"@type":"EntryPoint","urlTemplate":"https:\/\/www.surepay.eu\/fr\/?s={search_term_string}"},"query-input":{"@type":"PropertyValueSpecification","valueRequired":true,"valueName":"search_term_string"}}],"inLanguage":"fr-FR"},{"@type":"Organization","@id":"https:\/\/www.surepay.eu\/fr\/#organization","name":"SurePay","url":"https:\/\/www.surepay.eu\/fr\/","logo":{"@type":"ImageObject","inLanguage":"fr-FR","@id":"https:\/\/www.surepay.eu\/fr\/#\/schema\/logo\/image\/","url":"https:\/\/www.surepay.eu\/wp-content\/uploads\/2023\/08\/surepay_logo.png","contentUrl":"https:\/\/www.surepay.eu\/wp-content\/uploads\/2023\/08\/surepay_logo.png","width":896,"height":184,"caption":"SurePay"},"image":{"@id":"https:\/\/www.surepay.eu\/fr\/#\/schema\/logo\/image\/"},"sameAs":["https:\/\/m.facebook.com\/p\/SurePay-100071898237241\/","https:\/\/x.com\/SurePayNL","https:\/\/nl.linkedin.com\/company\/surepaynl","https:\/\/www.instagram.com\/surepay_nl\/"]}]}},"_links":{"self":[{"href":"https:\/\/www.surepay.eu\/fr\/wp-json\/wp\/v2\/pages\/23061","targetHints":{"allow":["GET"]}}],"collection":[{"href":"https:\/\/www.surepay.eu\/fr\/wp-json\/wp\/v2\/pages"}],"about":[{"href":"https:\/\/www.surepay.eu\/fr\/wp-json\/wp\/v2\/types\/page"}],"author":[{"embeddable":true,"href":"https:\/\/www.surepay.eu\/fr\/wp-json\/wp\/v2\/users\/6"}],"replies":[{"embeddable":true,"href":"https:\/\/www.surepay.eu\/fr\/wp-json\/wp\/v2\/comments?post=23061"}],"version-history":[{"count":0,"href":"https:\/\/www.surepay.eu\/fr\/wp-json\/wp\/v2\/pages\/23061\/revisions"}],"wp:attachment":[{"href":"https:\/\/www.surepay.eu\/fr\/wp-json\/wp\/v2\/media?parent=23061"}],"curies":[{"name":"wp","href":"https:\/\/api.w.org\/{rel}","templated":true}]}}