{"id":23074,"date":"2023-08-30T13:33:12","date_gmt":"2023-08-30T11:33:12","guid":{"rendered":"https:\/\/www.surepay.eu\/news-blogs\/"},"modified":"2025-09-05T11:21:21","modified_gmt":"2025-09-05T09:21:21","slug":"actualites-blogs","status":"publish","type":"page","link":"https:\/\/www.surepay.eu\/fr\/actualites-blogs\/","title":{"rendered":"News &amp; Blogs"},"content":{"rendered":"\t\t<div data-elementor-type=\"wp-page\" data-elementor-id=\"23074\" class=\"elementor elementor-23074\" data-elementor-post-type=\"page\">\n\t\t\t\t\t\t<section data-particle_enable=\"false\" data-particle-mobile-disabled=\"false\" class=\"elementor-section elementor-top-section elementor-element elementor-element-0fb363e elementor-section-boxed elementor-section-height-default elementor-section-height-default\" data-id=\"0fb363e\" data-element_type=\"section\" data-e-type=\"section\" data-settings=\"{&quot;background_background&quot;:&quot;classic&quot;,&quot;shape_divider_bottom&quot;:&quot;curve&quot;,&quot;shape_divider_bottom_negative&quot;:&quot;yes&quot;}\">\n\t\t\t\t\t<div class=\"elementor-shape elementor-shape-bottom\" aria-hidden=\"true\" data-negative=\"true\">\n\t\t\t<svg xmlns=\"http:\/\/www.w3.org\/2000\/svg\" viewBox=\"0 0 1000 100\" preserveAspectRatio=\"none\">\n\t<path class=\"elementor-shape-fill\" d=\"M500,97C126.7,96.3,0.8,19.8,0,0v100l1000,0V1C1000,19.4,873.3,97.8,500,97z\"\/>\n<\/svg>\t\t<\/div>\n\t\t\t\t\t<div class=\"elementor-container elementor-column-gap-default\">\n\t\t\t\t\t<div class=\"elementor-column elementor-col-100 elementor-top-column elementor-element elementor-element-44a91fd\" data-id=\"44a91fd\" data-element_type=\"column\" data-e-type=\"column\">\n\t\t\t<div class=\"elementor-widget-wrap elementor-element-populated\">\n\t\t\t\t\t\t<div class=\"elementor-element elementor-element-3f95aee elementor-widget elementor-widget-heading\" data-id=\"3f95aee\" data-element_type=\"widget\" data-e-type=\"widget\" data-widget_type=\"heading.default\">\n\t\t\t\t<div class=\"elementor-widget-container\">\n\t\t\t\t\t<h2 class=\"elementor-heading-title elementor-size-default\">Toujours \u00e0 jour<\/h2>\t\t\t\t<\/div>\n\t\t\t\t<\/div>\n\t\t\t\t<div class=\"elementor-element elementor-element-e536f93 elementor-widget elementor-widget-text-editor\" data-id=\"e536f93\" data-element_type=\"widget\" data-e-type=\"widget\" data-widget_type=\"text-editor.default\">\n\t\t\t\t<div class=\"elementor-widget-container\">\n\t\t\t\t\t\t\t\t\t<p>Inscrivez-vous \u00e0 notre newsletter. Vous resterez ainsi inform\u00e9 sur la V\u00e9rification du B\u00e9n\u00e9ficiaire et la fraude aux paiements internationaux<\/p>\t\t\t\t\t\t\t\t<\/div>\n\t\t\t\t<\/div>\n\t\t\t\t<div class=\"elementor-element elementor-element-4da6841 elementor-widget elementor-widget-hubspot-form\" data-id=\"4da6841\" data-element_type=\"widget\" data-e-type=\"widget\" data-widget_type=\"hubspot-form.default\">\n\t\t\t\t<div class=\"elementor-widget-container\">\n\t\t\t\t\t\n\t\t\t\t\t\t<script>\n\t\t\t\t\t\t\twindow.hsFormsOnReady = window.hsFormsOnReady || [];\n\t\t\t\t\t\t\twindow.hsFormsOnReady.push(()=>{\n\t\t\t\t\t\t\t\thbspt.forms.create({\n\t\t\t\t\t\t\t\t\tportalId: 24977011,\n\t\t\t\t\t\t\t\t\tformId: \"1c14f570-0065-4a82-bb71-8117e0131d1e\",\n\t\t\t\t\t\t\t\t\ttarget: \"#hbspt-form-1777099346000-6902889885\",\n\t\t\t\t\t\t\t\t\tregion: \"eu1\",\n\t\t\t\t\t\t\t\t\t\n\t\t\t\t\t\t\t})});\n\t\t\t\t\t\t<\/script>\n\t\t\t\t\t\t<div class=\"hbspt-form\" id=\"hbspt-form-1777099346000-6902889885\"><\/div>\t\t\t\t<\/div>\n\t\t\t\t<\/div>\n\t\t\t\t\t<\/div>\n\t\t<\/div>\n\t\t\t\t\t<\/div>\n\t\t<\/section>\n\t\t\t\t<section data-particle_enable=\"false\" data-particle-mobile-disabled=\"false\" class=\"elementor-section elementor-top-section elementor-element elementor-element-ee67d5f elementor-section-boxed elementor-section-height-default elementor-section-height-default\" data-id=\"ee67d5f\" data-element_type=\"section\" data-e-type=\"section\">\n\t\t\t\t\t\t<div class=\"elementor-container elementor-column-gap-default\">\n\t\t\t\t\t<div class=\"elementor-column elementor-col-50 elementor-top-column elementor-element elementor-element-c3ad420 a-dec\" data-id=\"c3ad420\" data-element_type=\"column\" data-e-type=\"column\">\n\t\t\t<div class=\"elementor-widget-wrap elementor-element-populated\">\n\t\t\t\t\t\t<div class=\"elementor-element elementor-element-bab9f2e elementor-widget elementor-widget-heading\" data-id=\"bab9f2e\" data-element_type=\"widget\" data-e-type=\"widget\" data-widget_type=\"heading.default\">\n\t\t\t\t<div class=\"elementor-widget-container\">\n\t\t\t\t\t<h2 class=\"elementor-heading-title elementor-size-default\">Derniers articles<\/h2>\t\t\t\t<\/div>\n\t\t\t\t<\/div>\n\t\t\t\t<div class=\"elementor-element elementor-element-c199cdf elementor-grid-1 elementor-posts--thumbnail-none poplr-post elementor-grid-tablet-2 elementor-grid-mobile-1 elementor-widget elementor-widget-posts\" data-id=\"c199cdf\" data-element_type=\"widget\" data-e-type=\"widget\" data-settings=\"{&quot;classic_columns&quot;:&quot;1&quot;,&quot;classic_row_gap&quot;:{&quot;unit&quot;:&quot;px&quot;,&quot;size&quot;:21,&quot;sizes&quot;:[]},&quot;classic_row_gap_tablet&quot;:{&quot;unit&quot;:&quot;px&quot;,&quot;size&quot;:48,&quot;sizes&quot;:[]},&quot;classic_columns_tablet&quot;:&quot;2&quot;,&quot;classic_columns_mobile&quot;:&quot;1&quot;,&quot;classic_row_gap_mobile&quot;:{&quot;unit&quot;:&quot;px&quot;,&quot;size&quot;:&quot;&quot;,&quot;sizes&quot;:[]}}\" data-widget_type=\"posts.classic\">\n\t\t\t\t<div class=\"elementor-widget-container\">\n\t\t\t\t\t\t\t<div class=\"elementor-posts-container elementor-posts elementor-posts--skin-classic elementor-grid\" role=\"list\">\n\t\t\t\t<article class=\"elementor-post elementor-grid-item post-24465 post type-post status-publish format-standard has-post-thumbnail hentry category-non-classifiee\" role=\"listitem\">\n\t\t\t\t<div class=\"elementor-post__text\">\n\t\t\t\t<h3 class=\"elementor-post__title\">\n\t\t\t<a href=\"https:\/\/www.surepay.eu\/fr\/pourquoi-la-verification-des-comptes-bancaires-est-essentielle-pour-garantir-la-conformite-et-la-securite-des-paiements-instantanes\/\" >\n\t\t\t\tPourquoi la v\u00e9rification des comptes bancaires est essentielle pour garantir la conformit\u00e9 et la s\u00e9curit\u00e9 des paiements instantan\u00e9s\t\t\t<\/a>\n\t\t<\/h3>\n\t\t\t\t<\/div>\n\t\t\t\t<\/article>\n\t\t\t\t<article class=\"elementor-post elementor-grid-item post-24410 post type-post status-publish format-standard has-post-thumbnail hentry category-non-classifiee\" role=\"listitem\">\n\t\t\t\t<div class=\"elementor-post__text\">\n\t\t\t\t<h3 class=\"elementor-post__title\">\n\t\t\t<a href=\"https:\/\/www.surepay.eu\/fr\/comprendre-la-verification-du-titulaire-de-liban-de-quoi-sagit-il-et-pourquoi-est-ce-important\/\" >\n\t\t\t\tComprendre la v\u00e9rification du\u00a0titulaire de l&rsquo;IBAN : de quoi s&rsquo;agit-il et pourquoi est-ce important ?\t\t\t<\/a>\n\t\t<\/h3>\n\t\t\t\t<\/div>\n\t\t\t\t<\/article>\n\t\t\t\t<article class=\"elementor-post elementor-grid-item post-24348 post type-post status-publish format-standard has-post-thumbnail hentry category-non-classifiee\" role=\"listitem\">\n\t\t\t\t<div class=\"elementor-post__text\">\n\t\t\t\t<h3 class=\"elementor-post__title\">\n\t\t\t<a href=\"https:\/\/www.surepay.eu\/fr\/comprendre-le-reglement-europeen-relatif-aux-paiements-instantanes-ipr-ce-que-les-banques-doivent-savoir\/\" >\n\t\t\t\tComprendre le r\u00e8glement europ\u00e9en relatif aux paiements instantan\u00e9s (IPR) : ce que les banques doivent savoir\t\t\t<\/a>\n\t\t<\/h3>\n\t\t\t\t<\/div>\n\t\t\t\t<\/article>\n\t\t\t\t<article class=\"elementor-post elementor-grid-item post-24328 post type-post status-publish format-standard has-post-thumbnail hentry category-blogs-fr category-europa-fr category-include-in-home-page-fr category-nieuws-fr\" role=\"listitem\">\n\t\t\t\t<div class=\"elementor-post__text\">\n\t\t\t\t<h3 class=\"elementor-post__title\">\n\t\t\t<a href=\"https:\/\/www.surepay.eu\/fr\/verification-du-beneficiaire-dans-lue-de-quoi-sagit-il-comment-cela-fonctionne-t-il-et-comment-vous-y-preparer\/\" >\n\t\t\t\tV\u00e9rification du b\u00e9n\u00e9ficiaire dans l&rsquo;UE : de quoi s&rsquo;agit-il, comment cela fonctionne-t-il et comment vous y pr\u00e9parer\t\t\t<\/a>\n\t\t<\/h3>\n\t\t\t\t<\/div>\n\t\t\t\t<\/article>\n\t\t\t\t<article class=\"elementor-post elementor-grid-item post-24298 post type-post status-publish format-standard has-post-thumbnail hentry category-blogs-fr category-europa-fr category-include-in-home-page-fr category-nieuws-fr\" role=\"listitem\">\n\t\t\t\t<div class=\"elementor-post__text\">\n\t\t\t\t<h3 class=\"elementor-post__title\">\n\t\t\t<a href=\"https:\/\/www.surepay.eu\/fr\/cest-quoi-surepay-et-comment-ca-marche\/\" >\n\t\t\t\tC&rsquo;est quoi SurePay et comment \u00e7a marche ?\t\t\t<\/a>\n\t\t<\/h3>\n\t\t\t\t<\/div>\n\t\t\t\t<\/article>\n\t\t\t\t<\/div>\n\t\t\n\t\t\t\t\t\t<\/div>\n\t\t\t\t<\/div>\n\t\t\t\t\t<\/div>\n\t\t<\/div>\n\t\t\t\t<div class=\"elementor-column elementor-col-50 elementor-top-column elementor-element elementor-element-fbca78d\" data-id=\"fbca78d\" data-element_type=\"column\" data-e-type=\"column\">\n\t\t\t<div class=\"elementor-widget-wrap elementor-element-populated\">\n\t\t\t\t\t\t\t<\/div>\n\t\t<\/div>\n\t\t\t\t\t<\/div>\n\t\t<\/section>\n\t\t\t\t<section data-particle_enable=\"false\" data-particle-mobile-disabled=\"false\" class=\"elementor-section elementor-top-section elementor-element elementor-element-736b79e BgFull elementor-section-boxed elementor-section-height-default elementor-section-height-default\" data-id=\"736b79e\" data-element_type=\"section\" data-e-type=\"section\" data-settings=\"{&quot;background_background&quot;:&quot;classic&quot;}\">\n\t\t\t\t\t\t<div class=\"elementor-container elementor-column-gap-default\">\n\t\t\t\t\t<div class=\"elementor-column elementor-col-100 elementor-top-column elementor-element elementor-element-0720474\" data-id=\"0720474\" data-element_type=\"column\" data-e-type=\"column\">\n\t\t\t<div class=\"elementor-widget-wrap elementor-element-populated\">\n\t\t\t\t\t\t<div class=\"elementor-element elementor-element-48fd327 elementor-widget elementor-widget-heading\" data-id=\"48fd327\" data-element_type=\"widget\" data-e-type=\"widget\" data-widget_type=\"heading.default\">\n\t\t\t\t<div class=\"elementor-widget-container\">\n\t\t\t\t\t<h1 class=\"elementor-heading-title elementor-size-default\">Vous souhaitez en savoir plus sur la V\u00e9rification du B\u00e9n\u00e9ficiaire?<\/h1>\t\t\t\t<\/div>\n\t\t\t\t<\/div>\n\t\t\t\t<section data-particle_enable=\"false\" data-particle-mobile-disabled=\"false\" class=\"elementor-section elementor-inner-section elementor-element elementor-element-0a3eaa8 elementor-section-boxed elementor-section-height-default elementor-section-height-default elementor-invisible\" data-id=\"0a3eaa8\" data-element_type=\"section\" data-e-type=\"section\" data-settings=\"{&quot;animation&quot;:&quot;fadeInUp&quot;}\">\n\t\t\t\t\t\t<div class=\"elementor-container elementor-column-gap-no\">\n\t\t\t\t\t<div class=\"elementor-column elementor-col-50 elementor-inner-column elementor-element elementor-element-428f860\" data-id=\"428f860\" data-element_type=\"column\" data-e-type=\"column\" data-settings=\"{&quot;background_background&quot;:&quot;classic&quot;}\">\n\t\t\t<div class=\"elementor-widget-wrap elementor-element-populated\">\n\t\t\t\t\t\t<div class=\"elementor-element elementor-element-cea1cf0 elementor-widget elementor-widget-text-editor\" data-id=\"cea1cf0\" data-element_type=\"widget\" data-e-type=\"widget\" data-widget_type=\"text-editor.default\">\n\t\t\t\t<div class=\"elementor-widget-container\">\n\t\t\t\t\t\t\t\t\t<h5>Planifier un rendez-vous<\/h5>\t\t\t\t\t\t\t\t<\/div>\n\t\t\t\t<\/div>\n\t\t\t\t<div class=\"elementor-element elementor-element-c539449 elementor-widget elementor-widget-text-editor\" data-id=\"c539449\" data-element_type=\"widget\" data-e-type=\"widget\" data-widget_type=\"text-editor.default\">\n\t\t\t\t<div class=\"elementor-widget-container\">\n\t\t\t\t\t\t\t\t\t<p>Nous sommes l\u00e0 pour r\u00e9pondre \u00e0 toutes vos questions concernant la V\u00e9rification du B\u00e9n\u00e9ficiaire et la l\u00e9gislation sur les paiements instantan\u00e9s.<\/p>\t\t\t\t\t\t\t\t<\/div>\n\t\t\t\t<\/div>\n\t\t\t\t<div class=\"elementor-element elementor-element-2946f24 elementor-widget elementor-widget-text-editor\" data-id=\"2946f24\" data-element_type=\"widget\" data-e-type=\"widget\" data-widget_type=\"text-editor.default\">\n\t\t\t\t<div class=\"elementor-widget-container\">\n\t\t\t\t\t\t\t\t\t<p><a href=\"https:\/\/www.surepay.eu\/fr\/planifier-un-rendez-vous\/\">Planifier un rendez-vous\u00a0 \u2192<\/a><\/p>\t\t\t\t\t\t\t\t<\/div>\n\t\t\t\t<\/div>\n\t\t\t\t\t<\/div>\n\t\t<\/div>\n\t\t\t\t<div class=\"elementor-column elementor-col-50 elementor-inner-column elementor-element elementor-element-330091b\" data-id=\"330091b\" data-element_type=\"column\" data-e-type=\"column\" data-settings=\"{&quot;background_background&quot;:&quot;classic&quot;}\">\n\t\t\t<div class=\"elementor-widget-wrap elementor-element-populated\">\n\t\t\t\t\t\t<div class=\"elementor-element elementor-element-406264b elementor-widget elementor-widget-text-editor\" data-id=\"406264b\" data-element_type=\"widget\" data-e-type=\"widget\" data-widget_type=\"text-editor.default\">\n\t\t\t\t<div class=\"elementor-widget-container\">\n\t\t\t\t\t\t\t\t\t<h5>T\u00e9l\u00e9chargez notre brochure<\/h5>\t\t\t\t\t\t\t\t<\/div>\n\t\t\t\t<\/div>\n\t\t\t\t<div class=\"elementor-element elementor-element-8add31f elementor-widget elementor-widget-text-editor\" data-id=\"8add31f\" data-element_type=\"widget\" data-e-type=\"widget\" data-widget_type=\"text-editor.default\">\n\t\t\t\t<div class=\"elementor-widget-container\">\n\t\t\t\t\t\t\t\t\t<p>Notre brochure sur la V\u00e9rification du B\u00e9n\u00e9ficiaire fournit des informations essentielles sur la V\u00e9rification du B\u00e9n\u00e9ficiaire et la l\u00e9gislation relative aux paiements instantan\u00e9s.<\/p>\t\t\t\t\t\t\t\t<\/div>\n\t\t\t\t<\/div>\n\t\t\t\t<div class=\"elementor-element elementor-element-17b62fb elementor-widget elementor-widget-text-editor\" data-id=\"17b62fb\" data-element_type=\"widget\" data-e-type=\"widget\" data-widget_type=\"text-editor.default\">\n\t\t\t\t<div class=\"elementor-widget-container\">\n\t\t\t\t\t\t\t\t\t<p><a href=\"https:\/\/www.surepay.eu\/fr\/brochure-verification-du-beneficiaire\/\">T\u00e9l\u00e9charger la brochure \u2192<\/a><\/p>\t\t\t\t\t\t\t\t<\/div>\n\t\t\t\t<\/div>\n\t\t\t\t\t<\/div>\n\t\t<\/div>\n\t\t\t\t\t<\/div>\n\t\t<\/section>\n\t\t\t\t\t<\/div>\n\t\t<\/div>\n\t\t\t\t\t<\/div>\n\t\t<\/section>\n\t\t\t\t<\/div>\n\t\t","protected":false},"excerpt":{"rendered":"<p>Toujours \u00e0 jour Inscrivez-vous \u00e0 notre newsletter. Vous resterez ainsi inform\u00e9 sur la V\u00e9rification du B\u00e9n\u00e9ficiaire et la fraude aux paiements internationaux Derniers articles Vous<\/p>\n","protected":false},"author":7,"featured_media":0,"parent":0,"menu_order":0,"comment_status":"closed","ping_status":"closed","template":"elementor_header_footer","meta":{"_acf_changed":false,"content-type":"","inline_featured_image":false,"footnotes":""},"class_list":["post-23074","page","type-page","status-publish","hentry"],"acf":[],"yoast_head":"<!-- This site is optimized with the Yoast SEO plugin v27.4 - https:\/\/yoast.com\/product\/yoast-seo-wordpress\/ -->\n<title>Actualit\u00e9s SurePay \u2013 Tendances et innovations bancaires<\/title>\n<meta name=\"description\" content=\"Explorez les derni\u00e8res actualit\u00e9s de SurePay, nos articles de blog et les innovations en V\u00e9rification du B\u00e9n\u00e9ficiaire dans le secteur bancaire.\" \/>\n<meta name=\"robots\" content=\"index, follow, max-snippet:-1, max-image-preview:large, max-video-preview:-1\" \/>\n<link rel=\"canonical\" href=\"https:\/\/www.surepay.eu\/fr\/actualites-blogs\/\" \/>\n<meta property=\"og:locale\" content=\"fr_FR\" \/>\n<meta property=\"og:type\" content=\"article\" \/>\n<meta property=\"og:title\" content=\"Actualit\u00e9s SurePay \u2013 Tendances et innovations bancaires\" \/>\n<meta property=\"og:description\" content=\"Explorez les derni\u00e8res actualit\u00e9s de SurePay, nos articles de blog et les innovations en V\u00e9rification du B\u00e9n\u00e9ficiaire dans le secteur bancaire.\" \/>\n<meta property=\"og:url\" content=\"https:\/\/www.surepay.eu\/fr\/actualites-blogs\/\" \/>\n<meta property=\"og:site_name\" content=\"SurePay\" \/>\n<meta property=\"article:publisher\" content=\"https:\/\/m.facebook.com\/p\/SurePay-100071898237241\/\" \/>\n<meta property=\"article:modified_time\" content=\"2025-09-05T09:21:21+00:00\" \/>\n<meta property=\"og:image\" content=\"https:\/\/www.surepay.eu\/wp-content\/uploads\/2023\/10\/SurePay-IBAN-Naam-Check-Portal.png\" \/>\n\t<meta property=\"og:image:width\" content=\"2500\" \/>\n\t<meta property=\"og:image:height\" content=\"1407\" \/>\n\t<meta property=\"og:image:type\" content=\"image\/png\" \/>\n<meta name=\"twitter:card\" content=\"summary_large_image\" \/>\n<meta name=\"twitter:site\" content=\"@SurePayNL\" \/>\n<meta name=\"twitter:label1\" content=\"Dur\u00e9e de lecture estim\u00e9e\" \/>\n\t<meta name=\"twitter:data1\" content=\"1 minute\" \/>\n<script type=\"application\/ld+json\" class=\"yoast-schema-graph\">{\"@context\":\"https:\\\/\\\/schema.org\",\"@graph\":[{\"@type\":\"WebPage\",\"@id\":\"https:\\\/\\\/www.surepay.eu\\\/fr\\\/actualites-blogs\\\/\",\"url\":\"https:\\\/\\\/www.surepay.eu\\\/fr\\\/actualites-blogs\\\/\",\"name\":\"Actualit\u00e9s SurePay \u2013 Tendances et innovations bancaires\",\"isPartOf\":{\"@id\":\"https:\\\/\\\/www.surepay.eu\\\/fr\\\/#website\"},\"datePublished\":\"2023-08-30T11:33:12+00:00\",\"dateModified\":\"2025-09-05T09:21:21+00:00\",\"description\":\"Explorez les derni\u00e8res actualit\u00e9s de SurePay, nos articles de blog et les innovations en V\u00e9rification du B\u00e9n\u00e9ficiaire dans le secteur bancaire.\",\"breadcrumb\":{\"@id\":\"https:\\\/\\\/www.surepay.eu\\\/fr\\\/actualites-blogs\\\/#breadcrumb\"},\"inLanguage\":\"fr-FR\",\"potentialAction\":[{\"@type\":\"ReadAction\",\"target\":[\"https:\\\/\\\/www.surepay.eu\\\/fr\\\/actualites-blogs\\\/\"]}]},{\"@type\":\"BreadcrumbList\",\"@id\":\"https:\\\/\\\/www.surepay.eu\\\/fr\\\/actualites-blogs\\\/#breadcrumb\",\"itemListElement\":[{\"@type\":\"ListItem\",\"position\":1,\"name\":\"Home\",\"item\":\"https:\\\/\\\/www.surepay.eu\\\/fr\\\/\"},{\"@type\":\"ListItem\",\"position\":2,\"name\":\"News &amp; Blogs\"}]},{\"@type\":\"WebSite\",\"@id\":\"https:\\\/\\\/www.surepay.eu\\\/fr\\\/#website\",\"url\":\"https:\\\/\\\/www.surepay.eu\\\/fr\\\/\",\"name\":\"SurePay\",\"description\":\"SurePay - maakt betalen persoonlijker en nog veiliger\",\"publisher\":{\"@id\":\"https:\\\/\\\/www.surepay.eu\\\/fr\\\/#organization\"},\"potentialAction\":[{\"@type\":\"SearchAction\",\"target\":{\"@type\":\"EntryPoint\",\"urlTemplate\":\"https:\\\/\\\/www.surepay.eu\\\/fr\\\/?s={search_term_string}\"},\"query-input\":{\"@type\":\"PropertyValueSpecification\",\"valueRequired\":true,\"valueName\":\"search_term_string\"}}],\"inLanguage\":\"fr-FR\"},{\"@type\":\"Organization\",\"@id\":\"https:\\\/\\\/www.surepay.eu\\\/fr\\\/#organization\",\"name\":\"SurePay\",\"url\":\"https:\\\/\\\/www.surepay.eu\\\/fr\\\/\",\"logo\":{\"@type\":\"ImageObject\",\"inLanguage\":\"fr-FR\",\"@id\":\"https:\\\/\\\/www.surepay.eu\\\/fr\\\/#\\\/schema\\\/logo\\\/image\\\/\",\"url\":\"https:\\\/\\\/www.surepay.eu\\\/wp-content\\\/uploads\\\/2023\\\/08\\\/surepay_logo.png\",\"contentUrl\":\"https:\\\/\\\/www.surepay.eu\\\/wp-content\\\/uploads\\\/2023\\\/08\\\/surepay_logo.png\",\"width\":896,\"height\":184,\"caption\":\"SurePay\"},\"image\":{\"@id\":\"https:\\\/\\\/www.surepay.eu\\\/fr\\\/#\\\/schema\\\/logo\\\/image\\\/\"},\"sameAs\":[\"https:\\\/\\\/m.facebook.com\\\/p\\\/SurePay-100071898237241\\\/\",\"https:\\\/\\\/x.com\\\/SurePayNL\",\"https:\\\/\\\/nl.linkedin.com\\\/company\\\/surepaynl\",\"https:\\\/\\\/www.instagram.com\\\/surepay_nl\\\/\"]}]}<\/script>\n<!-- \/ Yoast SEO plugin. -->","yoast_head_json":{"title":"Actualit\u00e9s SurePay \u2013 Tendances et innovations bancaires","description":"Explorez les derni\u00e8res actualit\u00e9s de SurePay, nos articles de blog et les innovations en V\u00e9rification du B\u00e9n\u00e9ficiaire dans le secteur bancaire.","robots":{"index":"index","follow":"follow","max-snippet":"max-snippet:-1","max-image-preview":"max-image-preview:large","max-video-preview":"max-video-preview:-1"},"canonical":"https:\/\/www.surepay.eu\/fr\/actualites-blogs\/","og_locale":"fr_FR","og_type":"article","og_title":"Actualit\u00e9s SurePay \u2013 Tendances et innovations bancaires","og_description":"Explorez les derni\u00e8res actualit\u00e9s de SurePay, nos articles de blog et les innovations en V\u00e9rification du B\u00e9n\u00e9ficiaire dans le secteur bancaire.","og_url":"https:\/\/www.surepay.eu\/fr\/actualites-blogs\/","og_site_name":"SurePay","article_publisher":"https:\/\/m.facebook.com\/p\/SurePay-100071898237241\/","article_modified_time":"2025-09-05T09:21:21+00:00","og_image":[{"width":2500,"height":1407,"url":"https:\/\/www.surepay.eu\/wp-content\/uploads\/2023\/10\/SurePay-IBAN-Naam-Check-Portal.png","type":"image\/png"}],"twitter_card":"summary_large_image","twitter_site":"@SurePayNL","twitter_misc":{"Dur\u00e9e de lecture estim\u00e9e":"1 minute"},"schema":{"@context":"https:\/\/schema.org","@graph":[{"@type":"WebPage","@id":"https:\/\/www.surepay.eu\/fr\/actualites-blogs\/","url":"https:\/\/www.surepay.eu\/fr\/actualites-blogs\/","name":"Actualit\u00e9s SurePay \u2013 Tendances et innovations bancaires","isPartOf":{"@id":"https:\/\/www.surepay.eu\/fr\/#website"},"datePublished":"2023-08-30T11:33:12+00:00","dateModified":"2025-09-05T09:21:21+00:00","description":"Explorez les derni\u00e8res actualit\u00e9s de SurePay, nos articles de blog et les innovations en V\u00e9rification du B\u00e9n\u00e9ficiaire dans le secteur bancaire.","breadcrumb":{"@id":"https:\/\/www.surepay.eu\/fr\/actualites-blogs\/#breadcrumb"},"inLanguage":"fr-FR","potentialAction":[{"@type":"ReadAction","target":["https:\/\/www.surepay.eu\/fr\/actualites-blogs\/"]}]},{"@type":"BreadcrumbList","@id":"https:\/\/www.surepay.eu\/fr\/actualites-blogs\/#breadcrumb","itemListElement":[{"@type":"ListItem","position":1,"name":"Home","item":"https:\/\/www.surepay.eu\/fr\/"},{"@type":"ListItem","position":2,"name":"News &amp; Blogs"}]},{"@type":"WebSite","@id":"https:\/\/www.surepay.eu\/fr\/#website","url":"https:\/\/www.surepay.eu\/fr\/","name":"SurePay","description":"SurePay - maakt betalen persoonlijker en nog veiliger","publisher":{"@id":"https:\/\/www.surepay.eu\/fr\/#organization"},"potentialAction":[{"@type":"SearchAction","target":{"@type":"EntryPoint","urlTemplate":"https:\/\/www.surepay.eu\/fr\/?s={search_term_string}"},"query-input":{"@type":"PropertyValueSpecification","valueRequired":true,"valueName":"search_term_string"}}],"inLanguage":"fr-FR"},{"@type":"Organization","@id":"https:\/\/www.surepay.eu\/fr\/#organization","name":"SurePay","url":"https:\/\/www.surepay.eu\/fr\/","logo":{"@type":"ImageObject","inLanguage":"fr-FR","@id":"https:\/\/www.surepay.eu\/fr\/#\/schema\/logo\/image\/","url":"https:\/\/www.surepay.eu\/wp-content\/uploads\/2023\/08\/surepay_logo.png","contentUrl":"https:\/\/www.surepay.eu\/wp-content\/uploads\/2023\/08\/surepay_logo.png","width":896,"height":184,"caption":"SurePay"},"image":{"@id":"https:\/\/www.surepay.eu\/fr\/#\/schema\/logo\/image\/"},"sameAs":["https:\/\/m.facebook.com\/p\/SurePay-100071898237241\/","https:\/\/x.com\/SurePayNL","https:\/\/nl.linkedin.com\/company\/surepaynl","https:\/\/www.instagram.com\/surepay_nl\/"]}]}},"_links":{"self":[{"href":"https:\/\/www.surepay.eu\/fr\/wp-json\/wp\/v2\/pages\/23074","targetHints":{"allow":["GET"]}}],"collection":[{"href":"https:\/\/www.surepay.eu\/fr\/wp-json\/wp\/v2\/pages"}],"about":[{"href":"https:\/\/www.surepay.eu\/fr\/wp-json\/wp\/v2\/types\/page"}],"author":[{"embeddable":true,"href":"https:\/\/www.surepay.eu\/fr\/wp-json\/wp\/v2\/users\/7"}],"replies":[{"embeddable":true,"href":"https:\/\/www.surepay.eu\/fr\/wp-json\/wp\/v2\/comments?post=23074"}],"version-history":[{"count":0,"href":"https:\/\/www.surepay.eu\/fr\/wp-json\/wp\/v2\/pages\/23074\/revisions"}],"wp:attachment":[{"href":"https:\/\/www.surepay.eu\/fr\/wp-json\/wp\/v2\/media?parent=23074"}],"curies":[{"name":"wp","href":"https:\/\/api.w.org\/{rel}","templated":true}]}}