{"id":23267,"date":"2025-07-15T15:16:40","date_gmt":"2025-07-15T13:16:40","guid":{"rendered":"https:\/\/www.surepay.eu\/?page_id=23267"},"modified":"2025-09-10T09:29:33","modified_gmt":"2025-09-10T07:29:33","slug":"brochure-verification-du-beneficiaire","status":"publish","type":"page","link":"https:\/\/www.surepay.eu\/fr\/brochure-verification-du-beneficiaire\/","title":{"rendered":"Brochure verification du beneficiaire"},"content":{"rendered":"\t\t<div data-elementor-type=\"wp-page\" data-elementor-id=\"23267\" class=\"elementor elementor-23267\" data-elementor-post-type=\"page\">\n\t\t\t\t\t\t<section data-particle_enable=\"false\" data-particle-mobile-disabled=\"false\" class=\"elementor-section elementor-top-section elementor-element elementor-element-483f24b elementor-section-height-min-height elementor-section-items-top elementor-section-content-middle elementor-section-boxed elementor-section-height-default\" data-id=\"483f24b\" data-element_type=\"section\" data-e-type=\"section\" data-settings=\"{&quot;background_background&quot;:&quot;classic&quot;,&quot;shape_divider_bottom&quot;:&quot;waves&quot;}\">\n\t\t\t\t\t<div class=\"elementor-shape elementor-shape-bottom\" aria-hidden=\"true\" data-negative=\"false\">\n\t\t\t<svg xmlns=\"http:\/\/www.w3.org\/2000\/svg\" viewBox=\"0 0 1000 100\" preserveAspectRatio=\"none\">\n\t<path class=\"elementor-shape-fill\" d=\"M421.9,6.5c22.6-2.5,51.5,0.4,75.5,5.3c23.6,4.9,70.9,23.5,100.5,35.7c75.8,32.2,133.7,44.5,192.6,49.7\n\tc23.6,2.1,48.7,3.5,103.4-2.5c54.7-6,106.2-25.6,106.2-25.6V0H0v30.3c0,0,72,32.6,158.4,30.5c39.2-0.7,92.8-6.7,134-22.4\n\tc21.2-8.1,52.2-18.2,79.7-24.2C399.3,7.9,411.6,7.5,421.9,6.5z\"\/>\n<\/svg>\t\t<\/div>\n\t\t\t\t\t<div class=\"elementor-container elementor-column-gap-default\">\n\t\t\t\t\t<div class=\"elementor-column elementor-col-50 elementor-top-column elementor-element elementor-element-e4ba337 main-1\" data-id=\"e4ba337\" data-element_type=\"column\" data-e-type=\"column\">\n\t\t\t<div class=\"elementor-widget-wrap elementor-element-populated\">\n\t\t\t\t\t\t<div class=\"elementor-element elementor-element-57cbf7f elementor-widget__width-initial elementor-widget elementor-widget-heading\" data-id=\"57cbf7f\" data-element_type=\"widget\" data-e-type=\"widget\" data-widget_type=\"heading.default\">\n\t\t\t\t<div class=\"elementor-widget-container\">\n\t\t\t\t\t<h1 class=\"elementor-heading-title elementor-size-default\">Brochure<\/h1>\t\t\t\t<\/div>\n\t\t\t\t<\/div>\n\t\t\t\t<div class=\"elementor-element elementor-element-1197174 elementor-widget elementor-widget-text-editor\" data-id=\"1197174\" data-element_type=\"widget\" data-e-type=\"widget\" data-widget_type=\"text-editor.default\">\n\t\t\t\t<div class=\"elementor-widget-container\">\n\t\t\t\t\t\t\t\t\t<p>Connecter l\u2019Europe gr\u00e2ce \u00e0 la V\u00e9rification du B\u00e9n\u00e9ficiaire<\/p>\t\t\t\t\t\t\t\t<\/div>\n\t\t\t\t<\/div>\n\t\t\t\t<div class=\"elementor-element elementor-element-c64d7b0 elementor-align-left elementor-widget-mobile__width-initial elementor-hidden-mobile elementor-widget elementor-widget-post-info\" data-id=\"c64d7b0\" data-element_type=\"widget\" data-e-type=\"widget\" data-widget_type=\"post-info.default\">\n\t\t\t\t<div class=\"elementor-widget-container\">\n\t\t\t\t\t\t\t<ul class=\"elementor-inline-items elementor-icon-list-items elementor-post-info\">\n\t\t\t\t\t\t\t\t<li class=\"elementor-icon-list-item elementor-repeater-item-cb01f74 elementor-inline-item\">\n\t\t\t\t\t\t\t\t\t\t<span class=\"elementor-icon-list-icon\">\n\t\t\t\t\t\t\t\t<svg aria-hidden=\"true\" class=\"e-font-icon-svg e-far-clock\" viewBox=\"0 0 512 512\" xmlns=\"http:\/\/www.w3.org\/2000\/svg\"><path d=\"M256 8C119 8 8 119 8 256s111 248 248 248 248-111 248-248S393 8 256 8zm0 448c-110.5 0-200-89.5-200-200S145.5 56 256 56s200 89.5 200 200-89.5 200-200 200zm61.8-104.4l-84.9-61.7c-3.1-2.3-4.9-5.9-4.9-9.7V116c0-6.6 5.4-12 12-12h32c6.6 0 12 5.4 12 12v141.7l66.8 48.6c5.4 3.9 6.5 11.4 2.6 16.8L334.6 349c-3.9 5.3-11.4 6.5-16.8 2.6z\"><\/path><\/svg>\t\t\t\t\t\t\t<\/span>\n\t\t\t\t\t\t\t\t\t<span class=\"elementor-icon-list-text elementor-post-info__item elementor-post-info__item--type-custom\">\n\t\t\t\t\t\t\t\t\t\tTemps de lecture estim\u00e9 : 10 min\t\t\t\t\t<\/span>\n\t\t\t\t\t\t\t\t<\/li>\n\t\t\t\t<\/ul>\n\t\t\t\t\t\t<\/div>\n\t\t\t\t<\/div>\n\t\t\t\t<div class=\"elementor-element elementor-element-fab93c5 elementor-widget elementor-widget-text-editor\" data-id=\"fab93c5\" data-element_type=\"widget\" data-e-type=\"widget\" data-widget_type=\"text-editor.default\">\n\t\t\t\t<div class=\"elementor-widget-container\">\n\t\t\t\t\t\t\t\t\t<p>T\u00e9l\u00e9chargez ici la brochure sur la V\u00e9rification du B\u00e9n\u00e9ficiaire pour les banques. Vous \u00eates d\u00e9veloppeur ? Consultez notre <a href=\"https:\/\/developer.surepay.nl\/introduction\">portail d\u00e9veloppeurs<\/a>.<\/p>\t\t\t\t\t\t\t\t<\/div>\n\t\t\t\t<\/div>\n\t\t\t\t\t<\/div>\n\t\t<\/div>\n\t\t\t\t<div class=\"elementor-column elementor-col-50 elementor-top-column elementor-element elementor-element-17f4fa5 elementor-invisible\" data-id=\"17f4fa5\" data-element_type=\"column\" data-e-type=\"column\" data-settings=\"{&quot;background_background&quot;:&quot;classic&quot;,&quot;animation&quot;:&quot;fadeInRight&quot;}\">\n\t\t\t<div class=\"elementor-widget-wrap elementor-element-populated\">\n\t\t\t\t\t\t<div class=\"elementor-element elementor-element-a6789c9 elementor-widget__width-initial elementor-widget elementor-widget-heading\" data-id=\"a6789c9\" data-element_type=\"widget\" data-e-type=\"widget\" data-widget_type=\"heading.default\">\n\t\t\t\t<div class=\"elementor-widget-container\">\n\t\t\t\t\t<h1 class=\"elementor-heading-title elementor-size-default\">T\u00e9l\u00e9charger la brochure<\/h1>\t\t\t\t<\/div>\n\t\t\t\t<\/div>\n\t\t\t\t<div class=\"elementor-element elementor-element-2aad293 elementor-widget elementor-widget-text-editor\" data-id=\"2aad293\" data-element_type=\"widget\" data-e-type=\"widget\" data-widget_type=\"text-editor.default\">\n\t\t\t\t<div class=\"elementor-widget-container\">\n\t\t\t\t\t\t\t\t\t<p>Attention, la brochure est en anglais<\/p>\t\t\t\t\t\t\t\t<\/div>\n\t\t\t\t<\/div>\n\t\t\t\t<div class=\"elementor-element elementor-element-60c71dd elementor-widget elementor-widget-html\" data-id=\"60c71dd\" data-element_type=\"widget\" data-e-type=\"widget\" data-widget_type=\"html.default\">\n\t\t\t\t<div class=\"elementor-widget-container\">\n\t\t\t\t\t<script charset=\"utf-8\" type=\"text\/javascript\" src=\"\/\/js-eu1.hsforms.net\/forms\/embed\/v2.js\"><\/script>\n<script>\n  hbspt.forms.create({\n    portalId: \"24977011\",\n    formId: \"f2e44c31-2d7f-45df-9bee-7cffa5031a49\",\n    region: \"eu1\"\n  });\n<\/script>\t\t\t\t<\/div>\n\t\t\t\t<\/div>\n\t\t\t\t\t<\/div>\n\t\t<\/div>\n\t\t\t\t\t<\/div>\n\t\t<\/section>\n\t\t\t\t<\/div>\n\t\t","protected":false},"excerpt":{"rendered":"<p>Brochure Connecter l\u2019Europe gr\u00e2ce \u00e0 la V\u00e9rification du B\u00e9n\u00e9ficiaire T\u00e9l\u00e9chargez ici la brochure sur la V\u00e9rification du B\u00e9n\u00e9ficiaire pour les banques. Vous \u00eates d\u00e9veloppeur ? Consultez notre portail d\u00e9veloppeurs. T\u00e9l\u00e9charger la brochure Attention, la brochure est en anglais<\/p>\n","protected":false},"author":4,"featured_media":0,"parent":0,"menu_order":0,"comment_status":"closed","ping_status":"closed","template":"","meta":{"_acf_changed":false,"content-type":"","inline_featured_image":false,"footnotes":""},"class_list":["post-23267","page","type-page","status-publish","hentry"],"acf":[],"yoast_head":"<!-- This site is optimized with the Yoast SEO plugin v27.4 - https:\/\/yoast.com\/product\/yoast-seo-wordpress\/ -->\n<title>V\u00e9rification du B\u00e9n\u00e9ficiaire : Brochure | SurePay<\/title>\n<meta name=\"description\" content=\"D\u00e9couvrez comment SurePay innove en V\u00e9rification du B\u00e9n\u00e9ficiaire pour aider les banques \u00e0 s\u00e9curiser les paiements et pr\u00e9venir les fraudes.\" \/>\n<meta name=\"robots\" content=\"index, follow, max-snippet:-1, max-image-preview:large, max-video-preview:-1\" \/>\n<link rel=\"canonical\" href=\"https:\/\/www.surepay.eu\/fr\/brochure-verification-du-beneficiaire\/\" \/>\n<meta property=\"og:locale\" content=\"fr_FR\" \/>\n<meta property=\"og:type\" content=\"article\" \/>\n<meta property=\"og:title\" content=\"V\u00e9rification du B\u00e9n\u00e9ficiaire : Brochure | SurePay\" \/>\n<meta property=\"og:description\" content=\"D\u00e9couvrez comment SurePay innove en V\u00e9rification du B\u00e9n\u00e9ficiaire pour aider les banques \u00e0 s\u00e9curiser les paiements et pr\u00e9venir les fraudes.\" \/>\n<meta property=\"og:url\" content=\"https:\/\/www.surepay.eu\/fr\/brochure-verification-du-beneficiaire\/\" \/>\n<meta property=\"og:site_name\" content=\"SurePay\" \/>\n<meta property=\"article:publisher\" content=\"https:\/\/m.facebook.com\/p\/SurePay-100071898237241\/\" \/>\n<meta property=\"article:modified_time\" content=\"2025-09-10T07:29:33+00:00\" \/>\n<meta property=\"og:image\" content=\"https:\/\/www.surepay.eu\/wp-content\/uploads\/2023\/10\/SurePay-IBAN-Naam-Check-Portal.png\" \/>\n\t<meta property=\"og:image:width\" content=\"2500\" \/>\n\t<meta property=\"og:image:height\" content=\"1407\" \/>\n\t<meta property=\"og:image:type\" content=\"image\/png\" \/>\n<meta name=\"twitter:card\" content=\"summary_large_image\" \/>\n<meta name=\"twitter:site\" content=\"@SurePayNL\" \/>\n<meta name=\"twitter:label1\" content=\"Dur\u00e9e de lecture estim\u00e9e\" \/>\n\t<meta name=\"twitter:data1\" content=\"1 minute\" \/>\n<script type=\"application\/ld+json\" class=\"yoast-schema-graph\">{\"@context\":\"https:\\\/\\\/schema.org\",\"@graph\":[{\"@type\":\"WebPage\",\"@id\":\"https:\\\/\\\/www.surepay.eu\\\/fr\\\/brochure-verification-du-beneficiaire\\\/\",\"url\":\"https:\\\/\\\/www.surepay.eu\\\/fr\\\/brochure-verification-du-beneficiaire\\\/\",\"name\":\"V\u00e9rification du B\u00e9n\u00e9ficiaire : Brochure | SurePay\",\"isPartOf\":{\"@id\":\"https:\\\/\\\/www.surepay.eu\\\/fr\\\/#website\"},\"datePublished\":\"2025-07-15T13:16:40+00:00\",\"dateModified\":\"2025-09-10T07:29:33+00:00\",\"description\":\"D\u00e9couvrez comment SurePay innove en V\u00e9rification du B\u00e9n\u00e9ficiaire pour aider les banques \u00e0 s\u00e9curiser les paiements et pr\u00e9venir les fraudes.\",\"breadcrumb\":{\"@id\":\"https:\\\/\\\/www.surepay.eu\\\/fr\\\/brochure-verification-du-beneficiaire\\\/#breadcrumb\"},\"inLanguage\":\"fr-FR\",\"potentialAction\":[{\"@type\":\"ReadAction\",\"target\":[\"https:\\\/\\\/www.surepay.eu\\\/fr\\\/brochure-verification-du-beneficiaire\\\/\"]}]},{\"@type\":\"BreadcrumbList\",\"@id\":\"https:\\\/\\\/www.surepay.eu\\\/fr\\\/brochure-verification-du-beneficiaire\\\/#breadcrumb\",\"itemListElement\":[{\"@type\":\"ListItem\",\"position\":1,\"name\":\"Home\",\"item\":\"https:\\\/\\\/www.surepay.eu\\\/fr\\\/\"},{\"@type\":\"ListItem\",\"position\":2,\"name\":\"Brochure verification du beneficiaire\"}]},{\"@type\":\"WebSite\",\"@id\":\"https:\\\/\\\/www.surepay.eu\\\/fr\\\/#website\",\"url\":\"https:\\\/\\\/www.surepay.eu\\\/fr\\\/\",\"name\":\"SurePay\",\"description\":\"SurePay - maakt betalen persoonlijker en nog veiliger\",\"publisher\":{\"@id\":\"https:\\\/\\\/www.surepay.eu\\\/fr\\\/#organization\"},\"potentialAction\":[{\"@type\":\"SearchAction\",\"target\":{\"@type\":\"EntryPoint\",\"urlTemplate\":\"https:\\\/\\\/www.surepay.eu\\\/fr\\\/?s={search_term_string}\"},\"query-input\":{\"@type\":\"PropertyValueSpecification\",\"valueRequired\":true,\"valueName\":\"search_term_string\"}}],\"inLanguage\":\"fr-FR\"},{\"@type\":\"Organization\",\"@id\":\"https:\\\/\\\/www.surepay.eu\\\/fr\\\/#organization\",\"name\":\"SurePay\",\"url\":\"https:\\\/\\\/www.surepay.eu\\\/fr\\\/\",\"logo\":{\"@type\":\"ImageObject\",\"inLanguage\":\"fr-FR\",\"@id\":\"https:\\\/\\\/www.surepay.eu\\\/fr\\\/#\\\/schema\\\/logo\\\/image\\\/\",\"url\":\"https:\\\/\\\/www.surepay.eu\\\/wp-content\\\/uploads\\\/2023\\\/08\\\/surepay_logo.png\",\"contentUrl\":\"https:\\\/\\\/www.surepay.eu\\\/wp-content\\\/uploads\\\/2023\\\/08\\\/surepay_logo.png\",\"width\":896,\"height\":184,\"caption\":\"SurePay\"},\"image\":{\"@id\":\"https:\\\/\\\/www.surepay.eu\\\/fr\\\/#\\\/schema\\\/logo\\\/image\\\/\"},\"sameAs\":[\"https:\\\/\\\/m.facebook.com\\\/p\\\/SurePay-100071898237241\\\/\",\"https:\\\/\\\/x.com\\\/SurePayNL\",\"https:\\\/\\\/nl.linkedin.com\\\/company\\\/surepaynl\",\"https:\\\/\\\/www.instagram.com\\\/surepay_nl\\\/\"]}]}<\/script>\n<!-- \/ Yoast SEO plugin. -->","yoast_head_json":{"title":"V\u00e9rification du B\u00e9n\u00e9ficiaire : Brochure | SurePay","description":"D\u00e9couvrez comment SurePay innove en V\u00e9rification du B\u00e9n\u00e9ficiaire pour aider les banques \u00e0 s\u00e9curiser les paiements et pr\u00e9venir les fraudes.","robots":{"index":"index","follow":"follow","max-snippet":"max-snippet:-1","max-image-preview":"max-image-preview:large","max-video-preview":"max-video-preview:-1"},"canonical":"https:\/\/www.surepay.eu\/fr\/brochure-verification-du-beneficiaire\/","og_locale":"fr_FR","og_type":"article","og_title":"V\u00e9rification du B\u00e9n\u00e9ficiaire : Brochure | SurePay","og_description":"D\u00e9couvrez comment SurePay innove en V\u00e9rification du B\u00e9n\u00e9ficiaire pour aider les banques \u00e0 s\u00e9curiser les paiements et pr\u00e9venir les fraudes.","og_url":"https:\/\/www.surepay.eu\/fr\/brochure-verification-du-beneficiaire\/","og_site_name":"SurePay","article_publisher":"https:\/\/m.facebook.com\/p\/SurePay-100071898237241\/","article_modified_time":"2025-09-10T07:29:33+00:00","og_image":[{"width":2500,"height":1407,"url":"https:\/\/www.surepay.eu\/wp-content\/uploads\/2023\/10\/SurePay-IBAN-Naam-Check-Portal.png","type":"image\/png"}],"twitter_card":"summary_large_image","twitter_site":"@SurePayNL","twitter_misc":{"Dur\u00e9e de lecture estim\u00e9e":"1 minute"},"schema":{"@context":"https:\/\/schema.org","@graph":[{"@type":"WebPage","@id":"https:\/\/www.surepay.eu\/fr\/brochure-verification-du-beneficiaire\/","url":"https:\/\/www.surepay.eu\/fr\/brochure-verification-du-beneficiaire\/","name":"V\u00e9rification du B\u00e9n\u00e9ficiaire : Brochure | SurePay","isPartOf":{"@id":"https:\/\/www.surepay.eu\/fr\/#website"},"datePublished":"2025-07-15T13:16:40+00:00","dateModified":"2025-09-10T07:29:33+00:00","description":"D\u00e9couvrez comment SurePay innove en V\u00e9rification du B\u00e9n\u00e9ficiaire pour aider les banques \u00e0 s\u00e9curiser les paiements et pr\u00e9venir les fraudes.","breadcrumb":{"@id":"https:\/\/www.surepay.eu\/fr\/brochure-verification-du-beneficiaire\/#breadcrumb"},"inLanguage":"fr-FR","potentialAction":[{"@type":"ReadAction","target":["https:\/\/www.surepay.eu\/fr\/brochure-verification-du-beneficiaire\/"]}]},{"@type":"BreadcrumbList","@id":"https:\/\/www.surepay.eu\/fr\/brochure-verification-du-beneficiaire\/#breadcrumb","itemListElement":[{"@type":"ListItem","position":1,"name":"Home","item":"https:\/\/www.surepay.eu\/fr\/"},{"@type":"ListItem","position":2,"name":"Brochure verification du beneficiaire"}]},{"@type":"WebSite","@id":"https:\/\/www.surepay.eu\/fr\/#website","url":"https:\/\/www.surepay.eu\/fr\/","name":"SurePay","description":"SurePay - maakt betalen persoonlijker en nog veiliger","publisher":{"@id":"https:\/\/www.surepay.eu\/fr\/#organization"},"potentialAction":[{"@type":"SearchAction","target":{"@type":"EntryPoint","urlTemplate":"https:\/\/www.surepay.eu\/fr\/?s={search_term_string}"},"query-input":{"@type":"PropertyValueSpecification","valueRequired":true,"valueName":"search_term_string"}}],"inLanguage":"fr-FR"},{"@type":"Organization","@id":"https:\/\/www.surepay.eu\/fr\/#organization","name":"SurePay","url":"https:\/\/www.surepay.eu\/fr\/","logo":{"@type":"ImageObject","inLanguage":"fr-FR","@id":"https:\/\/www.surepay.eu\/fr\/#\/schema\/logo\/image\/","url":"https:\/\/www.surepay.eu\/wp-content\/uploads\/2023\/08\/surepay_logo.png","contentUrl":"https:\/\/www.surepay.eu\/wp-content\/uploads\/2023\/08\/surepay_logo.png","width":896,"height":184,"caption":"SurePay"},"image":{"@id":"https:\/\/www.surepay.eu\/fr\/#\/schema\/logo\/image\/"},"sameAs":["https:\/\/m.facebook.com\/p\/SurePay-100071898237241\/","https:\/\/x.com\/SurePayNL","https:\/\/nl.linkedin.com\/company\/surepaynl","https:\/\/www.instagram.com\/surepay_nl\/"]}]}},"_links":{"self":[{"href":"https:\/\/www.surepay.eu\/fr\/wp-json\/wp\/v2\/pages\/23267","targetHints":{"allow":["GET"]}}],"collection":[{"href":"https:\/\/www.surepay.eu\/fr\/wp-json\/wp\/v2\/pages"}],"about":[{"href":"https:\/\/www.surepay.eu\/fr\/wp-json\/wp\/v2\/types\/page"}],"author":[{"embeddable":true,"href":"https:\/\/www.surepay.eu\/fr\/wp-json\/wp\/v2\/users\/4"}],"replies":[{"embeddable":true,"href":"https:\/\/www.surepay.eu\/fr\/wp-json\/wp\/v2\/comments?post=23267"}],"version-history":[{"count":0,"href":"https:\/\/www.surepay.eu\/fr\/wp-json\/wp\/v2\/pages\/23267\/revisions"}],"wp:attachment":[{"href":"https:\/\/www.surepay.eu\/fr\/wp-json\/wp\/v2\/media?parent=23267"}],"curies":[{"name":"wp","href":"https:\/\/api.w.org\/{rel}","templated":true}]}}