{"id":34275,"date":"2026-03-30T16:41:03","date_gmt":"2026-03-30T14:41:03","guid":{"rendered":"https:\/\/www.surepay.eu\/contact\/"},"modified":"2026-03-31T21:21:08","modified_gmt":"2026-03-31T19:21:08","slug":"contact","status":"publish","type":"page","link":"https:\/\/www.surepay.eu\/fr\/contact\/","title":{"rendered":"Contact"},"content":{"rendered":"\t\t<div data-elementor-type=\"wp-page\" data-elementor-id=\"34275\" class=\"elementor elementor-34275 elementor-34268\" data-elementor-post-type=\"page\">\n\t\t\t\t\t\t<section data-particle_enable=\"false\" data-particle-mobile-disabled=\"false\" class=\"elementor-section elementor-top-section elementor-element elementor-element-74d77d3 elementor-section-height-min-height elementor-section-items-top elementor-section-content-middle elementor-section-boxed elementor-section-height-default\" data-id=\"74d77d3\" data-element_type=\"section\" data-e-type=\"section\" data-settings=\"{&quot;background_background&quot;:&quot;classic&quot;}\">\n\t\t\t\t\t\t<div class=\"elementor-container elementor-column-gap-default\">\n\t\t\t\t\t<div class=\"elementor-column elementor-col-100 elementor-top-column elementor-element elementor-element-c56c89e main-1\" data-id=\"c56c89e\" data-element_type=\"column\" data-e-type=\"column\">\n\t\t\t<div class=\"elementor-widget-wrap elementor-element-populated\">\n\t\t\t\t\t\t<div class=\"elementor-element elementor-element-a89f844 elementor-align-center elementor-widget__width-initial elementor-invisible elementor-widget elementor-widget-button\" data-id=\"a89f844\" data-element_type=\"widget\" data-e-type=\"widget\" data-settings=\"{&quot;_animation&quot;:&quot;fadeIn&quot;,&quot;_animation_delay&quot;:350}\" data-widget_type=\"button.default\">\n\t\t\t\t<div class=\"elementor-widget-container\">\n\t\t\t\t\t\t\t\t\t<div class=\"elementor-button-wrapper\">\n\t\t\t\t\t<a class=\"elementor-button elementor-size-sm elementor-animation-float\" role=\"button\">\n\t\t\t\t\t\t<span class=\"elementor-button-content-wrapper\">\n\t\t\t\t\t\t\t\t\t<span class=\"elementor-button-text\">Contactez-nous<\/span>\n\t\t\t\t\t<\/span>\n\t\t\t\t\t<\/a>\n\t\t\t\t<\/div>\n\t\t\t\t\t\t\t\t<\/div>\n\t\t\t\t<\/div>\n\t\t\t\t<div class=\"elementor-element elementor-element-e11f15e elementor-widget__width-initial elementor-invisible elementor-widget elementor-widget-heading\" data-id=\"e11f15e\" data-element_type=\"widget\" data-e-type=\"widget\" data-settings=\"{&quot;_animation&quot;:&quot;slideInUp&quot;}\" data-widget_type=\"heading.default\">\n\t\t\t\t<div class=\"elementor-widget-container\">\n\t\t\t\t\t<h2 class=\"elementor-heading-title elementor-size-default\">Nous serions ravis d\u2019\u00e9changer avec vous<\/h2>\t\t\t\t<\/div>\n\t\t\t\t<\/div>\n\t\t\t\t\t<\/div>\n\t\t<\/div>\n\t\t\t\t\t<\/div>\n\t\t<\/section>\n\t\t\t\t<section data-particle_enable=\"false\" data-particle-mobile-disabled=\"false\" class=\"elementor-section elementor-top-section elementor-element elementor-element-8e990d4 elementor-section-boxed elementor-section-height-default elementor-section-height-default\" data-id=\"8e990d4\" data-element_type=\"section\" data-e-type=\"section\">\n\t\t\t\t\t\t<div class=\"elementor-container elementor-column-gap-default\">\n\t\t\t\t\t<div class=\"elementor-column elementor-col-50 elementor-top-column elementor-element elementor-element-ba9c315\" data-id=\"ba9c315\" data-element_type=\"column\" data-e-type=\"column\">\n\t\t\t<div class=\"elementor-widget-wrap elementor-element-populated\">\n\t\t\t\t\t\t<div class=\"elementor-element elementor-element-c2bcdac elementor-widget__width-initial elementor-widget elementor-widget-heading\" data-id=\"c2bcdac\" data-element_type=\"widget\" data-e-type=\"widget\" data-widget_type=\"heading.default\">\n\t\t\t\t<div class=\"elementor-widget-container\">\n\t\t\t\t\t<h3 class=\"elementor-heading-title elementor-size-default\">Prenez contact avec nous<\/h3>\t\t\t\t<\/div>\n\t\t\t\t<\/div>\n\t\t\t\t<div class=\"elementor-element elementor-element-41adc07 elementor-widget__width-initial elementor-widget elementor-widget-text-editor\" data-id=\"41adc07\" data-element_type=\"widget\" data-e-type=\"widget\" data-widget_type=\"text-editor.default\">\n\t\t\t\t<div class=\"elementor-widget-container\">\n\t\t\t\t\t\t\t\t\tQue vous ayez une question, besoin d\u2019assistance ou souhaitiez en savoir plus sur nos solutions, nous sommes l\u00e0 pour vous aider. Remplissez le formulaire et notre \u00e9quipe vous r\u00e9pondra rapidement. Nous sommes impatients d\u2019\u00e9changer avec vous et de voir comment nous pouvons vous accompagner.\t\t\t\t\t\t\t\t<\/div>\n\t\t\t\t<\/div>\n\t\t\t\t\t<\/div>\n\t\t<\/div>\n\t\t\t\t<div class=\"elementor-column elementor-col-50 elementor-top-column elementor-element elementor-element-caefae6\" data-id=\"caefae6\" data-element_type=\"column\" data-e-type=\"column\">\n\t\t\t<div class=\"elementor-widget-wrap elementor-element-populated\">\n\t\t\t\t\t\t<div class=\"elementor-element elementor-element-4665718 elementor-widget__width-initial elementor-widget elementor-widget-hubspot-form\" data-id=\"4665718\" data-element_type=\"widget\" data-e-type=\"widget\" data-widget_type=\"hubspot-form.default\">\n\t\t\t\t<div class=\"elementor-widget-container\">\n\t\t\t\t\t\n\t\t\t\t\t\t<script>\n\t\t\t\t\t\t\twindow.hsFormsOnReady = window.hsFormsOnReady || [];\n\t\t\t\t\t\t\twindow.hsFormsOnReady.push(()=>{\n\t\t\t\t\t\t\t\thbspt.forms.create({\n\t\t\t\t\t\t\t\t\tportalId: 24977011,\n\t\t\t\t\t\t\t\t\tformId: \"dfbc30be-9a8a-4860-adcc-66a7aae4d718\",\n\t\t\t\t\t\t\t\t\ttarget: \"#hbspt-form-1777093104000-2668440462\",\n\t\t\t\t\t\t\t\t\tregion: \"eu1\",\n\t\t\t\t\t\t\t\t\t\n\t\t\t\t\t\t\t})});\n\t\t\t\t\t\t<\/script>\n\t\t\t\t\t\t<div class=\"hbspt-form\" id=\"hbspt-form-1777093104000-2668440462\"><\/div>\t\t\t\t<\/div>\n\t\t\t\t<\/div>\n\t\t\t\t\t<\/div>\n\t\t<\/div>\n\t\t\t\t\t<\/div>\n\t\t<\/section>\n\t\t\t\t<section data-particle_enable=\"false\" data-particle-mobile-disabled=\"false\" class=\"elementor-section elementor-top-section elementor-element elementor-element-e021cc5 OnzeSection BgFull elementor-section-boxed elementor-section-height-default elementor-section-height-default\" data-id=\"e021cc5\" data-element_type=\"section\" data-e-type=\"section\" data-settings=\"{&quot;background_background&quot;:&quot;classic&quot;}\">\n\t\t\t\t\t\t<div class=\"elementor-container elementor-column-gap-default\">\n\t\t\t\t\t<div class=\"elementor-column elementor-col-100 elementor-top-column elementor-element elementor-element-b4a9e02\" data-id=\"b4a9e02\" data-element_type=\"column\" data-e-type=\"column\">\n\t\t\t<div class=\"elementor-widget-wrap elementor-element-populated\">\n\t\t\t\t\t\t<div class=\"elementor-element elementor-element-08e7dc8 elementor-invisible elementor-widget elementor-widget-heading\" data-id=\"08e7dc8\" data-element_type=\"widget\" data-e-type=\"widget\" data-settings=\"{&quot;_animation&quot;:&quot;fadeInUp&quot;}\" data-widget_type=\"heading.default\">\n\t\t\t\t<div class=\"elementor-widget-container\">\n\t\t\t\t\t<h1 class=\"elementor-heading-title elementor-size-default\">Nos bureaux dans le monde<\/h1>\t\t\t\t<\/div>\n\t\t\t\t<\/div>\n\t\t\t\t<section data-particle_enable=\"false\" data-particle-mobile-disabled=\"false\" class=\"elementor-section elementor-inner-section elementor-element elementor-element-e2e0a91 elementor-section-boxed elementor-section-height-default elementor-section-height-default elementor-invisible\" data-id=\"e2e0a91\" data-element_type=\"section\" data-e-type=\"section\" data-settings=\"{&quot;animation&quot;:&quot;fadeInUp&quot;}\">\n\t\t\t\t\t\t<div class=\"elementor-container elementor-column-gap-custom\">\n\t\t\t\t\t<div class=\"elementor-column elementor-col-33 elementor-inner-column elementor-element elementor-element-0dd9176\" data-id=\"0dd9176\" data-element_type=\"column\" data-e-type=\"column\" data-settings=\"{&quot;background_background&quot;:&quot;classic&quot;}\">\n\t\t\t<div class=\"elementor-widget-wrap elementor-element-populated\">\n\t\t\t\t\t\t<div class=\"elementor-element elementor-element-43b6275 elementor-widget elementor-widget-image\" data-id=\"43b6275\" data-element_type=\"widget\" data-e-type=\"widget\" data-widget_type=\"image.default\">\n\t\t\t\t<div class=\"elementor-widget-container\">\n\t\t\t\t\t\t\t\t\t\t\t\t\t\t\t<img decoding=\"async\" width=\"102\" height=\"143\" src=\"https:\/\/www.surepay.eu\/wp-content\/uploads\/2026\/02\/Location-icon-2.png\" class=\"attachment-large size-large wp-image-29859\" alt=\"\" \/>\t\t\t\t\t\t\t\t\t\t\t\t\t\t\t<\/div>\n\t\t\t\t<\/div>\n\t\t\t\t<div class=\"elementor-element elementor-element-ad50e91 elementor-widget elementor-widget-text-editor\" data-id=\"ad50e91\" data-element_type=\"widget\" data-e-type=\"widget\" data-widget_type=\"text-editor.default\">\n\t\t\t\t<div class=\"elementor-widget-container\">\n\t\t\t\t\t\t\t\t\t<h5>Bureau de New York<\/h5>\t\t\t\t\t\t\t\t<\/div>\n\t\t\t\t<\/div>\n\t\t\t\t<div class=\"elementor-element elementor-element-d95b42e elementor-widget elementor-widget-text-editor\" data-id=\"d95b42e\" data-element_type=\"widget\" data-e-type=\"widget\" data-widget_type=\"text-editor.default\">\n\t\t\t\t<div class=\"elementor-widget-container\">\n\t\t\t\t\t\t\t\t\t<p>228 E 45th St, Suite 9E<br \/>New York, NY 10017<\/p><p><a href=\"https:\/\/www.google.com\/maps\/dir\/?api=1&amp;destination=228+E+45th+St,+Suite+9E,+New+York,+NY+10017\" target=\"_blank\" rel=\"noopener noreferrer\">Obtenir l\u2019itin\u00e9raire \u2197<br \/><\/a><\/p>\t\t\t\t\t\t\t\t<\/div>\n\t\t\t\t<\/div>\n\t\t\t\t\t<\/div>\n\t\t<\/div>\n\t\t\t\t<div class=\"elementor-column elementor-col-33 elementor-inner-column elementor-element elementor-element-da3a560\" data-id=\"da3a560\" data-element_type=\"column\" data-e-type=\"column\" data-settings=\"{&quot;background_background&quot;:&quot;classic&quot;}\">\n\t\t\t<div class=\"elementor-widget-wrap elementor-element-populated\">\n\t\t\t\t\t\t<div class=\"elementor-element elementor-element-a90a681 elementor-widget elementor-widget-image\" data-id=\"a90a681\" data-element_type=\"widget\" data-e-type=\"widget\" data-widget_type=\"image.default\">\n\t\t\t\t<div class=\"elementor-widget-container\">\n\t\t\t\t\t\t\t\t\t\t\t\t\t\t\t<img decoding=\"async\" width=\"102\" height=\"143\" src=\"https:\/\/www.surepay.eu\/wp-content\/uploads\/2026\/02\/Location-icon-2.png\" class=\"attachment-large size-large wp-image-29859\" alt=\"\" \/>\t\t\t\t\t\t\t\t\t\t\t\t\t\t\t<\/div>\n\t\t\t\t<\/div>\n\t\t\t\t<div class=\"elementor-element elementor-element-f39f585 elementor-widget elementor-widget-text-editor\" data-id=\"f39f585\" data-element_type=\"widget\" data-e-type=\"widget\" data-widget_type=\"text-editor.default\">\n\t\t\t\t<div class=\"elementor-widget-container\">\n\t\t\t\t\t\t\t\t\t<h5>Bureau de Londres<\/h5>\t\t\t\t\t\t\t\t<\/div>\n\t\t\t\t<\/div>\n\t\t\t\t<div class=\"elementor-element elementor-element-b75d9d1 elementor-widget elementor-widget-text-editor\" data-id=\"b75d9d1\" data-element_type=\"widget\" data-e-type=\"widget\" data-widget_type=\"text-editor.default\">\n\t\t\t\t<div class=\"elementor-widget-container\">\n\t\t\t\t\t\t\t\t\t<p>66 Lincoln&rsquo;s Inn Fields<br \/>London WC2A 3LH<\/p><p><a href=\"https:\/\/www.google.com\/maps\/dir\/?api=1&amp;destination=66+Lincoln%27s+Inn+Fields,+London+WC2A+3LH\" target=\"_blank\" rel=\"noopener noreferrer\">Obtenir l\u2019itin\u00e9raire \u2197<br \/><\/a><\/p>\t\t\t\t\t\t\t\t<\/div>\n\t\t\t\t<\/div>\n\t\t\t\t\t<\/div>\n\t\t<\/div>\n\t\t\t\t<div class=\"elementor-column elementor-col-33 elementor-inner-column elementor-element elementor-element-5548c3b\" data-id=\"5548c3b\" data-element_type=\"column\" data-e-type=\"column\" data-settings=\"{&quot;background_background&quot;:&quot;classic&quot;}\">\n\t\t\t<div class=\"elementor-widget-wrap elementor-element-populated\">\n\t\t\t\t\t\t<div class=\"elementor-element elementor-element-4feca96 elementor-widget elementor-widget-image\" data-id=\"4feca96\" data-element_type=\"widget\" data-e-type=\"widget\" data-widget_type=\"image.default\">\n\t\t\t\t<div class=\"elementor-widget-container\">\n\t\t\t\t\t\t\t\t\t\t\t\t\t\t\t<img decoding=\"async\" width=\"102\" height=\"143\" src=\"https:\/\/www.surepay.eu\/wp-content\/uploads\/2026\/02\/Location-icon-2.png\" class=\"attachment-large size-large wp-image-29859\" alt=\"\" \/>\t\t\t\t\t\t\t\t\t\t\t\t\t\t\t<\/div>\n\t\t\t\t<\/div>\n\t\t\t\t<div class=\"elementor-element elementor-element-790386b elementor-widget elementor-widget-text-editor\" data-id=\"790386b\" data-element_type=\"widget\" data-e-type=\"widget\" data-widget_type=\"text-editor.default\">\n\t\t\t\t<div class=\"elementor-widget-container\">\n\t\t\t\t\t\t\t\t\t<h5>Bureau d\u2019Utrecht<\/h5>\t\t\t\t\t\t\t\t<\/div>\n\t\t\t\t<\/div>\n\t\t\t\t<div class=\"elementor-element elementor-element-921648e elementor-widget elementor-widget-text-editor\" data-id=\"921648e\" data-element_type=\"widget\" data-e-type=\"widget\" data-widget_type=\"text-editor.default\">\n\t\t\t\t<div class=\"elementor-widget-container\">\n\t\t\t\t\t\t\t\t\t<p>Nicolaas Beetsstraat 222<br \/>3511 HG\u00a0 Utrecht<\/p><p><a href=\"https:\/\/www.google.com\/maps\/dir\/?api=1&amp;destination=Nicolaas+Beetsstraat+222,+3511+HG+Utrecht\" target=\"_blank\" rel=\"noopener noreferrer\">Obtenir l\u2019itin\u00e9raire \u2197<br \/><\/a><\/p>\t\t\t\t\t\t\t\t<\/div>\n\t\t\t\t<\/div>\n\t\t\t\t\t<\/div>\n\t\t<\/div>\n\t\t\t\t\t<\/div>\n\t\t<\/section>\n\t\t\t\t<section data-particle_enable=\"false\" data-particle-mobile-disabled=\"false\" class=\"elementor-section elementor-inner-section elementor-element elementor-element-08f817d elementor-section-boxed elementor-section-height-default elementor-section-height-default elementor-invisible\" data-id=\"08f817d\" data-element_type=\"section\" data-e-type=\"section\" data-settings=\"{&quot;animation&quot;:&quot;fadeInUp&quot;}\">\n\t\t\t\t\t\t<div class=\"elementor-container elementor-column-gap-custom\">\n\t\t\t\t\t<div class=\"elementor-column elementor-col-33 elementor-inner-column elementor-element elementor-element-eb5476c\" data-id=\"eb5476c\" data-element_type=\"column\" data-e-type=\"column\" data-settings=\"{&quot;background_background&quot;:&quot;classic&quot;}\">\n\t\t\t<div class=\"elementor-widget-wrap elementor-element-populated\">\n\t\t\t\t\t\t<div class=\"elementor-element elementor-element-e079740 elementor-widget elementor-widget-image\" data-id=\"e079740\" data-element_type=\"widget\" data-e-type=\"widget\" data-widget_type=\"image.default\">\n\t\t\t\t<div class=\"elementor-widget-container\">\n\t\t\t\t\t\t\t\t\t\t\t\t\t\t\t<img decoding=\"async\" width=\"102\" height=\"143\" src=\"https:\/\/www.surepay.eu\/wp-content\/uploads\/2026\/02\/Location-icon-2.png\" class=\"attachment-large size-large wp-image-29859\" alt=\"\" \/>\t\t\t\t\t\t\t\t\t\t\t\t\t\t\t<\/div>\n\t\t\t\t<\/div>\n\t\t\t\t<div class=\"elementor-element elementor-element-02c7aa6 elementor-widget elementor-widget-text-editor\" data-id=\"02c7aa6\" data-element_type=\"widget\" data-e-type=\"widget\" data-widget_type=\"text-editor.default\">\n\t\t\t\t<div class=\"elementor-widget-container\">\n\t\t\t\t\t\t\t\t\t<h5>Bureau de Francfort-sur-le-Main<\/h5>\t\t\t\t\t\t\t\t<\/div>\n\t\t\t\t<\/div>\n\t\t\t\t<div class=\"elementor-element elementor-element-604f6b7 elementor-widget elementor-widget-text-editor\" data-id=\"604f6b7\" data-element_type=\"widget\" data-e-type=\"widget\" data-widget_type=\"text-editor.default\">\n\t\t\t\t<div class=\"elementor-widget-container\">\n\t\t\t\t\t\t\t\t\t<p>Platz der Einheit 2<br \/>60327 Frankfurt am Main<br \/><br \/><a href=\"https:\/\/www.google.com\/maps\/dir\/?api=1&amp;destination=Platz+der+Einheit+2,+60327+Frankfurt+am+Main\" target=\"_blank\" rel=\"noopener noreferrer\">Obtenir l\u2019itin\u00e9raire \u2197<br \/><\/a><\/p>\t\t\t\t\t\t\t\t<\/div>\n\t\t\t\t<\/div>\n\t\t\t\t\t<\/div>\n\t\t<\/div>\n\t\t\t\t<div class=\"elementor-column elementor-col-33 elementor-inner-column elementor-element elementor-element-b0aadb5\" data-id=\"b0aadb5\" data-element_type=\"column\" data-e-type=\"column\" data-settings=\"{&quot;background_background&quot;:&quot;classic&quot;}\">\n\t\t\t<div class=\"elementor-widget-wrap\">\n\t\t\t\t\t\t\t<\/div>\n\t\t<\/div>\n\t\t\t\t<div class=\"elementor-column elementor-col-33 elementor-inner-column elementor-element elementor-element-8207ea5\" data-id=\"8207ea5\" data-element_type=\"column\" data-e-type=\"column\" data-settings=\"{&quot;background_background&quot;:&quot;classic&quot;}\">\n\t\t\t<div class=\"elementor-widget-wrap\">\n\t\t\t\t\t\t\t<\/div>\n\t\t<\/div>\n\t\t\t\t\t<\/div>\n\t\t<\/section>\n\t\t\t\t\t<\/div>\n\t\t<\/div>\n\t\t\t\t\t<\/div>\n\t\t<\/section>\n\t\t\t\t<\/div>\n\t\t","protected":false},"excerpt":{"rendered":"<p>Contactez-nous Nous serions ravis d\u2019\u00e9changer avec vous Prenez contact avec nous Que vous ayez une question, besoin d\u2019assistance ou souhaitiez en savoir plus sur nos solutions, nous sommes l\u00e0 pour vous aider. Remplissez le formulaire et notre \u00e9quipe vous r\u00e9pondra rapidement. Nous sommes impatients d\u2019\u00e9changer avec vous et de voir comment nous pouvons vous accompagner. [&hellip;]<\/p>\n","protected":false},"author":4,"featured_media":0,"parent":0,"menu_order":0,"comment_status":"closed","ping_status":"closed","template":"","meta":{"_acf_changed":false,"content-type":"","inline_featured_image":false,"footnotes":""},"class_list":["post-34275","page","type-page","status-publish","hentry"],"acf":[],"yoast_head":"<!-- This site is optimized with the Yoast SEO plugin v27.4 - https:\/\/yoast.com\/product\/yoast-seo-wordpress\/ -->\n<title>Contact &#8226; SurePay<\/title>\n<meta name=\"robots\" content=\"index, follow, max-snippet:-1, max-image-preview:large, max-video-preview:-1\" \/>\n<link rel=\"canonical\" href=\"https:\/\/www.surepay.eu\/fr\/contact\/\" \/>\n<meta property=\"og:locale\" content=\"fr_FR\" \/>\n<meta property=\"og:type\" content=\"article\" \/>\n<meta property=\"og:title\" content=\"Contact &#8226; SurePay\" \/>\n<meta property=\"og:description\" content=\"Contactez-nous Nous serions ravis d\u2019\u00e9changer avec vous Prenez contact avec nous Que vous ayez une question, besoin d\u2019assistance ou souhaitiez en savoir plus sur nos solutions, nous sommes l\u00e0 pour vous aider. Remplissez le formulaire et notre \u00e9quipe vous r\u00e9pondra rapidement. Nous sommes impatients d\u2019\u00e9changer avec vous et de voir comment nous pouvons vous accompagner. [&hellip;]\" \/>\n<meta property=\"og:url\" content=\"https:\/\/www.surepay.eu\/fr\/contact\/\" \/>\n<meta property=\"og:site_name\" content=\"SurePay\" \/>\n<meta property=\"article:publisher\" content=\"https:\/\/m.facebook.com\/p\/SurePay-100071898237241\/\" \/>\n<meta property=\"article:modified_time\" content=\"2026-03-31T19:21:08+00:00\" \/>\n<meta property=\"og:image\" content=\"https:\/\/www.surepay.eu\/wp-content\/uploads\/2026\/02\/Location-icon-2.png\" \/>\n\t<meta property=\"og:image:width\" content=\"102\" \/>\n\t<meta property=\"og:image:height\" content=\"143\" \/>\n\t<meta property=\"og:image:type\" content=\"image\/png\" \/>\n<meta name=\"twitter:card\" content=\"summary_large_image\" \/>\n<meta name=\"twitter:site\" content=\"@SurePayNL\" \/>\n<meta name=\"twitter:label1\" content=\"Dur\u00e9e de lecture estim\u00e9e\" \/>\n\t<meta name=\"twitter:data1\" content=\"2 minutes\" \/>\n<script type=\"application\/ld+json\" class=\"yoast-schema-graph\">{\"@context\":\"https:\\\/\\\/schema.org\",\"@graph\":[{\"@type\":\"WebPage\",\"@id\":\"https:\\\/\\\/www.surepay.eu\\\/fr\\\/contact\\\/\",\"url\":\"https:\\\/\\\/www.surepay.eu\\\/fr\\\/contact\\\/\",\"name\":\"Contact &#8226; SurePay\",\"isPartOf\":{\"@id\":\"https:\\\/\\\/www.surepay.eu\\\/fr\\\/#website\"},\"primaryImageOfPage\":{\"@id\":\"https:\\\/\\\/www.surepay.eu\\\/fr\\\/contact\\\/#primaryimage\"},\"image\":{\"@id\":\"https:\\\/\\\/www.surepay.eu\\\/fr\\\/contact\\\/#primaryimage\"},\"thumbnailUrl\":\"https:\\\/\\\/www.surepay.eu\\\/wp-content\\\/uploads\\\/2026\\\/02\\\/Location-icon-2.png\",\"datePublished\":\"2026-03-30T14:41:03+00:00\",\"dateModified\":\"2026-03-31T19:21:08+00:00\",\"breadcrumb\":{\"@id\":\"https:\\\/\\\/www.surepay.eu\\\/fr\\\/contact\\\/#breadcrumb\"},\"inLanguage\":\"fr-FR\",\"potentialAction\":[{\"@type\":\"ReadAction\",\"target\":[\"https:\\\/\\\/www.surepay.eu\\\/fr\\\/contact\\\/\"]}]},{\"@type\":\"ImageObject\",\"inLanguage\":\"fr-FR\",\"@id\":\"https:\\\/\\\/www.surepay.eu\\\/fr\\\/contact\\\/#primaryimage\",\"url\":\"https:\\\/\\\/www.surepay.eu\\\/wp-content\\\/uploads\\\/2026\\\/02\\\/Location-icon-2.png\",\"contentUrl\":\"https:\\\/\\\/www.surepay.eu\\\/wp-content\\\/uploads\\\/2026\\\/02\\\/Location-icon-2.png\"},{\"@type\":\"BreadcrumbList\",\"@id\":\"https:\\\/\\\/www.surepay.eu\\\/fr\\\/contact\\\/#breadcrumb\",\"itemListElement\":[{\"@type\":\"ListItem\",\"position\":1,\"name\":\"Home\",\"item\":\"https:\\\/\\\/www.surepay.eu\\\/fr\\\/\"},{\"@type\":\"ListItem\",\"position\":2,\"name\":\"Contact\"}]},{\"@type\":\"WebSite\",\"@id\":\"https:\\\/\\\/www.surepay.eu\\\/fr\\\/#website\",\"url\":\"https:\\\/\\\/www.surepay.eu\\\/fr\\\/\",\"name\":\"SurePay\",\"description\":\"SurePay - maakt betalen persoonlijker en nog veiliger\",\"publisher\":{\"@id\":\"https:\\\/\\\/www.surepay.eu\\\/fr\\\/#organization\"},\"potentialAction\":[{\"@type\":\"SearchAction\",\"target\":{\"@type\":\"EntryPoint\",\"urlTemplate\":\"https:\\\/\\\/www.surepay.eu\\\/fr\\\/?s={search_term_string}\"},\"query-input\":{\"@type\":\"PropertyValueSpecification\",\"valueRequired\":true,\"valueName\":\"search_term_string\"}}],\"inLanguage\":\"fr-FR\"},{\"@type\":\"Organization\",\"@id\":\"https:\\\/\\\/www.surepay.eu\\\/fr\\\/#organization\",\"name\":\"SurePay\",\"url\":\"https:\\\/\\\/www.surepay.eu\\\/fr\\\/\",\"logo\":{\"@type\":\"ImageObject\",\"inLanguage\":\"fr-FR\",\"@id\":\"https:\\\/\\\/www.surepay.eu\\\/fr\\\/#\\\/schema\\\/logo\\\/image\\\/\",\"url\":\"https:\\\/\\\/www.surepay.eu\\\/wp-content\\\/uploads\\\/2023\\\/08\\\/surepay_logo.png\",\"contentUrl\":\"https:\\\/\\\/www.surepay.eu\\\/wp-content\\\/uploads\\\/2023\\\/08\\\/surepay_logo.png\",\"width\":896,\"height\":184,\"caption\":\"SurePay\"},\"image\":{\"@id\":\"https:\\\/\\\/www.surepay.eu\\\/fr\\\/#\\\/schema\\\/logo\\\/image\\\/\"},\"sameAs\":[\"https:\\\/\\\/m.facebook.com\\\/p\\\/SurePay-100071898237241\\\/\",\"https:\\\/\\\/x.com\\\/SurePayNL\",\"https:\\\/\\\/nl.linkedin.com\\\/company\\\/surepaynl\",\"https:\\\/\\\/www.instagram.com\\\/surepay_nl\\\/\"]}]}<\/script>\n<!-- \/ Yoast SEO plugin. -->","yoast_head_json":{"title":"Contact &#8226; SurePay","robots":{"index":"index","follow":"follow","max-snippet":"max-snippet:-1","max-image-preview":"max-image-preview:large","max-video-preview":"max-video-preview:-1"},"canonical":"https:\/\/www.surepay.eu\/fr\/contact\/","og_locale":"fr_FR","og_type":"article","og_title":"Contact &#8226; SurePay","og_description":"Contactez-nous Nous serions ravis d\u2019\u00e9changer avec vous Prenez contact avec nous Que vous ayez une question, besoin d\u2019assistance ou souhaitiez en savoir plus sur nos solutions, nous sommes l\u00e0 pour vous aider. Remplissez le formulaire et notre \u00e9quipe vous r\u00e9pondra rapidement. Nous sommes impatients d\u2019\u00e9changer avec vous et de voir comment nous pouvons vous accompagner. [&hellip;]","og_url":"https:\/\/www.surepay.eu\/fr\/contact\/","og_site_name":"SurePay","article_publisher":"https:\/\/m.facebook.com\/p\/SurePay-100071898237241\/","article_modified_time":"2026-03-31T19:21:08+00:00","og_image":[{"width":102,"height":143,"url":"https:\/\/www.surepay.eu\/wp-content\/uploads\/2026\/02\/Location-icon-2.png","type":"image\/png"}],"twitter_card":"summary_large_image","twitter_site":"@SurePayNL","twitter_misc":{"Dur\u00e9e de lecture estim\u00e9e":"2 minutes"},"schema":{"@context":"https:\/\/schema.org","@graph":[{"@type":"WebPage","@id":"https:\/\/www.surepay.eu\/fr\/contact\/","url":"https:\/\/www.surepay.eu\/fr\/contact\/","name":"Contact &#8226; SurePay","isPartOf":{"@id":"https:\/\/www.surepay.eu\/fr\/#website"},"primaryImageOfPage":{"@id":"https:\/\/www.surepay.eu\/fr\/contact\/#primaryimage"},"image":{"@id":"https:\/\/www.surepay.eu\/fr\/contact\/#primaryimage"},"thumbnailUrl":"https:\/\/www.surepay.eu\/wp-content\/uploads\/2026\/02\/Location-icon-2.png","datePublished":"2026-03-30T14:41:03+00:00","dateModified":"2026-03-31T19:21:08+00:00","breadcrumb":{"@id":"https:\/\/www.surepay.eu\/fr\/contact\/#breadcrumb"},"inLanguage":"fr-FR","potentialAction":[{"@type":"ReadAction","target":["https:\/\/www.surepay.eu\/fr\/contact\/"]}]},{"@type":"ImageObject","inLanguage":"fr-FR","@id":"https:\/\/www.surepay.eu\/fr\/contact\/#primaryimage","url":"https:\/\/www.surepay.eu\/wp-content\/uploads\/2026\/02\/Location-icon-2.png","contentUrl":"https:\/\/www.surepay.eu\/wp-content\/uploads\/2026\/02\/Location-icon-2.png"},{"@type":"BreadcrumbList","@id":"https:\/\/www.surepay.eu\/fr\/contact\/#breadcrumb","itemListElement":[{"@type":"ListItem","position":1,"name":"Home","item":"https:\/\/www.surepay.eu\/fr\/"},{"@type":"ListItem","position":2,"name":"Contact"}]},{"@type":"WebSite","@id":"https:\/\/www.surepay.eu\/fr\/#website","url":"https:\/\/www.surepay.eu\/fr\/","name":"SurePay","description":"SurePay - maakt betalen persoonlijker en nog veiliger","publisher":{"@id":"https:\/\/www.surepay.eu\/fr\/#organization"},"potentialAction":[{"@type":"SearchAction","target":{"@type":"EntryPoint","urlTemplate":"https:\/\/www.surepay.eu\/fr\/?s={search_term_string}"},"query-input":{"@type":"PropertyValueSpecification","valueRequired":true,"valueName":"search_term_string"}}],"inLanguage":"fr-FR"},{"@type":"Organization","@id":"https:\/\/www.surepay.eu\/fr\/#organization","name":"SurePay","url":"https:\/\/www.surepay.eu\/fr\/","logo":{"@type":"ImageObject","inLanguage":"fr-FR","@id":"https:\/\/www.surepay.eu\/fr\/#\/schema\/logo\/image\/","url":"https:\/\/www.surepay.eu\/wp-content\/uploads\/2023\/08\/surepay_logo.png","contentUrl":"https:\/\/www.surepay.eu\/wp-content\/uploads\/2023\/08\/surepay_logo.png","width":896,"height":184,"caption":"SurePay"},"image":{"@id":"https:\/\/www.surepay.eu\/fr\/#\/schema\/logo\/image\/"},"sameAs":["https:\/\/m.facebook.com\/p\/SurePay-100071898237241\/","https:\/\/x.com\/SurePayNL","https:\/\/nl.linkedin.com\/company\/surepaynl","https:\/\/www.instagram.com\/surepay_nl\/"]}]}},"_links":{"self":[{"href":"https:\/\/www.surepay.eu\/fr\/wp-json\/wp\/v2\/pages\/34275","targetHints":{"allow":["GET"]}}],"collection":[{"href":"https:\/\/www.surepay.eu\/fr\/wp-json\/wp\/v2\/pages"}],"about":[{"href":"https:\/\/www.surepay.eu\/fr\/wp-json\/wp\/v2\/types\/page"}],"author":[{"embeddable":true,"href":"https:\/\/www.surepay.eu\/fr\/wp-json\/wp\/v2\/users\/4"}],"replies":[{"embeddable":true,"href":"https:\/\/www.surepay.eu\/fr\/wp-json\/wp\/v2\/comments?post=34275"}],"version-history":[{"count":10,"href":"https:\/\/www.surepay.eu\/fr\/wp-json\/wp\/v2\/pages\/34275\/revisions"}],"predecessor-version":[{"id":34421,"href":"https:\/\/www.surepay.eu\/fr\/wp-json\/wp\/v2\/pages\/34275\/revisions\/34421"}],"wp:attachment":[{"href":"https:\/\/www.surepay.eu\/fr\/wp-json\/wp\/v2\/media?parent=34275"}],"curies":[{"name":"wp","href":"https:\/\/api.w.org\/{rel}","templated":true}]}}